{"id":392363,"date":"2025-09-16T11:28:04","date_gmt":"2025-09-16T09:28:04","guid":{"rendered":"https:\/\/ab-marineservice.com\/product\/volvo-penta-impellersatz-22307636\/"},"modified":"2026-03-30T16:46:13","modified_gmt":"2026-03-30T14:46:13","slug":"volvo-penta-impellersatz-22307636","status":"publish","type":"product","link":"https:\/\/ab-marineservice.com\/de\/produkt\/volvo-penta-impellersatz-22307636\/","title":{"rendered":"Volvo Penta Impeller-Kit f\u00fcr Seewasserpumpe &#8211; 22307636"},"content":{"rendered":"<p><strong>Geeignet f\u00fcr:<\/strong><br \/>\nVolvo Penta 3.0GLP<br \/>\nVolvo Penta 3.0GXi<br \/>\nVolvo Penta 4.3Gi<br \/>\nVolvo Penta 4.3GL<br \/>\nVolvo Penta 4.3GXi<br \/>\nVolvo Penta 4.3OSi<br \/>\nVolvo Penta 5.0Gi<br \/>\nVolvo Penta 5.0GL<br \/>\nVolvo Penta 5.0GXi<br \/>\nVolvo Penta 5.0OSi<br \/>\nVolvo Penta 5.7Gi<br \/>\nVolvo Penta 5.7GXi<br \/>\nVolvo Penta 5.7OSi<br \/>\nVolvo Penta 5.7OSXi<br \/>\nVolvo Penta 8.1Gi<br \/>\nVolvo Penta 8.1GXi<br \/>\nVolvo Penta 8.1IPS<br \/>\nVolvo Penta 8.1OSi<br \/>\nVolvo Penta V6-200<br \/>\nVolvo Penta V6-225<br \/>\nVolvo Penta V8-225<br \/>\nVolvo Penta V8-270<br \/>\nVolvo Penta V8-300<br \/>\nVolvo Penta V8-320<br \/>\nVolvo Penta V8-380<\/p>\n","protected":false},"excerpt":{"rendered":"<p>Volvo Penta Impeller-Kit 22307636 ist ein originaler Impeller f\u00fcr die Seewasserpumpe verschiedener Volvo Penta Motoren. Dieser Impeller pumpt Au\u00dfenwasser durch das K\u00fchlsystem, um den Motor auf der richtigen Betriebstemperatur zu halten und \u00dcberhitzung zu verhindern. Wenn der Impeller abgenutzt oder besch\u00e4digt ist, kann der Wasserfluss abnehmen, was zu h\u00f6heren Motortemperaturen und m\u00f6glichen Motorsch\u00e4den f\u00fchren kann.<\/p>\n<h4>Hauptmerkmale und Vorteile:<\/h4>\n<p><strong>Effiziente K\u00fchlwasserversorgung:<\/strong> Sorgt f\u00fcr eine konstante Zirkulation von Au\u00dfenwasser, um \u00dcberhitzung des Motors zu verhindern.<br \/>\n<strong>OEM-Qualit\u00e4t:<\/strong> Original Volvo Penta Teil f\u00fcr perfekte Passform und zuverl\u00e4ssige Leistung.<br \/>\n<strong>Essentielles Teil:<\/strong> Unverzichtbar f\u00fcr ein gut funktionierendes K\u00fchlsystem und Motorschutz.<br \/>\n<strong>Zuverl\u00e4ssige Leistung:<\/strong> Entwickelt f\u00fcr Langlebigkeit unter maritimen Bedingungen.<\/p>\n","protected":false},"featured_media":401792,"comment_status":"open","ping_status":"closed","template":"","meta":[],"location":[28168],"product_brand":[25895],"product_cat":[1222,22116,2161,25254],"product_tag":[],"class_list":{"0":"post-392363","1":"product","2":"type-product","3":"status-publish","4":"has-post-thumbnail","6":"location-middelzee-motoren","7":"product_brand-volvo-penta","8":"product_cat-motorteile","9":"product_cat-teile-nach-marke","10":"product_cat-motorenteile-volvo-penta","11":"product_cat-weitere-volvo-penta-teile","12":"product_shipping_class-paket-0-10-kg","14":"first","15":"instock","16":"sale","17":"taxable","18":"shipping-taxable","19":"purchasable","20":"product-type-simple"},"group_of_quantity":0,"min_quantity":0,"max_quantity":"","exclude_order_quantity_value_rules":"no","exclude_category_quantity_rules":"no","combine_variations":"no","locations":[{"id":28168,"name":"Middelzee motoren","slug":"middelzee-motoren","quantity":""}],"_links":{"self":[{"href":"https:\/\/ab-marineservice.com\/de\/wp-json\/wp\/v2\/product\/392363","targetHints":{"allow":["GET"]}}],"collection":[{"href":"https:\/\/ab-marineservice.com\/de\/wp-json\/wp\/v2\/product"}],"about":[{"href":"https:\/\/ab-marineservice.com\/de\/wp-json\/wp\/v2\/types\/product"}],"replies":[{"embeddable":true,"href":"https:\/\/ab-marineservice.com\/de\/wp-json\/wp\/v2\/comments?post=392363"}],"wp:featuredmedia":[{"embeddable":true,"href":"https:\/\/ab-marineservice.com\/de\/wp-json\/wp\/v2\/media\/401792"}],"wp:attachment":[{"href":"https:\/\/ab-marineservice.com\/de\/wp-json\/wp\/v2\/media?parent=392363"}],"wp:term":[{"taxonomy":"location","embeddable":true,"href":"https:\/\/ab-marineservice.com\/de\/wp-json\/wp\/v2\/location?post=392363"},{"taxonomy":"product_brand","embeddable":true,"href":"https:\/\/ab-marineservice.com\/de\/wp-json\/wp\/v2\/product_brand?post=392363"},{"taxonomy":"product_cat","embeddable":true,"href":"https:\/\/ab-marineservice.com\/de\/wp-json\/wp\/v2\/product_cat?post=392363"},{"taxonomy":"product_tag","embeddable":true,"href":"https:\/\/ab-marineservice.com\/de\/wp-json\/wp\/v2\/product_tag?post=392363"}],"curies":[{"name":"wp","href":"https:\/\/api.w.org\/{rel}","templated":true}]}}