{"id":392365,"date":"2025-09-16T11:28:04","date_gmt":"2025-09-16T09:28:04","guid":{"rendered":"https:\/\/ab-marineservice.com\/product\/volvo-penta-impellersatz-24139375\/"},"modified":"2026-03-30T13:21:41","modified_gmt":"2026-03-30T11:21:41","slug":"volvo-penta-impellersatz-24139375","status":"publish","type":"product","link":"https:\/\/ab-marineservice.com\/de\/produkt\/volvo-penta-impellersatz-24139375\/","title":{"rendered":"Volvo Penta Impeller-Kit K\u00fchlwasserpumpe &#8211; 24139375"},"content":{"rendered":"<p><strong>Geeignet f\u00fcr:<\/strong><br \/>\nVolvo Penta AD30<br \/>\nVolvo Penta AD31<br \/>\nVolvo Penta AD41<br \/>\nVolvo Penta AQAD30<br \/>\nVolvo Penta D4<br \/>\nVolvo Penta MD30<br \/>\nVolvo Penta MD31<br \/>\nVolvo Penta TAMD30<br \/>\nVolvo Penta TAMD31<br \/>\nVolvo Penta TAMD40<br \/>\nVolvo Penta TAMD41<br \/>\nVolvo Penta TMD30<br \/>\nVolvo Penta TMD31<br \/>\nVolvo Penta TMD41<\/p>\n","protected":false},"excerpt":{"rendered":"<p>Volvo Penta Impeller-Kit 24139375 ist ein originaler Impeller f\u00fcr die K\u00fchlwasserpumpe verschiedener Volvo Penta Dieselmotoren. Dieser Impeller ersetzt das \u00e4ltere Teil 21951366 und sorgt f\u00fcr eine effiziente Ansaugung und Zirkulation des K\u00fchlwassers durch das K\u00fchlsystem. Dadurch bleibt der Motor auf der richtigen Betriebstemperatur und eine \u00dcberhitzung wird verhindert. Wenn der Impeller abgenutzt ist, verringert sich der Wasserfluss, was zu h\u00f6heren Motortemperaturen und potenziellen Motorsch\u00e4den f\u00fchren kann.<\/p>\n<h4>Hauptmerkmale und Vorteile:<\/h4>\n<p><strong>Effiziente Wasserzirkulation:<\/strong> Ansaugung von K\u00fchlwasser f\u00fcr stabile Motortemperatur.<br \/>\n<strong>Original Volvo Penta Teil:<\/strong> OEM-Qualit\u00e4t f\u00fcr perfekte Passform und zuverl\u00e4ssigen Betrieb.<br \/>\n<strong>Direkter Ersatz:<\/strong> Geeignet zum Ersetzen des Teils 21951366.<br \/>\n<strong>Erh\u00f6ht die Motorzuverl\u00e4ssigkeit:<\/strong> Hilft, \u00dcberhitzung und unn\u00f6tigen Verschlei\u00df zu vermeiden.<\/p>\n<p><strong>Teile:<\/strong><br \/>\nWasserfestes Fett: <a href=\"https:\/\/ab-marineservice.com\/de\/produkt\/volvo-penta-wasserbestandiges-fett-25-gramm-828250\/\">828250<\/a><br \/>\nImpeller: 825941<br \/>\nO-Ring: 3581618<br \/>\nDichtung: 861199<\/p>\n","protected":false},"featured_media":401795,"comment_status":"open","ping_status":"closed","template":"","meta":[],"location":[28168],"product_brand":[25895],"product_cat":[1222,22116,2161,25254],"product_tag":[],"class_list":{"0":"post-392365","1":"product","2":"type-product","3":"status-publish","4":"has-post-thumbnail","6":"location-middelzee-motoren","7":"product_brand-volvo-penta","8":"product_cat-motorteile","9":"product_cat-teile-nach-marke","10":"product_cat-motorenteile-volvo-penta","11":"product_cat-weitere-volvo-penta-teile","12":"product_shipping_class-paket-0-10-kg","14":"first","15":"instock","16":"sale","17":"taxable","18":"shipping-taxable","19":"purchasable","20":"product-type-simple"},"group_of_quantity":0,"min_quantity":0,"max_quantity":"","exclude_order_quantity_value_rules":"no","exclude_category_quantity_rules":"no","combine_variations":"no","locations":[{"id":28168,"name":"Middelzee motoren","slug":"middelzee-motoren","quantity":""}],"_links":{"self":[{"href":"https:\/\/ab-marineservice.com\/de\/wp-json\/wp\/v2\/product\/392365","targetHints":{"allow":["GET"]}}],"collection":[{"href":"https:\/\/ab-marineservice.com\/de\/wp-json\/wp\/v2\/product"}],"about":[{"href":"https:\/\/ab-marineservice.com\/de\/wp-json\/wp\/v2\/types\/product"}],"replies":[{"embeddable":true,"href":"https:\/\/ab-marineservice.com\/de\/wp-json\/wp\/v2\/comments?post=392365"}],"wp:featuredmedia":[{"embeddable":true,"href":"https:\/\/ab-marineservice.com\/de\/wp-json\/wp\/v2\/media\/401795"}],"wp:attachment":[{"href":"https:\/\/ab-marineservice.com\/de\/wp-json\/wp\/v2\/media?parent=392365"}],"wp:term":[{"taxonomy":"location","embeddable":true,"href":"https:\/\/ab-marineservice.com\/de\/wp-json\/wp\/v2\/location?post=392365"},{"taxonomy":"product_brand","embeddable":true,"href":"https:\/\/ab-marineservice.com\/de\/wp-json\/wp\/v2\/product_brand?post=392365"},{"taxonomy":"product_cat","embeddable":true,"href":"https:\/\/ab-marineservice.com\/de\/wp-json\/wp\/v2\/product_cat?post=392365"},{"taxonomy":"product_tag","embeddable":true,"href":"https:\/\/ab-marineservice.com\/de\/wp-json\/wp\/v2\/product_tag?post=392365"}],"curies":[{"name":"wp","href":"https:\/\/api.w.org\/{rel}","templated":true}]}}