{"id":392372,"date":"2025-09-16T11:28:52","date_gmt":"2025-09-16T09:28:52","guid":{"rendered":"https:\/\/ab-marineservice.com\/product\/volvo-penta-ansaugschalldaempfer-3809924\/"},"modified":"2026-05-02T11:30:51","modified_gmt":"2026-05-02T09:30:51","slug":"volvo-penta-ansaugschalldaempfer-3809924","status":"publish","type":"product","link":"https:\/\/ab-marineservice.com\/de\/produkt\/volvo-penta-ansaugschalldaempfer-3809924\/","title":{"rendered":"Volvo Penta D1, D2 Ansaugger\u00e4uschd\u00e4mpfer f\u00fcr Lufteinlass &#8211; 3809924"},"content":{"rendered":"<p><strong><\/p>\n<p>Geeignet f\u00fcr:<br \/><\/strong><br \/>\nVolvo Penta D2-40<br \/>\nVolvo Penta D1-30<br \/>\nVolvo Penta D1-20<br \/>\nVolvo Penta D1-13<\/p>\n","protected":false},"excerpt":{"rendered":"<p>Volvo Penta Ansaugger\u00e4uschd\u00e4mpfer f\u00fcr Lufteinlass, geeignet f\u00fcr D1- und D2-Motoren. Originalteil mit Artikelnummer 3809924, reduziert Ansaugger\u00e4usche und sorgt f\u00fcr einen ruhigeren und komfortableren Motorbetrieb.<\/p>\n","protected":false},"featured_media":396537,"comment_status":"open","ping_status":"closed","template":"","meta":[],"location":[28168],"product_brand":[25895],"product_cat":[1222,22116,2161,25254],"product_tag":[],"class_list":{"0":"post-392372","1":"product","2":"type-product","3":"status-publish","4":"has-post-thumbnail","6":"location-middelzee-motoren","7":"product_brand-volvo-penta","8":"product_cat-motorteile","9":"product_cat-teile-nach-marke","10":"product_cat-motorenteile-volvo-penta","11":"product_cat-weitere-volvo-penta-teile","12":"product_shipping_class-paket-0-10-kg","14":"first","15":"instock","16":"sale","17":"taxable","18":"shipping-taxable","19":"purchasable","20":"product-type-simple"},"group_of_quantity":0,"min_quantity":0,"max_quantity":"","exclude_order_quantity_value_rules":"no","exclude_category_quantity_rules":"no","combine_variations":"no","locations":[{"id":28168,"name":"Middelzee motoren","slug":"middelzee-motoren","quantity":""}],"_links":{"self":[{"href":"https:\/\/ab-marineservice.com\/de\/wp-json\/wp\/v2\/product\/392372","targetHints":{"allow":["GET"]}}],"collection":[{"href":"https:\/\/ab-marineservice.com\/de\/wp-json\/wp\/v2\/product"}],"about":[{"href":"https:\/\/ab-marineservice.com\/de\/wp-json\/wp\/v2\/types\/product"}],"replies":[{"embeddable":true,"href":"https:\/\/ab-marineservice.com\/de\/wp-json\/wp\/v2\/comments?post=392372"}],"wp:featuredmedia":[{"embeddable":true,"href":"https:\/\/ab-marineservice.com\/de\/wp-json\/wp\/v2\/media\/396537"}],"wp:attachment":[{"href":"https:\/\/ab-marineservice.com\/de\/wp-json\/wp\/v2\/media?parent=392372"}],"wp:term":[{"taxonomy":"location","embeddable":true,"href":"https:\/\/ab-marineservice.com\/de\/wp-json\/wp\/v2\/location?post=392372"},{"taxonomy":"product_brand","embeddable":true,"href":"https:\/\/ab-marineservice.com\/de\/wp-json\/wp\/v2\/product_brand?post=392372"},{"taxonomy":"product_cat","embeddable":true,"href":"https:\/\/ab-marineservice.com\/de\/wp-json\/wp\/v2\/product_cat?post=392372"},{"taxonomy":"product_tag","embeddable":true,"href":"https:\/\/ab-marineservice.com\/de\/wp-json\/wp\/v2\/product_tag?post=392372"}],"curies":[{"name":"wp","href":"https:\/\/api.w.org\/{rel}","templated":true}]}}