{"id":392387,"date":"2025-09-16T11:29:43","date_gmt":"2025-09-16T09:29:43","guid":{"rendered":"https:\/\/ab-marineservice.com\/product\/volvo-penta-instrumententafel-860182\/"},"modified":"2026-03-06T11:37:37","modified_gmt":"2026-03-06T10:37:37","slug":"volvo-penta-instrumententafel-860182","status":"publish","type":"product","link":"https:\/\/ab-marineservice.com\/de\/produkt\/volvo-penta-instrumententafel-860182\/","title":{"rendered":"Volvo Penta Instrumententafel &#8211; 860182"},"content":{"rendered":"<p><strong>Geeignet f\u00fcr:<\/strong><br \/>\nVolvo Penta 2002<br \/>\nVolvo Penta 2003<br \/>\nVolvo Penta AD30<br \/>\nVolvo Penta AD31<br \/>\nVolvo Penta AD40<br \/>\nVolvo Penta AD41<br \/>\nVolvo Penta AQAD30<br \/>\nVolvo Penta AQAD40<br \/>\nVolvo Penta AQD40<br \/>\nVolvo Penta D12<br \/>\nVolvo Penta D2<br \/>\nVolvo Penta D41<br \/>\nVolvo Penta D5A<br \/>\nVolvo Penta D7A<br \/>\nVolvo Penta KAD42<br \/>\nVolvo Penta KAMD42<br \/>\nVolvo Penta MD2010<br \/>\nVolvo Penta MD22<br \/>\nVolvo Penta MD30<br \/>\nVolvo Penta MD31<br \/>\nVolvo Penta MD40<br \/>\nVolvo Penta TAMD121<br \/>\nVolvo Penta TAMD122<br \/>\nVolvo Penta TAMD162<br \/>\nVolvo Penta TAMD30<br \/>\nVolvo Penta TAMD31<br \/>\nVolvo Penta TAMD40<br \/>\nVolvo Penta TAMD41<br \/>\nVolvo Penta TAMD42<br \/>\nVolvo Penta TAMD60<br \/>\nVolvo Penta TAMD70<br \/>\nVolvo Penta TMD100<br \/>\nVolvo Penta TMD120<br \/>\nVolvo Penta TMD22<br \/>\nVolvo Penta TMD30<br \/>\nVolvo Penta TMD31<br \/>\nVolvo Penta TMD40<br \/>\nVolvo Penta TAD1030<br \/>\nVolvo Penta TAD1230<br \/>\nVolvo Penta TAD730<br \/>\nVolvo Penta TD100<br \/>\nVolvo Penta TD120<br \/>\nVolvo Penta TD121<br \/>\nVolvo Penta TD60<br \/>\nVolvo Penta TD70<br \/>\nVolvo Penta TD71<br \/>\nVolvo Penta TID100<br \/>\nVolvo Penta TID120<br \/>\nVolvo Penta TWD1030<br \/>\nVolvo Penta TWD1210<br \/>\nVolvo Penta TWD710<br \/>\nVolvo Penta TWD740<\/p>\n","protected":false},"excerpt":{"rendered":"<p>Volvo Penta Instrumentenpanel &#8211; 860182, entwickelt f\u00fcr das einfache Ablesen von Motorparametern in Volvo Penta Motoren. Dieses Instrumentenpanel bietet eine klare und zuverl\u00e4ssige Anzeige wichtiger Daten wie Geschwindigkeit, Temperatur und \u00d6ldruck und ist entscheidend f\u00fcr den effizienten Betrieb des Motors.<\/p>\n","protected":false},"featured_media":0,"comment_status":"open","ping_status":"closed","template":"","meta":[],"location":[28168],"product_brand":[],"product_cat":[1222,22116,2161,25254],"product_tag":[],"class_list":{"0":"post-392387","1":"product","2":"type-product","3":"status-publish","5":"location-middelzee-motoren","6":"product_cat-motorteile","7":"product_cat-teile-nach-marke","8":"product_cat-motorenteile-volvo-penta","9":"product_cat-weitere-volvo-penta-teile","10":"product_shipping_class-paket-0-10-kg","12":"first","13":"instock","14":"sale","15":"taxable","16":"shipping-taxable","17":"purchasable","18":"product-type-simple"},"group_of_quantity":0,"min_quantity":0,"max_quantity":"","exclude_order_quantity_value_rules":"no","exclude_category_quantity_rules":"no","combine_variations":"no","locations":[{"id":28168,"name":"Middelzee motoren","slug":"middelzee-motoren","quantity":""}],"_links":{"self":[{"href":"https:\/\/ab-marineservice.com\/de\/wp-json\/wp\/v2\/product\/392387","targetHints":{"allow":["GET"]}}],"collection":[{"href":"https:\/\/ab-marineservice.com\/de\/wp-json\/wp\/v2\/product"}],"about":[{"href":"https:\/\/ab-marineservice.com\/de\/wp-json\/wp\/v2\/types\/product"}],"replies":[{"embeddable":true,"href":"https:\/\/ab-marineservice.com\/de\/wp-json\/wp\/v2\/comments?post=392387"}],"wp:attachment":[{"href":"https:\/\/ab-marineservice.com\/de\/wp-json\/wp\/v2\/media?parent=392387"}],"wp:term":[{"taxonomy":"location","embeddable":true,"href":"https:\/\/ab-marineservice.com\/de\/wp-json\/wp\/v2\/location?post=392387"},{"taxonomy":"product_brand","embeddable":true,"href":"https:\/\/ab-marineservice.com\/de\/wp-json\/wp\/v2\/product_brand?post=392387"},{"taxonomy":"product_cat","embeddable":true,"href":"https:\/\/ab-marineservice.com\/de\/wp-json\/wp\/v2\/product_cat?post=392387"},{"taxonomy":"product_tag","embeddable":true,"href":"https:\/\/ab-marineservice.com\/de\/wp-json\/wp\/v2\/product_tag?post=392387"}],"curies":[{"name":"wp","href":"https:\/\/api.w.org\/{rel}","templated":true}]}}