{"id":392462,"date":"2025-09-16T11:36:52","date_gmt":"2025-09-16T09:36:52","guid":{"rendered":"https:\/\/ab-marineservice.com\/product\/volvo-penta-magnesiumanodensatz-876603\/"},"modified":"2026-05-02T11:35:21","modified_gmt":"2026-05-02T09:35:21","slug":"volvo-penta-magnesiumanodensatz-876603","status":"publish","type":"product","link":"https:\/\/ab-marineservice.com\/de\/produkt\/volvo-penta-magnesiumanodensatz-876603\/","title":{"rendered":"Volvo Penta Anodenset f\u00fcr unteres Getriebegeh\u00e4use, Magnesium \u2013 876603"},"content":{"rendered":"<p><strong>Produktinfo:<\/strong><br \/>\nAnoden m\u00fcssen geopfert werden, um das Antriebssystem und den Propeller vor galvanischer Korrosion zu sch\u00fctzen. Volvo Penta Anoden sind getestet und speziell f\u00fcr Volvo Penta Antriebe und Propeller hergestellt.<br \/>\nNachfolgend finden Sie unsere allgemeinen Empfehlungen f\u00fcr die Auswahl der richtigen Anode f\u00fcr den Gew\u00e4ssertyp, in dem das Boot verwendet wird:<br \/>\nSalzwasser \u2013 Aluminium<br \/>\nBrackwasser \u2013 Aluminium<br \/>\nS\u00fc\u00dfwasser \u2013 Magnesium<\/p>\n<p><strong>Geeignet f\u00fcr:<\/strong><br \/>\nVolvo Penta AQD21<br \/>\nVolvo Penta MD11<br \/>\nVolvo Penta MD17<br \/>\nVolvo Penta MD21<br \/>\nVolvo Penta MD5<br \/>\nVolvo Penta MD6<br \/>\nVolvo Penta MD7<br \/>\nVolvo Penta AQ115<br \/>\nVolvo Penta AQ130<br \/>\nVolvo Penta AQ165<br \/>\nVolvo Penta AQ170<br \/>\nVolvo Penta B20<br \/>\nVolvo Penta BB115<br \/>\nVolvo Penta BB165<br \/>\nVolvo Penta BB170<br \/>\nVolvo Penta MB20<\/p>\n","protected":false},"excerpt":{"rendered":"<p>Volvo Penta Anoden-Kit f\u00fcr unteres Getriebegeh\u00e4use 876603 ist eine Magnesiumanode, die speziell zum Schutz des 110S Saildrive in S\u00fc\u00dfwasserumgebungen entwickelt wurde. Diese Opferanode verhindert galvanische Korrosion an der Schwanz- und Propellerwelle des Motors, indem sie sich langsam aufl\u00f6st. Der Einsatz dieser Anode tr\u00e4gt zur Haltbarkeit des Antriebs bei und verhindert Sch\u00e4den an den Metallteilen des Motors.<\/p>\n<h4>Wichtigste Merkmale und Vorteile:<\/h4>\n<p><strong>Sch\u00fctzt vor galvanischer Korrosion:<\/strong> Verhindert Sch\u00e4den am Antrieb und Propeller durch Korrosion.<br \/>\n<strong>Magnesium f\u00fcr S\u00fc\u00dfwasser:<\/strong> Speziell f\u00fcr den Einsatz in S\u00fc\u00dfwasserumgebungen optimiert.<br \/>\n<strong>Essentiell f\u00fcr Saildrive 110S:<\/strong> Verbessert die Lebensdauer des Motors, indem Korrosion verhindert wird.<br \/>\n<strong>Opferanode:<\/strong> L\u00f6st sich langsam auf und bietet langanhaltenden Schutz.<\/p>\n","protected":false},"featured_media":415252,"comment_status":"open","ping_status":"closed","template":"","meta":[],"location":[],"product_brand":[25895],"product_cat":[1222,22116,2161,25456],"product_tag":[],"class_list":{"0":"post-392462","1":"product","2":"type-product","3":"status-publish","4":"has-post-thumbnail","6":"product_brand-volvo-penta","7":"product_cat-motorteile","8":"product_cat-teile-nach-marke","9":"product_cat-motorenteile-volvo-penta","10":"product_cat-volvo-penta-anoden","11":"product_shipping_class-paket-0-10-kg","13":"first","14":"instock","15":"sale","16":"taxable","17":"shipping-taxable","18":"purchasable","19":"product-type-simple"},"group_of_quantity":0,"min_quantity":0,"max_quantity":"","exclude_order_quantity_value_rules":"no","exclude_category_quantity_rules":"no","combine_variations":"no","locations":[{"id":28168,"name":"Middelzee motoren","slug":"middelzee-motoren","quantity":""}],"_links":{"self":[{"href":"https:\/\/ab-marineservice.com\/de\/wp-json\/wp\/v2\/product\/392462","targetHints":{"allow":["GET"]}}],"collection":[{"href":"https:\/\/ab-marineservice.com\/de\/wp-json\/wp\/v2\/product"}],"about":[{"href":"https:\/\/ab-marineservice.com\/de\/wp-json\/wp\/v2\/types\/product"}],"replies":[{"embeddable":true,"href":"https:\/\/ab-marineservice.com\/de\/wp-json\/wp\/v2\/comments?post=392462"}],"wp:featuredmedia":[{"embeddable":true,"href":"https:\/\/ab-marineservice.com\/de\/wp-json\/wp\/v2\/media\/415252"}],"wp:attachment":[{"href":"https:\/\/ab-marineservice.com\/de\/wp-json\/wp\/v2\/media?parent=392462"}],"wp:term":[{"taxonomy":"location","embeddable":true,"href":"https:\/\/ab-marineservice.com\/de\/wp-json\/wp\/v2\/location?post=392462"},{"taxonomy":"product_brand","embeddable":true,"href":"https:\/\/ab-marineservice.com\/de\/wp-json\/wp\/v2\/product_brand?post=392462"},{"taxonomy":"product_cat","embeddable":true,"href":"https:\/\/ab-marineservice.com\/de\/wp-json\/wp\/v2\/product_cat?post=392462"},{"taxonomy":"product_tag","embeddable":true,"href":"https:\/\/ab-marineservice.com\/de\/wp-json\/wp\/v2\/product_tag?post=392462"}],"curies":[{"name":"wp","href":"https:\/\/api.w.org\/{rel}","templated":true}]}}