{"id":392506,"date":"2025-09-16T11:40:34","date_gmt":"2025-09-16T09:40:34","guid":{"rendered":"https:\/\/ab-marineservice.com\/product\/volvo-penta-nippel-872334\/"},"modified":"2026-03-23T17:50:27","modified_gmt":"2026-03-23T16:50:27","slug":"volvo-penta-nippel-872334","status":"publish","type":"product","link":"https:\/\/ab-marineservice.com\/de\/produkt\/volvo-penta-nippel-872334\/","title":{"rendered":"Volvo Penta Nippel &#8211; 872334"},"content":{"rendered":"<p><strong>Technische Daten:<\/strong><br \/>\nProduktart: Verbindungsnippel<br \/>\nAnwendung: Anschluss f\u00fcr Kraftstoff- oder Schmierungssysteme<br \/>\nKompatibel mit: Volvo Penta Motoren<br \/>\nTeilenummer: 872334<\/p>\n<p><strong>Kompatibel mit:<\/strong><br \/>\nVolvo Penta AD31<br \/>\nVolvo Penta AD41<br \/>\nVolvo Penta D41B<br \/>\nVolvo Penta KAD300<br \/>\nVolvo Penta KAD32P<br \/>\nVolvo Penta KAD42<br \/>\nVolvo Penta KAD43P<br \/>\nVolvo Penta KAD44P<br \/>\nVolvo Penta KAMD300<br \/>\nVolvo Penta KAMD42<br \/>\nVolvo Penta KAMD43P<br \/>\nVolvo Penta KAMD44P<br \/>\nVolvo Penta MD31A<br \/>\nVolvo Penta TAMD31<br \/>\nVolvo Penta TAMD41<br \/>\nVolvo Penta TAMD42B<br \/>\nVolvo Penta TMD31<br \/>\nVolvo Penta 230<br \/>\nVolvo Penta 250<br \/>\nVolvo Penta 430<br \/>\nVolvo Penta 431<br \/>\nVolvo Penta 432<br \/>\nVolvo Penta 434<br \/>\nVolvo Penta 5.0FIP<br \/>\nVolvo Penta 5.8FIP<br \/>\nVolvo Penta 500<br \/>\nVolvo Penta 501<br \/>\nVolvo Penta 570<br \/>\nVolvo Penta 572<br \/>\nVolvo Penta 740<br \/>\nVolvo Penta B230<br \/>\nVolvo Penta BB740<br \/>\nVolvo Penta DP<br \/>\nVolvo Penta DPX<br \/>\nVolvo Penta MS25<br \/>\nVolvo Penta SP<br \/>\nVolvo Penta TSK DP<br \/>\nVolvo Penta TSK DPX<\/p>\n","protected":false},"excerpt":{"rendered":"<p>Volvo Penta Nippel 872334 ist ein Verbindungsnippel f\u00fcr Kraftstoff- oder Schmierungssysteme in Volvo Penta Motoren. Dieses Teil sorgt f\u00fcr eine sichere Verbindung zwischen Schl\u00e4uchen oder Rohren und verhindert Leckagen, wodurch der zuverl\u00e4ssige Betrieb des Motor- und Kraftstoffsystems gew\u00e4hrleistet wird.<\/p>\n","protected":false},"featured_media":431872,"comment_status":"open","ping_status":"closed","template":"","meta":[],"location":[28168],"product_brand":[25895],"product_cat":[1222,22116,2161,25254],"product_tag":[],"class_list":{"0":"post-392506","1":"product","2":"type-product","3":"status-publish","4":"has-post-thumbnail","6":"location-middelzee-motoren","7":"product_brand-volvo-penta","8":"product_cat-motorteile","9":"product_cat-teile-nach-marke","10":"product_cat-motorenteile-volvo-penta","11":"product_cat-weitere-volvo-penta-teile","12":"product_shipping_class-paket-0-10-kg","14":"first","15":"instock","16":"sale","17":"taxable","18":"shipping-taxable","19":"purchasable","20":"product-type-simple"},"group_of_quantity":0,"min_quantity":0,"max_quantity":"","exclude_order_quantity_value_rules":"no","exclude_category_quantity_rules":"no","combine_variations":"no","locations":[{"id":28168,"name":"Middelzee motoren","slug":"middelzee-motoren","quantity":""}],"_links":{"self":[{"href":"https:\/\/ab-marineservice.com\/de\/wp-json\/wp\/v2\/product\/392506","targetHints":{"allow":["GET"]}}],"collection":[{"href":"https:\/\/ab-marineservice.com\/de\/wp-json\/wp\/v2\/product"}],"about":[{"href":"https:\/\/ab-marineservice.com\/de\/wp-json\/wp\/v2\/types\/product"}],"replies":[{"embeddable":true,"href":"https:\/\/ab-marineservice.com\/de\/wp-json\/wp\/v2\/comments?post=392506"}],"wp:featuredmedia":[{"embeddable":true,"href":"https:\/\/ab-marineservice.com\/de\/wp-json\/wp\/v2\/media\/431872"}],"wp:attachment":[{"href":"https:\/\/ab-marineservice.com\/de\/wp-json\/wp\/v2\/media?parent=392506"}],"wp:term":[{"taxonomy":"location","embeddable":true,"href":"https:\/\/ab-marineservice.com\/de\/wp-json\/wp\/v2\/location?post=392506"},{"taxonomy":"product_brand","embeddable":true,"href":"https:\/\/ab-marineservice.com\/de\/wp-json\/wp\/v2\/product_brand?post=392506"},{"taxonomy":"product_cat","embeddable":true,"href":"https:\/\/ab-marineservice.com\/de\/wp-json\/wp\/v2\/product_cat?post=392506"},{"taxonomy":"product_tag","embeddable":true,"href":"https:\/\/ab-marineservice.com\/de\/wp-json\/wp\/v2\/product_tag?post=392506"}],"curies":[{"name":"wp","href":"https:\/\/api.w.org\/{rel}","templated":true}]}}