{"id":392523,"date":"2025-09-16T11:43:02","date_gmt":"2025-09-16T09:43:02","guid":{"rendered":"https:\/\/ab-marineservice.com\/product\/volvo-penta-mutter-873486\/"},"modified":"2025-12-03T07:31:39","modified_gmt":"2025-12-03T06:31:39","slug":"volvo-penta-mutter-873486","status":"publish","type":"product","link":"https:\/\/ab-marineservice.com\/de\/produkt\/volvo-penta-mutter-873486\/","title":{"rendered":"Volvo Penta Mutter M20 \u2013 873486"},"content":{"rendered":"","protected":false},"excerpt":{"rendered":"<p><strong>Produktinfo:<\/strong><br \/>\nEntwickelt f\u00fcr Motoren von 55 bis 120 PS. Erh\u00e4ltlich in mehreren Gr\u00f6\u00dfen und Steigungen f\u00fcr S-Antriebe und Wellen. Hergestellt aus einer extrem starken und langlebigen Nibral-Legierung (Nickel-Bronze-Aluminium).<br \/>\n\u2022 Starker Schub, auch r\u00fcckw\u00e4rts, dank patentierter Blattgeometrie<br \/>\n\u2022 Ruhiger, ger\u00e4uscharmer Betrieb mit minimalen Vibrationen<br \/>\n\u2022 Sicheres \u00d6ffnen mit schneller Reaktion im Vorw\u00e4rts- und R\u00fcckw\u00e4rtsgang<br \/>\n\u2022 Gummibuchse und galvanische Isolierung (Naben f\u00fcr S-Antriebe)<\/p>\n<p><strong>Achtung!<\/strong> F\u00fcr einen vollst\u00e4ndigen Propeller bitte einen Blattsatz und einen Nabensatz bestellen.<\/p>\n<p><strong>Geeignet f\u00fcr:<\/strong><br \/>\nVolvo Penta D1<br \/>\nVolvo Penta D2<br \/>\nVolvo Penta MD2010<br \/>\nVolvo Penta MD2020<br \/>\nVolvo Penta MD2030<br \/>\nVolvo Penta MD2040<br \/>\nVolvo Penta 130S<br \/>\nVolvo Penta 150S<br \/>\nVolvo Penta HS25<br \/>\nVolvo Penta HS45<br \/>\nVolvo Penta HS63<br \/>\nVolvo Penta HS68<br \/>\nVolvo Penta HS80<br \/>\nVolvo Penta HS85<br \/>\nVolvo Penta MS10<br \/>\nVolvo Penta MS15<br \/>\nVolvo Penta MS25<\/p>\n","protected":false},"featured_media":415399,"comment_status":"open","ping_status":"closed","template":"","meta":[],"location":[28168],"product_brand":[25895],"product_cat":[1222,22116,2161],"product_tag":[],"class_list":{"0":"post-392523","1":"product","2":"type-product","3":"status-publish","4":"has-post-thumbnail","6":"location-middelzee-motoren","7":"product_brand-volvo-penta","8":"product_cat-motorteile","9":"product_cat-teile-nach-marke","10":"product_cat-motorenteile-volvo-penta","11":"product_shipping_class-paket-0-10-kg","13":"first","14":"instock","15":"sale","16":"taxable","17":"shipping-taxable","18":"purchasable","19":"product-type-simple"},"group_of_quantity":0,"min_quantity":0,"max_quantity":"","exclude_order_quantity_value_rules":"no","exclude_category_quantity_rules":"no","combine_variations":"no","locations":[{"id":28168,"name":"Middelzee motoren","slug":"middelzee-motoren","quantity":""}],"_links":{"self":[{"href":"https:\/\/ab-marineservice.com\/de\/wp-json\/wp\/v2\/product\/392523","targetHints":{"allow":["GET"]}}],"collection":[{"href":"https:\/\/ab-marineservice.com\/de\/wp-json\/wp\/v2\/product"}],"about":[{"href":"https:\/\/ab-marineservice.com\/de\/wp-json\/wp\/v2\/types\/product"}],"replies":[{"embeddable":true,"href":"https:\/\/ab-marineservice.com\/de\/wp-json\/wp\/v2\/comments?post=392523"}],"wp:featuredmedia":[{"embeddable":true,"href":"https:\/\/ab-marineservice.com\/de\/wp-json\/wp\/v2\/media\/415399"}],"wp:attachment":[{"href":"https:\/\/ab-marineservice.com\/de\/wp-json\/wp\/v2\/media?parent=392523"}],"wp:term":[{"taxonomy":"location","embeddable":true,"href":"https:\/\/ab-marineservice.com\/de\/wp-json\/wp\/v2\/location?post=392523"},{"taxonomy":"product_brand","embeddable":true,"href":"https:\/\/ab-marineservice.com\/de\/wp-json\/wp\/v2\/product_brand?post=392523"},{"taxonomy":"product_cat","embeddable":true,"href":"https:\/\/ab-marineservice.com\/de\/wp-json\/wp\/v2\/product_cat?post=392523"},{"taxonomy":"product_tag","embeddable":true,"href":"https:\/\/ab-marineservice.com\/de\/wp-json\/wp\/v2\/product_tag?post=392523"}],"curies":[{"name":"wp","href":"https:\/\/api.w.org\/{rel}","templated":true}]}}