{"id":392570,"date":"2025-09-16T11:50:03","date_gmt":"2025-09-16T09:50:03","guid":{"rendered":"https:\/\/ab-marineservice.com\/product\/volvo-penta-o-ring-125362\/"},"modified":"2026-01-02T09:23:04","modified_gmt":"2026-01-02T08:23:04","slug":"volvo-penta-o-ring-125362","status":"publish","type":"product","link":"https:\/\/ab-marineservice.com\/de\/produkt\/volvo-penta-o-ring-125362\/","title":{"rendered":"Volvo Penta O-Ring f\u00fcr W\u00e4rmetauscher &#8211; 125362"},"content":{"rendered":"<p><strong>Geeignet f\u00fcr:<\/strong><\/p>\n<p>Volvo Penta TAMD63L<br \/>\nVolvo Penta TAMD63P<br \/>\nVolvo Penta TAMD73P<br \/>\nVolvo Penta TAMD73WJ<br \/>\nVolvo Penta TAMD74<br \/>\nVolvo Penta TAMD74C<br \/>\nVolvo Penta TAMD74L<br \/>\nVolvo Penta TAMD74P<br \/>\nVolvo Penta TAMD75P<\/p>\n","protected":false},"excerpt":{"rendered":"<p>Volvo Penta O-Ring f\u00fcr W\u00e4rmetauscher. Originalteil mit Artikelnummer 125362, sorgt f\u00fcr eine zuverl\u00e4ssige Abdichtung und verhindert Leckagen im W\u00e4rmetauschersystem.<\/p>\n","protected":false},"featured_media":397762,"comment_status":"open","ping_status":"closed","template":"","meta":[],"location":[28168],"product_brand":[25895],"product_cat":[1222,22116,2161,25254],"product_tag":[],"class_list":{"0":"post-392570","1":"product","2":"type-product","3":"status-publish","4":"has-post-thumbnail","6":"location-middelzee-motoren","7":"product_brand-volvo-penta","8":"product_cat-motorteile","9":"product_cat-teile-nach-marke","10":"product_cat-motorenteile-volvo-penta","11":"product_cat-weitere-volvo-penta-teile","12":"product_shipping_class-paket-0-10-kg","14":"first","15":"instock","16":"sale","17":"taxable","18":"shipping-taxable","19":"purchasable","20":"product-type-simple"},"group_of_quantity":0,"min_quantity":0,"max_quantity":"","exclude_order_quantity_value_rules":"no","exclude_category_quantity_rules":"no","combine_variations":"no","locations":[{"id":28168,"name":"Middelzee motoren","slug":"middelzee-motoren","quantity":""}],"_links":{"self":[{"href":"https:\/\/ab-marineservice.com\/de\/wp-json\/wp\/v2\/product\/392570","targetHints":{"allow":["GET"]}}],"collection":[{"href":"https:\/\/ab-marineservice.com\/de\/wp-json\/wp\/v2\/product"}],"about":[{"href":"https:\/\/ab-marineservice.com\/de\/wp-json\/wp\/v2\/types\/product"}],"replies":[{"embeddable":true,"href":"https:\/\/ab-marineservice.com\/de\/wp-json\/wp\/v2\/comments?post=392570"}],"wp:featuredmedia":[{"embeddable":true,"href":"https:\/\/ab-marineservice.com\/de\/wp-json\/wp\/v2\/media\/397762"}],"wp:attachment":[{"href":"https:\/\/ab-marineservice.com\/de\/wp-json\/wp\/v2\/media?parent=392570"}],"wp:term":[{"taxonomy":"location","embeddable":true,"href":"https:\/\/ab-marineservice.com\/de\/wp-json\/wp\/v2\/location?post=392570"},{"taxonomy":"product_brand","embeddable":true,"href":"https:\/\/ab-marineservice.com\/de\/wp-json\/wp\/v2\/product_brand?post=392570"},{"taxonomy":"product_cat","embeddable":true,"href":"https:\/\/ab-marineservice.com\/de\/wp-json\/wp\/v2\/product_cat?post=392570"},{"taxonomy":"product_tag","embeddable":true,"href":"https:\/\/ab-marineservice.com\/de\/wp-json\/wp\/v2\/product_tag?post=392570"}],"curies":[{"name":"wp","href":"https:\/\/api.w.org\/{rel}","templated":true}]}}