{"id":392771,"date":"2025-09-16T12:09:29","date_gmt":"2025-09-16T10:09:29","guid":{"rendered":"https:\/\/ab-marineservice.com\/product\/volvo-penta-lack-889968\/"},"modified":"2026-04-21T15:06:21","modified_gmt":"2026-04-21T13:06:21","slug":"volvo-penta-lack-889968","status":"publish","type":"product","link":"https:\/\/ab-marineservice.com\/de\/produkt\/volvo-penta-lack-889968\/","title":{"rendered":"Volvo Penta Ausbesserungslack f\u00fcr Antrieb \u2013 silber + Klarlack, 400 ml \u2013 889968"},"content":{"rendered":"<p><strong>Produktinfo:<\/strong><br \/>\nVolvo Penta Lacke bieten den besten Schutz gegen Rost und Korrosion f\u00fcr Motoren, Antriebe und Getriebe. Das Aussehen und der Wiederverkaufswert des Motors werden verbessert, wenn alle Lackierarbeiten mit Volvo Penta-Lacken durchgef\u00fchrt werden.<\/p>\n","protected":false},"excerpt":{"rendered":"<p>Volvo Penta Ausbesserungslack f\u00fcr Antrieb 889968 ist ein originales Lackset, das Schutz vor Rost und Korrosion auf Motoren, Antrieben und Getrieben bietet. Das Set enth\u00e4lt zwei Spr\u00fchdosen \u00e0 400 ml: einen metallic silbernen Lack und einen klaren \u00dcberzug (Klarlack) f\u00fcr zus\u00e4tzlichen Schutz. Durch das Ausbessern besch\u00e4digter oder verwitterter Lackstellen bleibt das \u00c4u\u00dfere des Unterteils und des Spiegelbretts in gutem Zustand und der Wert des Motors bleibt erhalten.<\/p>\n<h4>Wichtigste Merkmale und Vorteile:<\/h4>\n<p><strong>Zweikomponenten-Set:<\/strong> Metallic silberner Lack + Klarlack f\u00fcr eine langlebige Oberfl\u00e4che.<br \/>\n<strong>Korrosionsschutz:<\/strong> Sch\u00fctzt vor Rost und verl\u00e4ngert die Lebensdauer von Antrieb und Unterteil.<br \/>\n<strong>Verbessertes Aussehen:<\/strong> Stellt das Erscheinungsbild wieder her und hilft, den Wiederverkaufswert des Motors zu erhalten.<br \/>\n<strong>Original Volvo Penta Lack:<\/strong> OEM-Qualit\u00e4t f\u00fcr genaue Farbabstimmung und kompatiblen Schutz.<\/p>\n","protected":false},"featured_media":412896,"comment_status":"open","ping_status":"closed","template":"","meta":[],"location":[],"product_brand":[25895],"product_cat":[1222,22116,2161,25453],"product_tag":[],"class_list":{"0":"post-392771","1":"product","2":"type-product","3":"status-publish","4":"has-post-thumbnail","6":"product_brand-volvo-penta","7":"product_cat-motorteile","8":"product_cat-teile-nach-marke","9":"product_cat-motorenteile-volvo-penta","10":"product_cat-volvo-penta-farbe","11":"product_shipping_class-paket-0-10-kg","13":"first","14":"instock","15":"sale","16":"taxable","17":"shipping-taxable","18":"purchasable","19":"product-type-simple"},"group_of_quantity":0,"min_quantity":0,"max_quantity":"","exclude_order_quantity_value_rules":"no","exclude_category_quantity_rules":"no","combine_variations":"no","locations":[{"id":28168,"name":"Middelzee motoren","slug":"middelzee-motoren","quantity":""}],"_links":{"self":[{"href":"https:\/\/ab-marineservice.com\/de\/wp-json\/wp\/v2\/product\/392771","targetHints":{"allow":["GET"]}}],"collection":[{"href":"https:\/\/ab-marineservice.com\/de\/wp-json\/wp\/v2\/product"}],"about":[{"href":"https:\/\/ab-marineservice.com\/de\/wp-json\/wp\/v2\/types\/product"}],"replies":[{"embeddable":true,"href":"https:\/\/ab-marineservice.com\/de\/wp-json\/wp\/v2\/comments?post=392771"}],"wp:featuredmedia":[{"embeddable":true,"href":"https:\/\/ab-marineservice.com\/de\/wp-json\/wp\/v2\/media\/412896"}],"wp:attachment":[{"href":"https:\/\/ab-marineservice.com\/de\/wp-json\/wp\/v2\/media?parent=392771"}],"wp:term":[{"taxonomy":"location","embeddable":true,"href":"https:\/\/ab-marineservice.com\/de\/wp-json\/wp\/v2\/location?post=392771"},{"taxonomy":"product_brand","embeddable":true,"href":"https:\/\/ab-marineservice.com\/de\/wp-json\/wp\/v2\/product_brand?post=392771"},{"taxonomy":"product_cat","embeddable":true,"href":"https:\/\/ab-marineservice.com\/de\/wp-json\/wp\/v2\/product_cat?post=392771"},{"taxonomy":"product_tag","embeddable":true,"href":"https:\/\/ab-marineservice.com\/de\/wp-json\/wp\/v2\/product_tag?post=392771"}],"curies":[{"name":"wp","href":"https:\/\/api.w.org\/{rel}","templated":true}]}}