{"id":392782,"date":"2025-09-16T12:10:20","date_gmt":"2025-09-16T10:10:20","guid":{"rendered":"https:\/\/ab-marineservice.com\/product\/volvo-penta-kolbensatz-272004\/"},"modified":"2026-04-08T19:41:24","modified_gmt":"2026-04-08T17:41:24","slug":"volvo-penta-aq-bb-mb-kolbensatz-272004","status":"publish","type":"product","link":"https:\/\/ab-marineservice.com\/de\/produkt\/volvo-penta-aq-bb-mb-kolbensatz-272004\/","title":{"rendered":"Volvo Penta AQ, BB, MB Kolbensatz &#8211; 272004"},"content":{"rendered":"<p><strong>Geeignet f\u00fcr:<\/strong><br \/>\nVolvo Penta AQ115A<br \/>\nVolvo Penta AQ130A<br \/>\nVolvo Penta AQ130B<br \/>\nVolvo Penta AQ130C<br \/>\nVolvo Penta AQ165A<br \/>\nVolvo Penta AQ170A<br \/>\nVolvo Penta AQ170B<br \/>\nVolvo Penta BB115A<br \/>\nVolvo Penta BB115B<br \/>\nVolvo Penta BB165A<br \/>\nVolvo Penta BB170A<br \/>\nVolvo Penta BB170B<br \/>\nVolvo Penta MB10A<br \/>\nVolvo Penta MB20A<\/p>\n","protected":false},"excerpt":{"rendered":"<p>Volvo Penta AQ, BB, MB Kolbensatz 272004 ist ein kompletter Kolbensatz f\u00fcr \u00e4ltere Volvo Penta Benzinmotoren. Das Set enth\u00e4lt einen um 0,030 Zoll (0,75 mm) \u00fcberma\u00dfigen Kolben mit einem Kolbenbolzen von 22 mm, der bei Motoren mit Zylinderwandabnutzung die Kompression und optimale Leistung wiederherstellt. Dies verhindert Rauchbildung, \u00d6lverbrauch und Leistungsverlust des Motors und sorgt f\u00fcr eine l\u00e4ngere Lebensdauer des Motors.<\/p>\n<h4>Hauptmerkmale und Vorteile:<\/h4>\n<p><strong>\u00dcberma\u00dfkolben (0,030 Zoll \/ 0,75 mm):<\/strong> Behebt die Abnutzung der Zylinderwand und stellt die Kompression wieder her.<br \/>\n<strong>22 mm Kolbenbolzen:<\/strong> Standardgr\u00f6\u00dfe f\u00fcr eine korrekte Montage und Haltbarkeit.<br \/>\n<strong>Kompletter Kolbensatz:<\/strong> Einfach zu montieren im Rahmen einer \u00dcberholung oder gro\u00dfen Wartung.<br \/>\n<strong>Speziell f\u00fcr \u00e4ltere Benzinmotoren:<\/strong> Passt auf Volvo Penta AQ, BB und MB Motoren mit Abnutzungsproblemen.<\/p>\n","protected":false},"featured_media":413429,"comment_status":"open","ping_status":"closed","template":"","meta":[],"location":[28168],"product_brand":[25895],"product_cat":[1222,22116,2161,25254],"product_tag":[],"class_list":{"0":"post-392782","1":"product","2":"type-product","3":"status-publish","4":"has-post-thumbnail","6":"location-middelzee-motoren","7":"product_brand-volvo-penta","8":"product_cat-motorteile","9":"product_cat-teile-nach-marke","10":"product_cat-motorenteile-volvo-penta","11":"product_cat-weitere-volvo-penta-teile","12":"product_shipping_class-paket-0-10-kg","14":"first","15":"instock","16":"sale","17":"taxable","18":"shipping-taxable","19":"purchasable","20":"product-type-simple"},"group_of_quantity":0,"min_quantity":0,"max_quantity":"","exclude_order_quantity_value_rules":"no","exclude_category_quantity_rules":"no","combine_variations":"no","locations":[{"id":28168,"name":"Middelzee motoren","slug":"middelzee-motoren","quantity":""}],"_links":{"self":[{"href":"https:\/\/ab-marineservice.com\/de\/wp-json\/wp\/v2\/product\/392782","targetHints":{"allow":["GET"]}}],"collection":[{"href":"https:\/\/ab-marineservice.com\/de\/wp-json\/wp\/v2\/product"}],"about":[{"href":"https:\/\/ab-marineservice.com\/de\/wp-json\/wp\/v2\/types\/product"}],"replies":[{"embeddable":true,"href":"https:\/\/ab-marineservice.com\/de\/wp-json\/wp\/v2\/comments?post=392782"}],"wp:featuredmedia":[{"embeddable":true,"href":"https:\/\/ab-marineservice.com\/de\/wp-json\/wp\/v2\/media\/413429"}],"wp:attachment":[{"href":"https:\/\/ab-marineservice.com\/de\/wp-json\/wp\/v2\/media?parent=392782"}],"wp:term":[{"taxonomy":"location","embeddable":true,"href":"https:\/\/ab-marineservice.com\/de\/wp-json\/wp\/v2\/location?post=392782"},{"taxonomy":"product_brand","embeddable":true,"href":"https:\/\/ab-marineservice.com\/de\/wp-json\/wp\/v2\/product_brand?post=392782"},{"taxonomy":"product_cat","embeddable":true,"href":"https:\/\/ab-marineservice.com\/de\/wp-json\/wp\/v2\/product_cat?post=392782"},{"taxonomy":"product_tag","embeddable":true,"href":"https:\/\/ab-marineservice.com\/de\/wp-json\/wp\/v2\/product_tag?post=392782"}],"curies":[{"name":"wp","href":"https:\/\/api.w.org\/{rel}","templated":true}]}}