{"id":392793,"date":"2025-09-16T12:11:34","date_gmt":"2025-09-16T10:11:34","guid":{"rendered":"https:\/\/ab-marineservice.com\/product\/volvo-penta-bolzen-3841005\/"},"modified":"2026-05-02T11:36:43","modified_gmt":"2026-05-02T09:36:43","slug":"volvo-penta-bolzen-3841005","status":"publish","type":"product","link":"https:\/\/ab-marineservice.com\/de\/produkt\/volvo-penta-bolzen-3841005\/","title":{"rendered":"Volvo Penta Drehbolzen f\u00fcr Klemmscheibe &#8211; 3841005"},"content":{"rendered":"<p><strong>Geeignet f\u00fcr:<\/strong><br \/>\nTSK A-32<br \/>\nTSK A-42<br \/>\nTSK A-52<br \/>\nTSK A-AC-32<br \/>\nTSK A-AC-42<br \/>\nTSK A-AC-52<br \/>\nTSK A-OX-32<br \/>\nTSK A-OX-42<br \/>\nTSK A-OX-52<br \/>\nTSK B-32<br \/>\nTSK B-42<br \/>\nTSK B-52<br \/>\nTSK B-AC-32<br \/>\nTSK B-AC-42<br \/>\nTSK B-AC-52<br \/>\nTSK B-OX-32<br \/>\nTSK B-OX-42<br \/>\nTSK B-OX-52<br \/>\nTSK SX-A<br \/>\nTSK SX-AAC<br \/>\nTSK SX-ALT32<br \/>\nTSK SX-ALT42<br \/>\nTSK SX-OXI-AACL<br \/>\nTSK SX-OXI-ACC<br \/>\nTSK SX-OXI-ACCL<br \/>\nTSK C-32<br \/>\nTSK C-42<br \/>\nTSK C-52<br \/>\nTSK C-AC-32<br \/>\nTSK C-AC-42<br \/>\nTSK C-AC-52<br \/>\nTSK C-OX-32<br \/>\nTSK C-OX-42<br \/>\nTSK C-OX-52<\/p>\n","protected":false},"excerpt":{"rendered":"<p>Volvo Penta Drehbolzen f\u00fcr Klemmscheibe, OEM 3841005. Originalteil zum Befestigen der Klemmscheibe und zur Gew\u00e4hrleistung einer starken und zuverl\u00e4ssigen Verbindung.<\/p>\n","protected":false},"featured_media":421071,"comment_status":"open","ping_status":"closed","template":"","meta":[],"location":[],"product_brand":[25895],"product_cat":[1222,22116,2161,25254],"product_tag":[],"class_list":{"0":"post-392793","1":"product","2":"type-product","3":"status-publish","4":"has-post-thumbnail","6":"product_brand-volvo-penta","7":"product_cat-motorteile","8":"product_cat-teile-nach-marke","9":"product_cat-motorenteile-volvo-penta","10":"product_cat-weitere-volvo-penta-teile","11":"product_shipping_class-paket-0-10-kg","13":"first","14":"instock","15":"sale","16":"taxable","17":"shipping-taxable","18":"purchasable","19":"product-type-simple"},"group_of_quantity":0,"min_quantity":0,"max_quantity":"","exclude_order_quantity_value_rules":"no","exclude_category_quantity_rules":"no","combine_variations":"no","locations":[],"_links":{"self":[{"href":"https:\/\/ab-marineservice.com\/de\/wp-json\/wp\/v2\/product\/392793","targetHints":{"allow":["GET"]}}],"collection":[{"href":"https:\/\/ab-marineservice.com\/de\/wp-json\/wp\/v2\/product"}],"about":[{"href":"https:\/\/ab-marineservice.com\/de\/wp-json\/wp\/v2\/types\/product"}],"replies":[{"embeddable":true,"href":"https:\/\/ab-marineservice.com\/de\/wp-json\/wp\/v2\/comments?post=392793"}],"wp:featuredmedia":[{"embeddable":true,"href":"https:\/\/ab-marineservice.com\/de\/wp-json\/wp\/v2\/media\/421071"}],"wp:attachment":[{"href":"https:\/\/ab-marineservice.com\/de\/wp-json\/wp\/v2\/media?parent=392793"}],"wp:term":[{"taxonomy":"location","embeddable":true,"href":"https:\/\/ab-marineservice.com\/de\/wp-json\/wp\/v2\/location?post=392793"},{"taxonomy":"product_brand","embeddable":true,"href":"https:\/\/ab-marineservice.com\/de\/wp-json\/wp\/v2\/product_brand?post=392793"},{"taxonomy":"product_cat","embeddable":true,"href":"https:\/\/ab-marineservice.com\/de\/wp-json\/wp\/v2\/product_cat?post=392793"},{"taxonomy":"product_tag","embeddable":true,"href":"https:\/\/ab-marineservice.com\/de\/wp-json\/wp\/v2\/product_tag?post=392793"}],"curies":[{"name":"wp","href":"https:\/\/api.w.org\/{rel}","templated":true}]}}