{"id":392837,"date":"2025-09-16T12:14:56","date_gmt":"2025-09-16T10:14:56","guid":{"rendered":"https:\/\/ab-marineservice.com\/product\/volvo-penta-drucksensor-866834\/"},"modified":"2026-05-02T11:36:12","modified_gmt":"2026-05-02T09:36:12","slug":"volvo-penta-drucksensor-866834","status":"publish","type":"product","link":"https:\/\/ab-marineservice.com\/de\/produkt\/volvo-penta-drucksensor-866834\/","title":{"rendered":"Volvo Penta \u00d6ldrucksensor &#8211; 866834"},"content":{"rendered":"<p><strong>Geeignet f\u00fcr:<\/strong><br \/>\nVolvo Penta AD31<br \/>\nVolvo Penta AD41<br \/>\nVolvo Penta MD120<br \/>\nVolvo Penta TAMD31<br \/>\nVolvo Penta TAMD41<br \/>\nVolvo Penta TAMD60<br \/>\nVolvo Penta TAMD61<br \/>\nVolvo Penta TAMD62<br \/>\nVolvo Penta TAMD70<br \/>\nVolvo Penta TAMD71<br \/>\nVolvo Penta TAMD72<br \/>\nVolvo Penta TAMD102<br \/>\nVolvo Penta TAMD103<br \/>\nVolvo Penta TAMD120<br \/>\nVolvo Penta TAMD121<br \/>\nVolvo Penta TAMD122<br \/>\nVolvo Penta TMD31<br \/>\nVolvo Penta TMD41<br \/>\nVolvo Penta TMD100<br \/>\nVolvo Penta TMD102<br \/>\nVolvo Penta TMD120<br \/>\nVolvo Penta TMD121<br \/>\nVolvo Penta TMD122<\/p>\n","protected":false},"excerpt":{"rendered":"<p>Volvo Penta Drucksensor 866834 ist ein \u00d6ldrucksensor, der ungenaue \u00d6ldruckmessungen verhindert und zuverl\u00e4ssige Daten an das Motormanagement liefert. Dieser Sensor \u00fcberwacht kontinuierlich den \u00d6ldruck in verschiedenen Schiffsmotoren und hilft, Motorsch\u00e4den und erh\u00f6hte Abnutzung durch unzureichende Schmierung zu verhindern.<\/p>\n<h4>Wichtige Merkmale und Vorteile:<\/h4>\n<p><strong>Genaues \u00d6ldruck-Messen:<\/strong> Gew\u00e4hrleistet zuverl\u00e4ssige \u00dcberwachung des \u00d6ldrucks.<br \/>\n<strong>Motorschutz:<\/strong> Verhindert Sch\u00e4den durch niedrigen oder hohen \u00d6ldruck.<br \/>\n<strong>Einfache Integration:<\/strong> Kompatibel mit verschiedenen Volvo Penta Motor-Konfigurationen.<\/p>\n","protected":false},"featured_media":401261,"comment_status":"open","ping_status":"closed","template":"","meta":[],"location":[28168],"product_brand":[25895],"product_cat":[1222,22116,2161,25254],"product_tag":[],"class_list":{"0":"post-392837","1":"product","2":"type-product","3":"status-publish","4":"has-post-thumbnail","6":"location-middelzee-motoren","7":"product_brand-volvo-penta","8":"product_cat-motorteile","9":"product_cat-teile-nach-marke","10":"product_cat-motorenteile-volvo-penta","11":"product_cat-weitere-volvo-penta-teile","12":"product_shipping_class-paket-0-10-kg","14":"first","15":"instock","16":"sale","17":"taxable","18":"shipping-taxable","19":"purchasable","20":"product-type-simple"},"group_of_quantity":0,"min_quantity":0,"max_quantity":"","exclude_order_quantity_value_rules":"no","exclude_category_quantity_rules":"no","combine_variations":"no","locations":[{"id":28168,"name":"Middelzee motoren","slug":"middelzee-motoren","quantity":""}],"_links":{"self":[{"href":"https:\/\/ab-marineservice.com\/de\/wp-json\/wp\/v2\/product\/392837","targetHints":{"allow":["GET"]}}],"collection":[{"href":"https:\/\/ab-marineservice.com\/de\/wp-json\/wp\/v2\/product"}],"about":[{"href":"https:\/\/ab-marineservice.com\/de\/wp-json\/wp\/v2\/types\/product"}],"replies":[{"embeddable":true,"href":"https:\/\/ab-marineservice.com\/de\/wp-json\/wp\/v2\/comments?post=392837"}],"wp:featuredmedia":[{"embeddable":true,"href":"https:\/\/ab-marineservice.com\/de\/wp-json\/wp\/v2\/media\/401261"}],"wp:attachment":[{"href":"https:\/\/ab-marineservice.com\/de\/wp-json\/wp\/v2\/media?parent=392837"}],"wp:term":[{"taxonomy":"location","embeddable":true,"href":"https:\/\/ab-marineservice.com\/de\/wp-json\/wp\/v2\/location?post=392837"},{"taxonomy":"product_brand","embeddable":true,"href":"https:\/\/ab-marineservice.com\/de\/wp-json\/wp\/v2\/product_brand?post=392837"},{"taxonomy":"product_cat","embeddable":true,"href":"https:\/\/ab-marineservice.com\/de\/wp-json\/wp\/v2\/product_cat?post=392837"},{"taxonomy":"product_tag","embeddable":true,"href":"https:\/\/ab-marineservice.com\/de\/wp-json\/wp\/v2\/product_tag?post=392837"}],"curies":[{"name":"wp","href":"https:\/\/api.w.org\/{rel}","templated":true}]}}