{"id":392850,"date":"2025-09-16T12:16:13","date_gmt":"2025-09-16T10:16:13","guid":{"rendered":"https:\/\/ab-marineservice.com\/product\/volvo-penta-propellerblatt-satz-21629182\/"},"modified":"2026-05-02T11:35:22","modified_gmt":"2026-05-02T09:35:22","slug":"volvo-penta-propellerblatt-satz-21629182","status":"publish","type":"product","link":"https:\/\/ab-marineservice.com\/de\/produkt\/volvo-penta-propellerblatt-satz-21629182\/","title":{"rendered":"Volvo Penta Blattsatz f\u00fcr 2-Fl\u00fcgel-Faltpropeller f\u00fcr 5\u201340 PS, \u00d8 x Steigung: 16 x 11 &#8211; 21629182"},"content":{"rendered":"<p><strong>Produktinfo:<\/strong><br \/>\nEntwickelt f\u00fcr Motoren von 5 bis 40 PS. Erh\u00e4ltlich in mehreren Gr\u00f6\u00dfen und Steigungen f\u00fcr S-Antriebe und Wellen. Hergestellt aus einer extrem starken und langlebigen Nibral-Legierung (Nickel-Bronze-Aluminium).<br \/>\n\u2022 Starker Schub, auch r\u00fcckw\u00e4rts, dank patentierter Blattgeometrie<br \/>\n\u2022 Ruhiger, ger\u00e4uscharmer Betrieb mit minimalen Vibrationen<br \/>\n\u2022 Sicheres \u00d6ffnen mit schneller Reaktion im Vorw\u00e4rts- und R\u00fcckw\u00e4rtsgang<br \/>\n\u2022 Gummibuchse und galvanische Isolierung (Naben f\u00fcr S-Antriebe)<\/p>\n<p><strong>Achtung!<\/strong> F\u00fcr einen vollst\u00e4ndigen Propeller bitte einen Blattsatz und einen Nabensatz bestellen.<\/p>\n<p><strong>Der Blattsatz enth\u00e4lt:<\/strong><br \/>\nBl\u00e4tter, Inbusschl\u00fcssel f\u00fcr die Sicherungsschraube (Pos. 11), Propellerfett und Montageanleitung.<\/p>\n<p><strong>Geeignet f\u00fcr:<\/strong><br \/>\nVolvo Penta D1<br \/>\nVolvo Penta D2<br \/>\nVolvo Penta 130S<br \/>\nVolvo Penta 130SR<\/p>\n","protected":false},"excerpt":{"rendered":"<p>Volvo Penta Blattset 21629182 ist ein originales 2-bl\u00e4ttriges Propellerblattset f\u00fcr klappbare Schrauben, entwickelt f\u00fcr Motoren von 5 bis 40 PS mit einem \u00d8 \u00d7 Steigung von 16 \u00d7 11. Die Bl\u00e4tter sind aus einer extrem starken Nibral (Nickel-Bronze-Aluminium) Legierung gefertigt und bieten starke Schubkraft, sogar r\u00fcckw\u00e4rts, dank der patentierten Blattgeometrie. Das Set bietet einen ruhigen und ger\u00e4uscharmen Betrieb mit minimalen Vibrationen und sorgt f\u00fcr eine schnelle Reaktion sowohl vorw\u00e4rts als auch r\u00fcckw\u00e4rts. Die Gummibuchse und galvanische Isolierung machen es geeignet f\u00fcr S-Antriebe und Wellen. F\u00fcr einen kompletten Propeller ist neben diesem Blattset auch ein Nabenkit erforderlich.<\/p>\n<h4>Hauptmerkmale und Vorteile:<\/h4>\n<p><strong>Starke Nibral-Bl\u00e4tter:<\/strong> Langlebiges Material f\u00fcr lange Lebensdauer und ausgezeichnete Festigkeit.<br \/>\n<strong>Starke Schubkraft:<\/strong> Sorgt f\u00fcr effiziente Propulsion vorw\u00e4rts und r\u00fcckw\u00e4rts.<br \/>\n<strong>Ruhiger und leiser Betrieb:<\/strong> Minimale Vibrationen f\u00fcr komfortables Fahren.<br \/>\n<strong>Inklusive Installationswerkzeug:<\/strong> Bl\u00e4tter, Inbusschl\u00fcssel f\u00fcr die Schraubensicherung, Schmierfett und Anleitungen in einem Set.<\/p>\n","protected":false},"featured_media":415382,"comment_status":"open","ping_status":"closed","template":"","meta":[],"location":[],"product_brand":[25895],"product_cat":[1222,22116,2161,25516],"product_tag":[],"class_list":{"0":"post-392850","1":"product","2":"type-product","3":"status-publish","4":"has-post-thumbnail","6":"product_brand-volvo-penta","7":"product_cat-motorteile","8":"product_cat-teile-nach-marke","9":"product_cat-motorenteile-volvo-penta","10":"product_cat-volvo-penta-klappschrauben-fuer-saildrive-und-welle","11":"product_shipping_class-paket-0-10-kg","13":"first","14":"instock","15":"sale","16":"taxable","17":"shipping-taxable","18":"purchasable","19":"product-type-simple"},"group_of_quantity":0,"min_quantity":0,"max_quantity":"","exclude_order_quantity_value_rules":"no","exclude_category_quantity_rules":"no","combine_variations":"no","locations":[],"_links":{"self":[{"href":"https:\/\/ab-marineservice.com\/de\/wp-json\/wp\/v2\/product\/392850","targetHints":{"allow":["GET"]}}],"collection":[{"href":"https:\/\/ab-marineservice.com\/de\/wp-json\/wp\/v2\/product"}],"about":[{"href":"https:\/\/ab-marineservice.com\/de\/wp-json\/wp\/v2\/types\/product"}],"replies":[{"embeddable":true,"href":"https:\/\/ab-marineservice.com\/de\/wp-json\/wp\/v2\/comments?post=392850"}],"wp:featuredmedia":[{"embeddable":true,"href":"https:\/\/ab-marineservice.com\/de\/wp-json\/wp\/v2\/media\/415382"}],"wp:attachment":[{"href":"https:\/\/ab-marineservice.com\/de\/wp-json\/wp\/v2\/media?parent=392850"}],"wp:term":[{"taxonomy":"location","embeddable":true,"href":"https:\/\/ab-marineservice.com\/de\/wp-json\/wp\/v2\/location?post=392850"},{"taxonomy":"product_brand","embeddable":true,"href":"https:\/\/ab-marineservice.com\/de\/wp-json\/wp\/v2\/product_brand?post=392850"},{"taxonomy":"product_cat","embeddable":true,"href":"https:\/\/ab-marineservice.com\/de\/wp-json\/wp\/v2\/product_cat?post=392850"},{"taxonomy":"product_tag","embeddable":true,"href":"https:\/\/ab-marineservice.com\/de\/wp-json\/wp\/v2\/product_tag?post=392850"}],"curies":[{"name":"wp","href":"https:\/\/api.w.org\/{rel}","templated":true}]}}