{"id":392852,"date":"2025-09-16T12:16:13","date_gmt":"2025-09-16T10:16:13","guid":{"rendered":"https:\/\/ab-marineservice.com\/product\/volvo-penta-propellerblatt-satz-3583391\/"},"modified":"2026-05-02T11:35:28","modified_gmt":"2026-05-02T09:35:28","slug":"volvo-penta-propellerblatt-satz-3583391","status":"publish","type":"product","link":"https:\/\/ab-marineservice.com\/de\/produkt\/volvo-penta-propellerblatt-satz-3583391\/","title":{"rendered":"Volvo Penta Blattsets f\u00fcr 3-Fl\u00fcgel-Faltpropeller f\u00fcr 20\u201360 PS, \u00d8 x Steigung: 18 x 14 \u2013 3583391"},"content":{"rendered":"<p><strong>Produktinfo:<\/strong><br \/>\nEntwickelt f\u00fcr Motoren von 20 bis 60 PS. Erh\u00e4ltlich in mehreren Gr\u00f6\u00dfen und Steigungen f\u00fcr S-Antriebe und Wellen. Hergestellt aus einer extrem starken und langlebigen Nibral-Legierung (Nickel-Bronze-Aluminium).<br \/>\n\u2022 Starker Schub, auch r\u00fcckw\u00e4rts, dank patentierter Blattgeometrie<br \/>\n\u2022 Ruhiger, ger\u00e4uscharmer Betrieb mit minimalen Vibrationen<br \/>\n\u2022 Sicheres \u00d6ffnen mit schneller Reaktion im Vorw\u00e4rts- und R\u00fcckw\u00e4rtsgang<br \/>\n\u2022 Gummibuchse und galvanische Isolierung (Naben f\u00fcr S-Antriebe)<\/p>\n<p><strong>Achtung!<\/strong> F\u00fcr einen vollst\u00e4ndigen Propeller bitte einen Blattsatz und einen Nabensatz bestellen.<\/p>\n<p><strong>Der Blattsatz enth\u00e4lt:<\/strong><br \/>\nBl\u00e4tter, Inbusschl\u00fcssel f\u00fcr die Sicherungsschraube (Pos. 10), Propellerfett und Montageanleitung.<\/p>\n<p><strong>Geeignet f\u00fcr:<\/strong><br \/>\nVolvo Penta MD2010<br \/>\nVolvo Penta MD2020<br \/>\nVolvo Penta MD2030<br \/>\nVolvo Penta MD2040<br \/>\nVolvo Penta 130S<br \/>\nVolvo Penta 130SR<br \/>\nVolvo Penta 150S<br \/>\nVolvo Penta MS10<br \/>\nVolvo Penta MS15<br \/>\nVolvo Penta MS25<\/p>\n","protected":false},"excerpt":{"rendered":"<p>Volvo Penta Blattsets f\u00fcr Klapppropeller mit 3 Bl\u00e4ttern \u00d8 x Steigung 18 x 14 \u2013 3583391 sind speziell f\u00fcr Motoren von 20 bis 60 PS entwickelt. Diese Bl\u00e4tter bestehen aus einer extrem starken und langlebigen Nibral (Nickel-Bronze-Aluminium) Legierung f\u00fcr langanhaltende Leistung beim Segeln mit S-Antrieben oder Wellen. Die patentierte Blattform liefert starke Schubkraft, auch r\u00fcckw\u00e4rts, mit einer ruhigen, ger\u00e4uscharmen Arbeitsweise und minimalen Vibrationen. Das Set enth\u00e4lt Bl\u00e4tter, einen Inbusschl\u00fcssel f\u00fcr die Schraubensicherung, Schraubenschmiermittel und eine Installationsanleitung.<\/p>\n<h4>Wichtigste Merkmale und Vorteile:<\/h4>\n<p><strong>Patentierte Blattform:<\/strong> Bietet starke Schubkraft und sofortige Reaktion sowohl vorw\u00e4rts als auch r\u00fcckw\u00e4rts.<br \/>\n<strong>Haltbare Nibral-Legierung:<\/strong> Extrem starke Aluminiumlegierung f\u00fcr hohe Belastbarkeit und lange Lebensdauer.<br \/>\n<strong>Sanfter, ger\u00e4uscharmer Betrieb:<\/strong> Reduziert Vibrationen und sorgt f\u00fcr angenehmes Segeln.<br \/>\n<strong>Komplettes Blattset:<\/strong> Inklusive Bl\u00e4tter, Inbusschl\u00fcssel, Schraubenschmiermittel und Installationsanleitung f\u00fcr eine direkte Montage.<\/p>\n","protected":false},"featured_media":415520,"comment_status":"open","ping_status":"closed","template":"","meta":[],"location":[28168],"product_brand":[25895],"product_cat":[1222,22116,2161,25516],"product_tag":[],"class_list":{"0":"post-392852","1":"product","2":"type-product","3":"status-publish","4":"has-post-thumbnail","6":"location-middelzee-motoren","7":"product_brand-volvo-penta","8":"product_cat-motorteile","9":"product_cat-teile-nach-marke","10":"product_cat-motorenteile-volvo-penta","11":"product_cat-volvo-penta-klappschrauben-fuer-saildrive-und-welle","12":"product_shipping_class-paket-0-10-kg","14":"first","15":"instock","16":"sale","17":"taxable","18":"shipping-taxable","19":"purchasable","20":"product-type-simple"},"group_of_quantity":0,"min_quantity":0,"max_quantity":"","exclude_order_quantity_value_rules":"no","exclude_category_quantity_rules":"no","combine_variations":"no","locations":[{"id":28168,"name":"Middelzee motoren","slug":"middelzee-motoren","quantity":""}],"_links":{"self":[{"href":"https:\/\/ab-marineservice.com\/de\/wp-json\/wp\/v2\/product\/392852","targetHints":{"allow":["GET"]}}],"collection":[{"href":"https:\/\/ab-marineservice.com\/de\/wp-json\/wp\/v2\/product"}],"about":[{"href":"https:\/\/ab-marineservice.com\/de\/wp-json\/wp\/v2\/types\/product"}],"replies":[{"embeddable":true,"href":"https:\/\/ab-marineservice.com\/de\/wp-json\/wp\/v2\/comments?post=392852"}],"wp:featuredmedia":[{"embeddable":true,"href":"https:\/\/ab-marineservice.com\/de\/wp-json\/wp\/v2\/media\/415520"}],"wp:attachment":[{"href":"https:\/\/ab-marineservice.com\/de\/wp-json\/wp\/v2\/media?parent=392852"}],"wp:term":[{"taxonomy":"location","embeddable":true,"href":"https:\/\/ab-marineservice.com\/de\/wp-json\/wp\/v2\/location?post=392852"},{"taxonomy":"product_brand","embeddable":true,"href":"https:\/\/ab-marineservice.com\/de\/wp-json\/wp\/v2\/product_brand?post=392852"},{"taxonomy":"product_cat","embeddable":true,"href":"https:\/\/ab-marineservice.com\/de\/wp-json\/wp\/v2\/product_cat?post=392852"},{"taxonomy":"product_tag","embeddable":true,"href":"https:\/\/ab-marineservice.com\/de\/wp-json\/wp\/v2\/product_tag?post=392852"}],"curies":[{"name":"wp","href":"https:\/\/api.w.org\/{rel}","templated":true}]}}