{"id":392883,"date":"2025-09-16T12:18:41","date_gmt":"2025-09-16T10:18:41","guid":{"rendered":"https:\/\/ab-marineservice.com\/product\/volvo-penta-pumpe-858065\/"},"modified":"2026-04-08T19:30:41","modified_gmt":"2026-04-08T17:30:41","slug":"volvo-penta-impellerpumpe-858065","status":"publish","type":"product","link":"https:\/\/ab-marineservice.com\/de\/produkt\/volvo-penta-impellerpumpe-858065\/","title":{"rendered":"Volvo Penta Impellerpumpe f\u00fcr die Seewasser-K\u00fchlung &#8211; 858065"},"content":{"rendered":"<p><strong>Geeignet f\u00fcr:<\/strong><br \/>\nVolvo Penta AQD2B<br \/>\nVolvo Penta MD11C<br \/>\nVolvo Penta MD11D<br \/>\nVolvo Penta MD17C<br \/>\nVolvo Penta MD17D<br \/>\nVolvo Penta MD1B<br \/>\nVolvo Penta MD2B<br \/>\nVolvo Penta MD3B<br \/>\nVolvo Penta MD5A<br \/>\nVolvo Penta MD5B<br \/>\nVolvo Penta MD5C<br \/>\nVolvo Penta MD6A<br \/>\nVolvo Penta MD6B<br \/>\nVolvo Penta MD7A<br \/>\nVolvo Penta MD7B<br \/>\nVolvo Penta MB10A<\/p>\n","protected":false},"excerpt":{"rendered":"<p>Volvo Penta Impellerpumpe 858065 ist eine K\u00fchlwasserpumpe (auch als Au\u00dfenwasserpumpe oder Seewasserpumpe bezeichnet), die f\u00fcr die K\u00fchlung verschiedener \u00e4lterer Volvo Penta Dieselmotoren unerl\u00e4sslich ist. Diese Pumpe zirkuliert Au\u00dfenwasser durch das K\u00fchlsystem, um eine \u00dcberhitzung des Motors zu verhindern, was St\u00f6rungen und Sch\u00e4den vermeidet. Die 858065 ersetzt \u00e4ltere oder alternative OEM-Nummern wie 807368, 833415, 833883 und 840076 und bietet somit ein zuverl\u00e4ssiges Upgrade oder Ersatz f\u00fcr \u00e4ltere Systeme.<\/p>\n<h4>Hauptmerkmale und Vorteile:<\/h4>\n<p><strong>Zuverl\u00e4ssige Wasserzirkulation:<\/strong> Sorgt f\u00fcr eine konstante Zufuhr von Seewasser, um den Motor auf optimaler Temperatur zu halten.<br \/>\n<strong>OEM-Ersatz:<\/strong> Geeignet als Ersatz f\u00fcr \u00e4ltere Nummern 807368, 833415, 833883 und 840076 f\u00fcr eine pr\u00e4zise Passform.<br \/>\n<strong>Wichtiges Bauteil:<\/strong> Verhindert \u00dcberhitzung und verl\u00e4ngert die Lebensdauer des Motors und des K\u00fchlsystems.<\/p>\n","protected":false},"featured_media":413371,"comment_status":"open","ping_status":"closed","template":"","meta":[],"location":[28168],"product_brand":[25895],"product_cat":[1222,22116,2161,25254],"product_tag":[],"class_list":{"0":"post-392883","1":"product","2":"type-product","3":"status-publish","4":"has-post-thumbnail","6":"location-middelzee-motoren","7":"product_brand-volvo-penta","8":"product_cat-motorteile","9":"product_cat-teile-nach-marke","10":"product_cat-motorenteile-volvo-penta","11":"product_cat-weitere-volvo-penta-teile","12":"product_shipping_class-paket-0-10-kg","14":"first","15":"instock","16":"sale","17":"taxable","18":"shipping-taxable","19":"purchasable","20":"product-type-simple"},"group_of_quantity":0,"min_quantity":0,"max_quantity":"","exclude_order_quantity_value_rules":"no","exclude_category_quantity_rules":"no","combine_variations":"no","locations":[{"id":28168,"name":"Middelzee motoren","slug":"middelzee-motoren","quantity":""}],"_links":{"self":[{"href":"https:\/\/ab-marineservice.com\/de\/wp-json\/wp\/v2\/product\/392883","targetHints":{"allow":["GET"]}}],"collection":[{"href":"https:\/\/ab-marineservice.com\/de\/wp-json\/wp\/v2\/product"}],"about":[{"href":"https:\/\/ab-marineservice.com\/de\/wp-json\/wp\/v2\/types\/product"}],"replies":[{"embeddable":true,"href":"https:\/\/ab-marineservice.com\/de\/wp-json\/wp\/v2\/comments?post=392883"}],"wp:featuredmedia":[{"embeddable":true,"href":"https:\/\/ab-marineservice.com\/de\/wp-json\/wp\/v2\/media\/413371"}],"wp:attachment":[{"href":"https:\/\/ab-marineservice.com\/de\/wp-json\/wp\/v2\/media?parent=392883"}],"wp:term":[{"taxonomy":"location","embeddable":true,"href":"https:\/\/ab-marineservice.com\/de\/wp-json\/wp\/v2\/location?post=392883"},{"taxonomy":"product_brand","embeddable":true,"href":"https:\/\/ab-marineservice.com\/de\/wp-json\/wp\/v2\/product_brand?post=392883"},{"taxonomy":"product_cat","embeddable":true,"href":"https:\/\/ab-marineservice.com\/de\/wp-json\/wp\/v2\/product_cat?post=392883"},{"taxonomy":"product_tag","embeddable":true,"href":"https:\/\/ab-marineservice.com\/de\/wp-json\/wp\/v2\/product_tag?post=392883"}],"curies":[{"name":"wp","href":"https:\/\/api.w.org\/{rel}","templated":true}]}}