{"id":392948,"date":"2025-09-16T12:23:23","date_gmt":"2025-09-16T10:23:23","guid":{"rendered":"https:\/\/ab-marineservice.com\/product\/volvo-penta-gummipuffer-856834\/"},"modified":"2026-05-02T11:40:06","modified_gmt":"2026-05-02T09:40:06","slug":"volvo-penta-gummipuffer-856834","status":"publish","type":"product","link":"https:\/\/ab-marineservice.com\/de\/produkt\/volvo-penta-gummipuffer-856834\/","title":{"rendered":"Volvo Penta Gummid\u00e4mpfer f\u00fcr Motoraufh\u00e4ngung &#8211; 856834"},"content":{"rendered":"<p><strong>Geeignet f\u00fcr:<\/strong><br \/>\nVolvo Penta AD31<br \/>\nVolvo Penta AD40<br \/>\nVolvo Penta D2-50<br \/>\nVolvo Penta D2-55<br \/>\nVolvo Penta D2-60<br \/>\nVolvo Penta D2-75<br \/>\nVolvo Penta D41<br \/>\nVolvo Penta KAD42<br \/>\nVolvo Penta MD2020<br \/>\nVolvo Penta TAMD31<br \/>\nVolvo Penta TAMD41<br \/>\nVolvo Penta TMD31<br \/>\nVolvo Penta TMD41<br \/>\nVolvo Penta 430<br \/>\nVolvo Penta 431<br \/>\nVolvo Penta 432<br \/>\nVolvo Penta 434<\/p>\n","protected":false},"excerpt":{"rendered":"<p>Volvo Penta Gummid\u00e4mpfer f\u00fcr Motoraufh\u00e4ngung, OEM 856834. Originalteil zur D\u00e4mpfung von Vibrationen und zur Verbesserung der Stabilit\u00e4t der Motoraufh\u00e4ngungen.<\/p>\n","protected":false},"featured_media":421039,"comment_status":"open","ping_status":"closed","template":"","meta":[],"location":[28168],"product_brand":[25895],"product_cat":[1222,22116,2161,25254],"product_tag":[],"class_list":{"0":"post-392948","1":"product","2":"type-product","3":"status-publish","4":"has-post-thumbnail","6":"location-middelzee-motoren","7":"product_brand-volvo-penta","8":"product_cat-motorteile","9":"product_cat-teile-nach-marke","10":"product_cat-motorenteile-volvo-penta","11":"product_cat-weitere-volvo-penta-teile","12":"product_shipping_class-paket-0-10-kg","14":"first","15":"instock","16":"sale","17":"taxable","18":"shipping-taxable","19":"purchasable","20":"product-type-simple"},"group_of_quantity":0,"min_quantity":0,"max_quantity":"","exclude_order_quantity_value_rules":"no","exclude_category_quantity_rules":"no","combine_variations":"no","locations":[{"id":28168,"name":"Middelzee motoren","slug":"middelzee-motoren","quantity":""}],"_links":{"self":[{"href":"https:\/\/ab-marineservice.com\/de\/wp-json\/wp\/v2\/product\/392948","targetHints":{"allow":["GET"]}}],"collection":[{"href":"https:\/\/ab-marineservice.com\/de\/wp-json\/wp\/v2\/product"}],"about":[{"href":"https:\/\/ab-marineservice.com\/de\/wp-json\/wp\/v2\/types\/product"}],"replies":[{"embeddable":true,"href":"https:\/\/ab-marineservice.com\/de\/wp-json\/wp\/v2\/comments?post=392948"}],"wp:featuredmedia":[{"embeddable":true,"href":"https:\/\/ab-marineservice.com\/de\/wp-json\/wp\/v2\/media\/421039"}],"wp:attachment":[{"href":"https:\/\/ab-marineservice.com\/de\/wp-json\/wp\/v2\/media?parent=392948"}],"wp:term":[{"taxonomy":"location","embeddable":true,"href":"https:\/\/ab-marineservice.com\/de\/wp-json\/wp\/v2\/location?post=392948"},{"taxonomy":"product_brand","embeddable":true,"href":"https:\/\/ab-marineservice.com\/de\/wp-json\/wp\/v2\/product_brand?post=392948"},{"taxonomy":"product_cat","embeddable":true,"href":"https:\/\/ab-marineservice.com\/de\/wp-json\/wp\/v2\/product_cat?post=392948"},{"taxonomy":"product_tag","embeddable":true,"href":"https:\/\/ab-marineservice.com\/de\/wp-json\/wp\/v2\/product_tag?post=392948"}],"curies":[{"name":"wp","href":"https:\/\/api.w.org\/{rel}","templated":true}]}}