{"id":392952,"date":"2025-09-16T12:23:46","date_gmt":"2025-09-16T10:23:46","guid":{"rendered":"https:\/\/ab-marineservice.com\/product\/volvo-penta-gummielement-846765\/"},"modified":"2026-01-06T17:53:56","modified_gmt":"2026-01-06T16:53:56","slug":"volvo-penta-gummielement-846765","status":"publish","type":"product","link":"https:\/\/ab-marineservice.com\/de\/produkt\/volvo-penta-gummielement-846765\/","title":{"rendered":"Volvo Penta Gummielement &#8211; 846765"},"content":{"rendered":"<p><strong>Geeignet f\u00fcr:<\/strong><br \/>\nVolvo Penta AD30<br \/>\nVolvo Penta AD31<br \/>\nVolvo Penta AQAD30<br \/>\nVolvo Penta D1-30<br \/>\nVolvo Penta D2-40<br \/>\nVolvo Penta D2-50<br \/>\nVolvo Penta D2-55<br \/>\nVolvo Penta D2-60<br \/>\nVolvo Penta D2-75<br \/>\nVolvo Penta D3-110<br \/>\nVolvo Penta D3-130<br \/>\nVolvo Penta D3-160<br \/>\nVolvo Penta D3-190<br \/>\nVolvo Penta KAD32<br \/>\nVolvo Penta MD2040<br \/>\nVolvo Penta MD22<br \/>\nVolvo Penta MD30<br \/>\nVolvo Penta MD31<br \/>\nVolvo Penta TAMD22<br \/>\nVolvo Penta TAMD30<br \/>\nVolvo Penta TAMD31<br \/>\nVolvo Penta TAMD41<br \/>\nVolvo Penta TMD22<br \/>\nVolvo Penta TMD30<br \/>\nVolvo Penta TMD31<br \/>\nVolvo Penta HS1<\/p>\n","protected":false},"excerpt":{"rendered":"<p>Volvo Penta Gummielement f\u00fcr Motor- und Antriebssysteme. Originalteil mit der OEM-Nummer 846765, sorgt f\u00fcr eine effektive Schwingungsd\u00e4mpfung und den Schutz angrenzender Komponenten.<\/p>\n","protected":false},"featured_media":419082,"comment_status":"open","ping_status":"closed","template":"","meta":[],"location":[28168],"product_brand":[25895],"product_cat":[1222,22116,2161,25254],"product_tag":[],"class_list":{"0":"post-392952","1":"product","2":"type-product","3":"status-publish","4":"has-post-thumbnail","6":"location-middelzee-motoren","7":"product_brand-volvo-penta","8":"product_cat-motorteile","9":"product_cat-teile-nach-marke","10":"product_cat-motorenteile-volvo-penta","11":"product_cat-weitere-volvo-penta-teile","12":"product_shipping_class-paket-0-10-kg","14":"first","15":"instock","16":"sale","17":"taxable","18":"shipping-taxable","19":"purchasable","20":"product-type-simple"},"group_of_quantity":0,"min_quantity":0,"max_quantity":"","exclude_order_quantity_value_rules":"no","exclude_category_quantity_rules":"no","combine_variations":"no","locations":[{"id":28168,"name":"Middelzee motoren","slug":"middelzee-motoren","quantity":""}],"_links":{"self":[{"href":"https:\/\/ab-marineservice.com\/de\/wp-json\/wp\/v2\/product\/392952","targetHints":{"allow":["GET"]}}],"collection":[{"href":"https:\/\/ab-marineservice.com\/de\/wp-json\/wp\/v2\/product"}],"about":[{"href":"https:\/\/ab-marineservice.com\/de\/wp-json\/wp\/v2\/types\/product"}],"replies":[{"embeddable":true,"href":"https:\/\/ab-marineservice.com\/de\/wp-json\/wp\/v2\/comments?post=392952"}],"wp:featuredmedia":[{"embeddable":true,"href":"https:\/\/ab-marineservice.com\/de\/wp-json\/wp\/v2\/media\/419082"}],"wp:attachment":[{"href":"https:\/\/ab-marineservice.com\/de\/wp-json\/wp\/v2\/media?parent=392952"}],"wp:term":[{"taxonomy":"location","embeddable":true,"href":"https:\/\/ab-marineservice.com\/de\/wp-json\/wp\/v2\/location?post=392952"},{"taxonomy":"product_brand","embeddable":true,"href":"https:\/\/ab-marineservice.com\/de\/wp-json\/wp\/v2\/product_brand?post=392952"},{"taxonomy":"product_cat","embeddable":true,"href":"https:\/\/ab-marineservice.com\/de\/wp-json\/wp\/v2\/product_cat?post=392952"},{"taxonomy":"product_tag","embeddable":true,"href":"https:\/\/ab-marineservice.com\/de\/wp-json\/wp\/v2\/product_tag?post=392952"}],"curies":[{"name":"wp","href":"https:\/\/api.w.org\/{rel}","templated":true}]}}