{"id":392965,"date":"2025-09-16T12:25:08","date_gmt":"2025-09-16T10:25:08","guid":{"rendered":"https:\/\/ab-marineservice.com\/product\/volvo-penta-gummischlauch-943370\/"},"modified":"2026-01-20T16:35:50","modified_gmt":"2026-01-20T15:35:50","slug":"volvo-penta-gummischlauch-943370","status":"publish","type":"product","link":"https:\/\/ab-marineservice.com\/de\/produkt\/volvo-penta-gummischlauch-943370\/","title":{"rendered":"Volvo Penta Gummischlauch f\u00fcr Ladeluftk\u00fchler &#8211; 943370"},"content":{"rendered":"<p><strong>Geeignet f\u00fcr:<\/strong><br \/>\nVolvo Penta AQD21<br \/>\nVolvo Penta AQD40<br \/>\nVolvo Penta D4-145<br \/>\nVolvo Penta D4-150<br \/>\nVolvo Penta D4-175<br \/>\nVolvo Penta D4-180<br \/>\nVolvo Penta D4-210<br \/>\nVolvo Penta D4-225<br \/>\nVolvo Penta D4-230<br \/>\nVolvo Penta D4-260<br \/>\nVolvo Penta D4-270<br \/>\nVolvo Penta D4-300<br \/>\nVolvo Penta D4-320<br \/>\nVolvo Penta D6-280<br \/>\nVolvo Penta D6-300<br \/>\nVolvo Penta D6-310<br \/>\nVolvo Penta D6-330<br \/>\nVolvo Penta D6-350<br \/>\nVolvo Penta D6-370<br \/>\nVolvo Penta D6-400<br \/>\nVolvo Penta D6-435<br \/>\nVolvo Penta D6-440<br \/>\nVolvo Penta KAD42<br \/>\nVolvo Penta KAMD42<br \/>\nVolvo Penta MD100<br \/>\nVolvo Penta MD120<br \/>\nVolvo Penta MD1<br \/>\nVolvo Penta MD2<br \/>\nVolvo Penta MD3<br \/>\nVolvo Penta TAMD120<br \/>\nVolvo Penta TAMD60<br \/>\nVolvo Penta TMD100<br \/>\nVolvo Penta TMD120<br \/>\nVolvo Penta D42<\/p>\n","protected":false},"excerpt":{"rendered":"<p>Volvo Penta Gummischlauch f\u00fcr Ladeluftk\u00fchler, OEM 943370. Originalteil zum Verbinden des Ladeluftk\u00fchlers und zur Gew\u00e4hrleistung einer effizienten Luftzirkulation.<\/p>\n","protected":false},"featured_media":0,"comment_status":"open","ping_status":"closed","template":"","meta":[],"location":[28168],"product_brand":[],"product_cat":[1222,22116,2161,25254],"product_tag":[],"class_list":{"0":"post-392965","1":"product","2":"type-product","3":"status-publish","5":"location-middelzee-motoren","6":"product_cat-motorteile","7":"product_cat-teile-nach-marke","8":"product_cat-motorenteile-volvo-penta","9":"product_cat-weitere-volvo-penta-teile","10":"product_shipping_class-paket-0-10-kg","12":"first","13":"outofstock","14":"sale","15":"taxable","16":"shipping-taxable","17":"purchasable","18":"product-type-simple"},"group_of_quantity":0,"min_quantity":0,"max_quantity":"","exclude_order_quantity_value_rules":"no","exclude_category_quantity_rules":"no","combine_variations":"no","locations":[{"id":28168,"name":"Middelzee motoren","slug":"middelzee-motoren","quantity":""}],"_links":{"self":[{"href":"https:\/\/ab-marineservice.com\/de\/wp-json\/wp\/v2\/product\/392965","targetHints":{"allow":["GET"]}}],"collection":[{"href":"https:\/\/ab-marineservice.com\/de\/wp-json\/wp\/v2\/product"}],"about":[{"href":"https:\/\/ab-marineservice.com\/de\/wp-json\/wp\/v2\/types\/product"}],"replies":[{"embeddable":true,"href":"https:\/\/ab-marineservice.com\/de\/wp-json\/wp\/v2\/comments?post=392965"}],"wp:attachment":[{"href":"https:\/\/ab-marineservice.com\/de\/wp-json\/wp\/v2\/media?parent=392965"}],"wp:term":[{"taxonomy":"location","embeddable":true,"href":"https:\/\/ab-marineservice.com\/de\/wp-json\/wp\/v2\/location?post=392965"},{"taxonomy":"product_brand","embeddable":true,"href":"https:\/\/ab-marineservice.com\/de\/wp-json\/wp\/v2\/product_brand?post=392965"},{"taxonomy":"product_cat","embeddable":true,"href":"https:\/\/ab-marineservice.com\/de\/wp-json\/wp\/v2\/product_cat?post=392965"},{"taxonomy":"product_tag","embeddable":true,"href":"https:\/\/ab-marineservice.com\/de\/wp-json\/wp\/v2\/product_tag?post=392965"}],"curies":[{"name":"wp","href":"https:\/\/api.w.org\/{rel}","templated":true}]}}