{"id":393010,"date":"2025-09-16T12:28:58","date_gmt":"2025-09-16T10:28:58","guid":{"rendered":"https:\/\/ab-marineservice.com\/product\/volvo-penta-dichtung-23492730\/"},"modified":"2026-05-02T11:39:12","modified_gmt":"2026-05-02T09:39:12","slug":"volvo-penta-dichtung-23492730","status":"publish","type":"product","link":"https:\/\/ab-marineservice.com\/de\/produkt\/volvo-penta-dichtung-23492730\/","title":{"rendered":"Volvo Penta Dichtung &#8211; 23492730"},"content":{"rendered":"<p><strong>Geeignet f\u00fcr:<\/strong><br \/>\nVolvo Penta DP-S<br \/>\nVolvo Penta DPS-A<br \/>\nVolvo Penta DPS-B<br \/>\nVolvo Penta DPS-D<br \/>\nVolvo Penta FWD-B<br \/>\nVolvo Penta FWD-D<br \/>\nVolvo Penta SX-A<br \/>\nVolvo Penta SX-C<br \/>\nVolvo Penta SX-D<br \/>\nVolvo Penta SX-M<br \/>\nVolvo Penta SX-RT<br \/>\nVolvo Penta SX-S<br \/>\nVolvo Penta SX-ST<br \/>\nVolvo Penta TSK A<br \/>\nVolvo Penta TSK B<br \/>\nVolvo Penta TSK SX<br \/>\nVolvo Penta TSK X<br \/>\nVolvo Penta TSK XXP<br \/>\nVolvo Penta TSK-A<br \/>\nVolvo Penta TSK-B<br \/>\nVolvo Penta TSK-C<br \/>\nVolvo Penta XDP-B<br \/>\nVolvo Penta XDP-D<\/p>\n","protected":false},"excerpt":{"rendered":"<p>Volvo Penta Dichtung 23492730 ist eine wesentliche Dichtung f\u00fcr die Antriebseinheit, die entwickelt wurde, um \u00d6l- und Wasserlecks rund um den Eingang der universellen Gabel in Volvo Penta Sterndrivesystemen zu verhindern. Sie sorgt f\u00fcr eine zuverl\u00e4ssige Abdichtung und tr\u00e4gt zur Langlebigkeit des Antriebsstrangs bei.<\/p>\n","protected":false},"featured_media":431154,"comment_status":"open","ping_status":"closed","template":"","meta":[],"location":[28168],"product_brand":[25895],"product_cat":[1222,22116,2161,25254],"product_tag":[],"class_list":{"0":"post-393010","1":"product","2":"type-product","3":"status-publish","4":"has-post-thumbnail","6":"location-middelzee-motoren","7":"product_brand-volvo-penta","8":"product_cat-motorteile","9":"product_cat-teile-nach-marke","10":"product_cat-motorenteile-volvo-penta","11":"product_cat-weitere-volvo-penta-teile","12":"product_shipping_class-paket-0-10-kg","14":"first","15":"instock","16":"sale","17":"taxable","18":"shipping-taxable","19":"purchasable","20":"product-type-simple"},"group_of_quantity":0,"min_quantity":0,"max_quantity":"","exclude_order_quantity_value_rules":"no","exclude_category_quantity_rules":"no","combine_variations":"no","locations":[{"id":28168,"name":"Middelzee motoren","slug":"middelzee-motoren","quantity":""}],"_links":{"self":[{"href":"https:\/\/ab-marineservice.com\/de\/wp-json\/wp\/v2\/product\/393010","targetHints":{"allow":["GET"]}}],"collection":[{"href":"https:\/\/ab-marineservice.com\/de\/wp-json\/wp\/v2\/product"}],"about":[{"href":"https:\/\/ab-marineservice.com\/de\/wp-json\/wp\/v2\/types\/product"}],"replies":[{"embeddable":true,"href":"https:\/\/ab-marineservice.com\/de\/wp-json\/wp\/v2\/comments?post=393010"}],"wp:featuredmedia":[{"embeddable":true,"href":"https:\/\/ab-marineservice.com\/de\/wp-json\/wp\/v2\/media\/431154"}],"wp:attachment":[{"href":"https:\/\/ab-marineservice.com\/de\/wp-json\/wp\/v2\/media?parent=393010"}],"wp:term":[{"taxonomy":"location","embeddable":true,"href":"https:\/\/ab-marineservice.com\/de\/wp-json\/wp\/v2\/location?post=393010"},{"taxonomy":"product_brand","embeddable":true,"href":"https:\/\/ab-marineservice.com\/de\/wp-json\/wp\/v2\/product_brand?post=393010"},{"taxonomy":"product_cat","embeddable":true,"href":"https:\/\/ab-marineservice.com\/de\/wp-json\/wp\/v2\/product_cat?post=393010"},{"taxonomy":"product_tag","embeddable":true,"href":"https:\/\/ab-marineservice.com\/de\/wp-json\/wp\/v2\/product_tag?post=393010"}],"curies":[{"name":"wp","href":"https:\/\/api.w.org\/{rel}","templated":true}]}}