{"id":393016,"date":"2025-09-16T12:29:21","date_gmt":"2025-09-16T10:29:21","guid":{"rendered":"https:\/\/ab-marineservice.com\/product\/volvo-penta-dichtung-3583609\/"},"modified":"2026-05-02T11:39:05","modified_gmt":"2026-05-02T09:39:05","slug":"volvo-penta-dichtung-3583609","status":"publish","type":"product","link":"https:\/\/ab-marineservice.com\/de\/produkt\/volvo-penta-dichtung-3583609\/","title":{"rendered":"Volvo Penta Dichtung f\u00fcr Seewasserpumpe &#8211; 3583609"},"content":{"rendered":"<p><strong>Geeignet f\u00fcr:<\/strong><\/p>\n<p>Volvo Penta D11A<br \/>\nVolvo Penta D4-180I<br \/>\nVolvo Penta D4-210A<br \/>\nVolvo Penta D4-225A<br \/>\nVolvo Penta D4-225I<br \/>\nVolvo Penta D4-260A<br \/>\nVolvo Penta D4-260D<br \/>\nVolvo Penta D4-260I<br \/>\nVolvo Penta D4-300A<br \/>\nVolvo Penta D4-300D<br \/>\nVolvo Penta D4-300I<br \/>\nVolvo Penta D6-280A<br \/>\nVolvo Penta D6-280I<br \/>\nVolvo Penta D6-300I<br \/>\nVolvo Penta D6-310A<br \/>\nVolvo Penta D6-310D<br \/>\nVolvo Penta D6-310I<br \/>\nVolvo Penta D6-330A<br \/>\nVolvo Penta D6-330D<br \/>\nVolvo Penta D6-330I<br \/>\nVolvo Penta D6-350A<br \/>\nVolvo Penta D6-370A<br \/>\nVolvo Penta D6-370D<br \/>\nVolvo Penta D6-370I<br \/>\nVolvo Penta D6-435D<br \/>\nVolvo Penta D6-435I<br \/>\nVolvo Penta D9A2<\/p>\n","protected":false},"excerpt":{"rendered":"<p>Volvo Penta Dichtung f\u00fcr Seewasserpumpe 3583609 ist eine hochwertige Radialdichtung, die eine wasserdichte Abdichtung f\u00fcr die Welle in der Seewasserpumpe bietet. Diese Dichtung verhindert das Eindringen von Seewasser in das Motorblock, was Motorsch\u00e4den durch Korrosion und K\u00fchlwasserverlust verhindert. Ideal f\u00fcr eine zuverl\u00e4ssige Wartung des K\u00fchlsystems Ihres Motors.<\/p>\n<h3>Wichtigste Merkmale und Vorteile:<\/h3>\n<p><strong>Verhindert Leckagen:<\/strong> Bietet eine wasserdichte Abdichtung f\u00fcr die Seewasserpumpenwelle.<br \/>\n<strong>Sch\u00fctzt das Motorblock:<\/strong> Verhindert, dass Seewasser in das Motorblock gelangt und Korrosion verursacht.<br \/>\n<strong>Verbessert die K\u00fchlleistung:<\/strong> H\u00e4lt das K\u00fchlsystem effektiv und zuverl\u00e4ssig in Betrieb.<br \/>\n<strong>Originalteil:<\/strong> Original Volvo Penta Radialdichtung f\u00fcr einfachen Austausch und perfekte Passform.<\/p>\n","protected":false},"featured_media":432336,"comment_status":"open","ping_status":"closed","template":"","meta":[],"location":[28168],"product_brand":[25895],"product_cat":[1222,22116,2161,25254],"product_tag":[],"class_list":{"0":"post-393016","1":"product","2":"type-product","3":"status-publish","4":"has-post-thumbnail","6":"location-middelzee-motoren","7":"product_brand-volvo-penta","8":"product_cat-motorteile","9":"product_cat-teile-nach-marke","10":"product_cat-motorenteile-volvo-penta","11":"product_cat-weitere-volvo-penta-teile","12":"product_shipping_class-paket-0-10-kg","14":"first","15":"instock","16":"sale","17":"taxable","18":"shipping-taxable","19":"purchasable","20":"product-type-simple"},"group_of_quantity":0,"min_quantity":0,"max_quantity":"","exclude_order_quantity_value_rules":"no","exclude_category_quantity_rules":"no","combine_variations":"no","locations":[{"id":28168,"name":"Middelzee motoren","slug":"middelzee-motoren","quantity":""}],"_links":{"self":[{"href":"https:\/\/ab-marineservice.com\/de\/wp-json\/wp\/v2\/product\/393016","targetHints":{"allow":["GET"]}}],"collection":[{"href":"https:\/\/ab-marineservice.com\/de\/wp-json\/wp\/v2\/product"}],"about":[{"href":"https:\/\/ab-marineservice.com\/de\/wp-json\/wp\/v2\/types\/product"}],"replies":[{"embeddable":true,"href":"https:\/\/ab-marineservice.com\/de\/wp-json\/wp\/v2\/comments?post=393016"}],"wp:featuredmedia":[{"embeddable":true,"href":"https:\/\/ab-marineservice.com\/de\/wp-json\/wp\/v2\/media\/432336"}],"wp:attachment":[{"href":"https:\/\/ab-marineservice.com\/de\/wp-json\/wp\/v2\/media?parent=393016"}],"wp:term":[{"taxonomy":"location","embeddable":true,"href":"https:\/\/ab-marineservice.com\/de\/wp-json\/wp\/v2\/location?post=393016"},{"taxonomy":"product_brand","embeddable":true,"href":"https:\/\/ab-marineservice.com\/de\/wp-json\/wp\/v2\/product_brand?post=393016"},{"taxonomy":"product_cat","embeddable":true,"href":"https:\/\/ab-marineservice.com\/de\/wp-json\/wp\/v2\/product_cat?post=393016"},{"taxonomy":"product_tag","embeddable":true,"href":"https:\/\/ab-marineservice.com\/de\/wp-json\/wp\/v2\/product_tag?post=393016"}],"curies":[{"name":"wp","href":"https:\/\/api.w.org\/{rel}","templated":true}]}}