{"id":393017,"date":"2025-09-16T12:29:21","date_gmt":"2025-09-16T10:29:21","guid":{"rendered":"https:\/\/ab-marineservice.com\/product\/volvo-penta-dichtung-3586568\/"},"modified":"2026-03-02T14:17:17","modified_gmt":"2026-03-02T13:17:17","slug":"volvo-penta-dichtung-3586568","status":"publish","type":"product","link":"https:\/\/ab-marineservice.com\/de\/produkt\/volvo-penta-dichtung-3586568\/","title":{"rendered":"Volvo Penta IPS Dichtung f\u00fcr das Getriebegeh\u00e4use &#8211; 3586568"},"content":{"rendered":"<p><strong>Geeignet f\u00fcr:<\/strong><br \/>\nVolvo Penta IPS-A<br \/>\nVolvo Penta IPS-B<br \/>\nVolvo Penta IPS-C<br \/>\nVolvo Penta IPS-D<br \/>\nVolvo Penta IPS-E<br \/>\nVolvo Penta IPS-F<br \/>\nVolvo Penta IPS10-A<\/p>\n","protected":false},"excerpt":{"rendered":"<p>Volvo Penta IPS Dichtung f\u00fcr das Getriebegeh\u00e4use &#8211; 3586568, entwickelt f\u00fcr eine sichere und zuverl\u00e4ssige Abdichtung des Getriebegeh\u00e4uses in Volvo Penta IPS-Systemen. Diese Dichtung bietet hervorragenden Schutz vor Wasser und anderen Verunreinigungen, was die Lebensdauer des Systems verl\u00e4ngert.<\/p>\n","protected":false},"featured_media":427655,"comment_status":"open","ping_status":"closed","template":"","meta":[],"location":[28168],"product_brand":[25895],"product_cat":[1222,22116,2161,25254],"product_tag":[],"class_list":{"0":"post-393017","1":"product","2":"type-product","3":"status-publish","4":"has-post-thumbnail","6":"location-middelzee-motoren","7":"product_brand-volvo-penta","8":"product_cat-motorteile","9":"product_cat-teile-nach-marke","10":"product_cat-motorenteile-volvo-penta","11":"product_cat-weitere-volvo-penta-teile","12":"product_shipping_class-paket-0-10-kg","14":"first","15":"instock","16":"sale","17":"taxable","18":"shipping-taxable","19":"purchasable","20":"product-type-simple"},"group_of_quantity":0,"min_quantity":0,"max_quantity":"","exclude_order_quantity_value_rules":"no","exclude_category_quantity_rules":"no","combine_variations":"no","locations":[{"id":28168,"name":"Middelzee motoren","slug":"middelzee-motoren","quantity":""}],"_links":{"self":[{"href":"https:\/\/ab-marineservice.com\/de\/wp-json\/wp\/v2\/product\/393017","targetHints":{"allow":["GET"]}}],"collection":[{"href":"https:\/\/ab-marineservice.com\/de\/wp-json\/wp\/v2\/product"}],"about":[{"href":"https:\/\/ab-marineservice.com\/de\/wp-json\/wp\/v2\/types\/product"}],"replies":[{"embeddable":true,"href":"https:\/\/ab-marineservice.com\/de\/wp-json\/wp\/v2\/comments?post=393017"}],"wp:featuredmedia":[{"embeddable":true,"href":"https:\/\/ab-marineservice.com\/de\/wp-json\/wp\/v2\/media\/427655"}],"wp:attachment":[{"href":"https:\/\/ab-marineservice.com\/de\/wp-json\/wp\/v2\/media?parent=393017"}],"wp:term":[{"taxonomy":"location","embeddable":true,"href":"https:\/\/ab-marineservice.com\/de\/wp-json\/wp\/v2\/location?post=393017"},{"taxonomy":"product_brand","embeddable":true,"href":"https:\/\/ab-marineservice.com\/de\/wp-json\/wp\/v2\/product_brand?post=393017"},{"taxonomy":"product_cat","embeddable":true,"href":"https:\/\/ab-marineservice.com\/de\/wp-json\/wp\/v2\/product_cat?post=393017"},{"taxonomy":"product_tag","embeddable":true,"href":"https:\/\/ab-marineservice.com\/de\/wp-json\/wp\/v2\/product_tag?post=393017"}],"curies":[{"name":"wp","href":"https:\/\/api.w.org\/{rel}","templated":true}]}}