{"id":393028,"date":"2025-09-16T12:30:08","date_gmt":"2025-09-16T10:30:08","guid":{"rendered":"https:\/\/ab-marineservice.com\/product\/volvo-penta-dichtung-828526\/"},"modified":"2026-05-02T11:38:58","modified_gmt":"2026-05-02T09:38:58","slug":"volvo-penta-dichtung-35-mm-propellerwelle-828526","status":"publish","type":"product","link":"https:\/\/ab-marineservice.com\/de\/produkt\/volvo-penta-dichtung-35-mm-propellerwelle-828526\/","title":{"rendered":"Volvo Penta Dichtung 35 mm Propellerwelle \u2013 828526"},"content":{"rendered":"<p><strong>Produktinfo:<\/strong><br \/>\nDiese Volvo Penta Stopfbuchse ist geeignet f\u00fcr eine Propellerwellendurchmesser von 35 mm und einen Geh\u00e4usedurchmesser von 54 mm. Die Stopfbuchse (moulded packing) ist exakt auf Volvo Penta Propellerwellen und Geh\u00e4use abgestimmt und sorgt f\u00fcr eine zuverl\u00e4ssige Abdichtung rund um die Antriebswelle.<\/p>\n<p>Die Stopfbuchse wird komplett mit Montagematerial und einer Fettkartusche geliefert, sodass eine einfache und korrekte Installation m\u00f6glich ist. Auf der Dichtkante ist die Teilenummer 828524 aufgedruckt.<\/p>\n<p><strong>Spezifikationen:<\/strong><br \/>\nPropellerwellendurchmesser: 35,00 mm<br \/>\nGeh\u00e4usedurchmesser: 54,00 mm<br \/>\nMa\u00df A: 36,00 mm<br \/>\nMa\u00df B: 82,00 mm<\/p>\n<p><strong>Geeignet f\u00fcr:<\/strong><br \/>\nVolvo Penta 2001<br \/>\nVolvo Penta 2002<br \/>\nVolvo Penta 2003<br \/>\nVolvo Penta AD30<br \/>\nVolvo Penta AD31<br \/>\nVolvo Penta AD41<br \/>\nVolvo Penta AQAD30<br \/>\nVolvo Penta AQD21<br \/>\nVolvo Penta AQD2<br \/>\nVolvo Penta D41<br \/>\nVolvo Penta KAD42<br \/>\nVolvo Penta KAMD42<br \/>\nVolvo Penta MD11<br \/>\nVolvo Penta MD17<br \/>\nVolvo Penta MD1<br \/>\nVolvo Penta MD21<br \/>\nVolvo Penta MD22<br \/>\nVolvo Penta MD2<br \/>\nVolvo Penta MD30<br \/>\nVolvo Penta MD31<br \/>\nVolvo Penta MD3<br \/>\nVolvo Penta MD40<br \/>\nVolvo Penta MD5<br \/>\nVolvo Penta MD67<br \/>\nVolvo Penta MD6<br \/>\nVolvo Penta MD7<br \/>\nVolvo Penta TAMD22<br \/>\nVolvo Penta TAMD30<br \/>\nVolvo Penta TAMD31<br \/>\nVolvo Penta TAMD40<br \/>\nVolvo Penta TAMD41<br \/>\nVolvo Penta TAMD42<br \/>\nVolvo Penta TMD22<br \/>\nVolvo Penta TMD30<br \/>\nVolvo Penta TMD31<br \/>\nVolvo Penta TMD40<br \/>\nVolvo Penta TMD41<br \/>\nVolvo Penta AQ115<br \/>\nVolvo Penta AQ120<br \/>\nVolvo Penta AQ125<br \/>\nVolvo Penta AQ130<br \/>\nVolvo Penta AQ140<br \/>\nVolvo Penta AQ145<br \/>\nVolvo Penta AQ165<br \/>\nVolvo Penta AQ170<br \/>\nVolvo Penta B20<br \/>\nVolvo Penta BB115<br \/>\nVolvo Penta BB140<br \/>\nVolvo Penta BB145<br \/>\nVolvo Penta BB165<br \/>\nVolvo Penta BB170<br \/>\nVolvo Penta MB10<br \/>\nVolvo Penta MB20<\/p>\n","protected":false},"excerpt":{"rendered":"<p>Volvo Penta Dichtung 35 mm Schraubenwelle 828526 ist eine Stopfbuchse (moulded packing), die eine zuverl\u00e4ssige Abdichtung rund um die Antriebswelle f\u00fcr Volvo Penta Schiffsantriebe bietet. Diese Dichtung ist genau auf einen Schraubenwellen-Durchmesser von 35 mm und einen H\u00fclsendurchmesser von 54 mm dimensioniert, verhindert Leckagen entlang der Welle und sch\u00fctzt so den Maschinenraum vor Wassereinbruch. Die Stopfbuchse wird komplett mit Montagematerial und Fett geliefert, sodass eine korrekte Installation einfach ausgef\u00fchrt werden kann.<\/p>\n<h4>Wichtigste Merkmale und Vorteile:<\/h4>\n<p><strong>Zuverl\u00e4ssige Abdichtung:<\/strong> Sorgt f\u00fcr eine wasserdichte Versiegelung rund um die Schraubenwelle, um Leckagen zu verhindern.<br \/>\n<strong>Komplettes Set:<\/strong> Wird mit Montagematerial und Fett geliefert f\u00fcr eine korrekte und einfache Montage.<br \/>\n<strong>Exakt passende Gr\u00f6\u00dfe:<\/strong> Entwickelt f\u00fcr 35 mm Schraubenwellen und 54 mm H\u00fclsen f\u00fcr eine pr\u00e4zise Passform.<br \/>\n<strong>Geeignet f\u00fcr Volvo Penta Systeme:<\/strong> OEM-Qualit\u00e4t f\u00fcr langlebigen Betrieb unter maritimen Bedingungen.<\/p>\n","protected":false},"featured_media":412740,"comment_status":"open","ping_status":"closed","template":"","meta":[],"location":[28168],"product_brand":[25895],"product_cat":[1222,22116,2161,25254],"product_tag":[],"class_list":{"0":"post-393028","1":"product","2":"type-product","3":"status-publish","4":"has-post-thumbnail","6":"location-middelzee-motoren","7":"product_brand-volvo-penta","8":"product_cat-motorteile","9":"product_cat-teile-nach-marke","10":"product_cat-motorenteile-volvo-penta","11":"product_cat-weitere-volvo-penta-teile","12":"product_shipping_class-paket-0-10-kg","14":"first","15":"instock","16":"sale","17":"taxable","18":"shipping-taxable","19":"purchasable","20":"product-type-simple"},"group_of_quantity":0,"min_quantity":0,"max_quantity":"","exclude_order_quantity_value_rules":"no","exclude_category_quantity_rules":"no","combine_variations":"no","locations":[{"id":28168,"name":"Middelzee motoren","slug":"middelzee-motoren","quantity":""}],"_links":{"self":[{"href":"https:\/\/ab-marineservice.com\/de\/wp-json\/wp\/v2\/product\/393028","targetHints":{"allow":["GET"]}}],"collection":[{"href":"https:\/\/ab-marineservice.com\/de\/wp-json\/wp\/v2\/product"}],"about":[{"href":"https:\/\/ab-marineservice.com\/de\/wp-json\/wp\/v2\/types\/product"}],"replies":[{"embeddable":true,"href":"https:\/\/ab-marineservice.com\/de\/wp-json\/wp\/v2\/comments?post=393028"}],"wp:featuredmedia":[{"embeddable":true,"href":"https:\/\/ab-marineservice.com\/de\/wp-json\/wp\/v2\/media\/412740"}],"wp:attachment":[{"href":"https:\/\/ab-marineservice.com\/de\/wp-json\/wp\/v2\/media?parent=393028"}],"wp:term":[{"taxonomy":"location","embeddable":true,"href":"https:\/\/ab-marineservice.com\/de\/wp-json\/wp\/v2\/location?post=393028"},{"taxonomy":"product_brand","embeddable":true,"href":"https:\/\/ab-marineservice.com\/de\/wp-json\/wp\/v2\/product_brand?post=393028"},{"taxonomy":"product_cat","embeddable":true,"href":"https:\/\/ab-marineservice.com\/de\/wp-json\/wp\/v2\/product_cat?post=393028"},{"taxonomy":"product_tag","embeddable":true,"href":"https:\/\/ab-marineservice.com\/de\/wp-json\/wp\/v2\/product_tag?post=393028"}],"curies":[{"name":"wp","href":"https:\/\/api.w.org\/{rel}","templated":true}]}}