{"id":393034,"date":"2025-09-16T12:30:33","date_gmt":"2025-09-16T10:30:33","guid":{"rendered":"https:\/\/ab-marineservice.com\/product\/volvo-penta-dichtmittel-22618325\/"},"modified":"2025-12-01T15:38:08","modified_gmt":"2025-12-01T14:38:08","slug":"volvo-penta-dichtmittel-22618325","status":"publish","type":"product","link":"https:\/\/ab-marineservice.com\/de\/produkt\/volvo-penta-dichtmittel-22618325\/","title":{"rendered":"Volvo Penta fl\u00fcssiges Dichtungsmittel f\u00fcr Zylinderkopfdichtung \u2013 22618325"},"content":{"rendered":"","protected":false},"excerpt":{"rendered":"<p><strong>Produktinfo:<\/strong><br \/>\nErsetzt herk\u00f6mmliche Papierdichtungen und liefert sofort eine ma\u00dfgeschneiderte Dichtung. Best\u00e4ndig gegen Benzin, \u00d6l, Frostschutzmittel, Getriebe\u00f6l und L\u00f6sungsmittel. Betriebstemperaturbereich: -50\u00b0C bis +150\u00b0C.<\/p>\n<p><strong>Geeignet f\u00fcr:<\/strong><br \/>\nVolvo Penta AD31<br \/>\nVolvo Penta AD41<br \/>\nVolvo Penta D41<br \/>\nVolvo Penta D5A<br \/>\nVolvo Penta D7A<br \/>\nVolvo Penta MD31<br \/>\nVolvo Penta TAMD31<br \/>\nVolvo Penta TAMD40<br \/>\nVolvo Penta TAMD41<br \/>\nVolvo Penta TMD100<br \/>\nVolvo Penta TMD31<br \/>\nVolvo Penta 230<br \/>\nVolvo Penta 250<br \/>\nVolvo Penta 430<br \/>\nVolvo Penta 500<br \/>\nVolvo Penta 570<br \/>\nVolvo Penta 740<br \/>\nVolvo Penta AQ205<br \/>\nVolvo Penta 290<br \/>\nVolvo Penta DP<br \/>\nVolvo Penta MS4<br \/>\nVolvo Penta SP<br \/>\nVolvo Penta D70<br \/>\nVolvo Penta TAD121<br \/>\nVolvo Penta TAD520<br \/>\nVolvo Penta TAD530<br \/>\nVolvo Penta TAD531<br \/>\nVolvo Penta TAD532<br \/>\nVolvo Penta TAD550<br \/>\nVolvo Penta TAD560<br \/>\nVolvo Penta TAD650<br \/>\nVolvo Penta TAD660<br \/>\nVolvo Penta TAD720<br \/>\nVolvo Penta TAD730<br \/>\nVolvo Penta TAD740<br \/>\nVolvo Penta TAD750<br \/>\nVolvo Penta TAD752<br \/>\nVolvo Penta TAD753<br \/>\nVolvo Penta TAD760<br \/>\nVolvo Penta TAD761<br \/>\nVolvo Penta TAD762<br \/>\nVolvo Penta TAD763<br \/>\nVolvo Penta TAD764<br \/>\nVolvo Penta TAD765<br \/>\nVolvo Penta TD100<br \/>\nVolvo Penta TD121<br \/>\nVolvo Penta TD520<br \/>\nVolvo Penta TD70<br \/>\nVolvo Penta TD710<br \/>\nVolvo Penta TD71<br \/>\nVolvo Penta TD720<br \/>\nVolvo Penta TD730<br \/>\nVolvo Penta TD73<br \/>\nVolvo Penta TWD610<br \/>\nVolvo Penta TWD710<br \/>\nVolvo Penta TWD730<br \/>\nVolvo Penta TWD740<\/p>\n","protected":false},"featured_media":415205,"comment_status":"open","ping_status":"closed","template":"","meta":[],"location":[28168],"product_brand":[],"product_cat":[1222,22116,2161,25446],"product_tag":[],"class_list":{"0":"post-393034","1":"product","2":"type-product","3":"status-publish","4":"has-post-thumbnail","6":"location-middelzee-motoren","7":"product_cat-motorteile","8":"product_cat-teile-nach-marke","9":"product_cat-motorenteile-volvo-penta","10":"product_cat-volvo-penta-olien-smeermiddelen-en-koelvloeistof","11":"product_shipping_class-paket-0-10-kg","13":"first","14":"instock","15":"sale","16":"taxable","17":"shipping-taxable","18":"purchasable","19":"product-type-simple"},"group_of_quantity":0,"min_quantity":0,"max_quantity":"","exclude_order_quantity_value_rules":"no","exclude_category_quantity_rules":"no","combine_variations":"no","locations":[{"id":28168,"name":"Middelzee motoren","slug":"middelzee-motoren","quantity":""}],"_links":{"self":[{"href":"https:\/\/ab-marineservice.com\/de\/wp-json\/wp\/v2\/product\/393034","targetHints":{"allow":["GET"]}}],"collection":[{"href":"https:\/\/ab-marineservice.com\/de\/wp-json\/wp\/v2\/product"}],"about":[{"href":"https:\/\/ab-marineservice.com\/de\/wp-json\/wp\/v2\/types\/product"}],"replies":[{"embeddable":true,"href":"https:\/\/ab-marineservice.com\/de\/wp-json\/wp\/v2\/comments?post=393034"}],"wp:featuredmedia":[{"embeddable":true,"href":"https:\/\/ab-marineservice.com\/de\/wp-json\/wp\/v2\/media\/415205"}],"wp:attachment":[{"href":"https:\/\/ab-marineservice.com\/de\/wp-json\/wp\/v2\/media?parent=393034"}],"wp:term":[{"taxonomy":"location","embeddable":true,"href":"https:\/\/ab-marineservice.com\/de\/wp-json\/wp\/v2\/location?post=393034"},{"taxonomy":"product_brand","embeddable":true,"href":"https:\/\/ab-marineservice.com\/de\/wp-json\/wp\/v2\/product_brand?post=393034"},{"taxonomy":"product_cat","embeddable":true,"href":"https:\/\/ab-marineservice.com\/de\/wp-json\/wp\/v2\/product_cat?post=393034"},{"taxonomy":"product_tag","embeddable":true,"href":"https:\/\/ab-marineservice.com\/de\/wp-json\/wp\/v2\/product_tag?post=393034"}],"curies":[{"name":"wp","href":"https:\/\/api.w.org\/{rel}","templated":true}]}}