{"id":393147,"date":"2025-09-16T12:38:56","date_gmt":"2025-09-16T10:38:56","guid":{"rendered":"https:\/\/ab-marineservice.com\/product\/volvo-penta-dichtungshuelse-3819723\/"},"modified":"2026-01-04T18:51:52","modified_gmt":"2026-01-04T17:51:52","slug":"volvo-penta-dichtungshuelse-3819723","status":"publish","type":"product","link":"https:\/\/ab-marineservice.com\/de\/produkt\/volvo-penta-dichtungshuelse-3819723\/","title":{"rendered":"Volvo Penta Schraubenschaftdichtung, wassergeschmiert 50,00 mm &#8211; 3819723"},"content":{"rendered":"<p><strong>Produktinformationen: <\/strong><br \/>\nGegossene Dichtungsbox f\u00fcr effektive Schmierung\/Dichtung. Einfache, zeitsparende Installation und kompakte Gr\u00f6\u00dfe. Minimale Wartungsanforderungen \u2013 alle 200 Stunden oder einmal im Jahr schmieren. Die Dichtungsbox ist speziell f\u00fcr Volvo Penta Schraubwellen und -lager dimensioniert. F\u00fcr eine effektive Schmierung ist es entscheidend, dass die Lager der Dichtungsbox bei allen Geschwindigkeiten mit Wasser geschmiert werden. Vollst\u00e4ndig geliefert mit Montagesatz und Fettschmierrohr.<\/p>\n<p><strong>Abmessungen:<\/strong><br \/>\nA: 36,00 mm<br \/>\nB: 92,00 mm<br \/>\nWellen \u00d8: 50,00 mm<\/p>\n<p><strong>Geeignet f\u00fcr:<\/strong><br \/>\nVolvo Penta 2001<br \/>\nVolvo Penta 2002<br \/>\nVolvo Penta 2003<br \/>\nVolvo Penta AD30<br \/>\nVolvo Penta AD31<br \/>\nVolvo Penta AD40<br \/>\nVolvo Penta AD41<br \/>\nVolvo Penta AQAD30<br \/>\nVolvo Penta AQAD40<br \/>\nVolvo Penta AQD21<br \/>\nVolvo Penta AQD40<br \/>\nVolvo Penta D4<br \/>\nVolvo Penta D6<br \/>\nVolvo Penta KAD42<br \/>\nVolvo Penta KAMD42<br \/>\nVolvo Penta MD11<br \/>\nVolvo Penta MD17<br \/>\nVolvo Penta MD21<br \/>\nVolvo Penta MD22<br \/>\nVolvo Penta MD30<br \/>\nVolvo Penta MD31<br \/>\nVolvo Penta MD40<br \/>\nVolvo Penta TAMD22<br \/>\nVolvo Penta TAMD30<br \/>\nVolvo Penta TAMD31<br \/>\nVolvo Penta TAMD40<br \/>\nVolvo Penta TMD22<br \/>\nVolvo Penta TMD30<br \/>\nVolvo Penta TMD31<br \/>\nVolvo Penta TMD40<br \/>\nVolvo Penta AQ115<br \/>\nVolvo Penta AQ120<br \/>\nVolvo Penta AQ130<br \/>\nVolvo Penta AQ140<br \/>\nVolvo Penta AQ145<br \/>\nVolvo Penta AQ170<br \/>\nVolvo Penta B20<br \/>\nVolvo Penta BB115<br \/>\nVolvo Penta BB140<br \/>\nVolvo Penta BB145<br \/>\nVolvo Penta BB170<br \/>\nVolvo Penta MB10<br \/>\nVolvo Penta MB20<br \/>\nVolvo Penta 120SC<br \/>\nVolvo Penta 290<br \/>\nVolvo Penta DP<br \/>\nVolvo Penta MS<br \/>\nVolvo Penta SP<\/p>\n","protected":false},"excerpt":{"rendered":"<p>Volvo Penta Schraubenschaftdichtung, wassergeschmiert, 50,00 mm. Originalteil mit Artikelnummer 3819723, enth\u00e4lt eine Gummidichtung und sorgt f\u00fcr eine zuverl\u00e4ssige Abdichtung des Schraubenschafts in wassergek\u00fchlten Systemen. Geeignet f\u00fcr eine Wellendurchmesser von \u00d850,00 mm.<\/p>\n","protected":false},"featured_media":418917,"comment_status":"open","ping_status":"closed","template":"","meta":[],"location":[28168],"product_brand":[],"product_cat":[1222,22116,25254],"product_tag":[],"class_list":{"0":"post-393147","1":"product","2":"type-product","3":"status-publish","4":"has-post-thumbnail","6":"location-middelzee-motoren","7":"product_cat-motorteile","8":"product_cat-teile-nach-marke","9":"product_cat-weitere-volvo-penta-teile","10":"product_shipping_class-paket-0-10-kg","12":"first","13":"instock","14":"sale","15":"taxable","16":"shipping-taxable","17":"purchasable","18":"product-type-simple"},"group_of_quantity":0,"min_quantity":0,"max_quantity":"","exclude_order_quantity_value_rules":"no","exclude_category_quantity_rules":"no","combine_variations":"no","locations":[{"id":28168,"name":"Middelzee motoren","slug":"middelzee-motoren","quantity":""}],"_links":{"self":[{"href":"https:\/\/ab-marineservice.com\/de\/wp-json\/wp\/v2\/product\/393147","targetHints":{"allow":["GET"]}}],"collection":[{"href":"https:\/\/ab-marineservice.com\/de\/wp-json\/wp\/v2\/product"}],"about":[{"href":"https:\/\/ab-marineservice.com\/de\/wp-json\/wp\/v2\/types\/product"}],"replies":[{"embeddable":true,"href":"https:\/\/ab-marineservice.com\/de\/wp-json\/wp\/v2\/comments?post=393147"}],"wp:featuredmedia":[{"embeddable":true,"href":"https:\/\/ab-marineservice.com\/de\/wp-json\/wp\/v2\/media\/418917"}],"wp:attachment":[{"href":"https:\/\/ab-marineservice.com\/de\/wp-json\/wp\/v2\/media?parent=393147"}],"wp:term":[{"taxonomy":"location","embeddable":true,"href":"https:\/\/ab-marineservice.com\/de\/wp-json\/wp\/v2\/location?post=393147"},{"taxonomy":"product_brand","embeddable":true,"href":"https:\/\/ab-marineservice.com\/de\/wp-json\/wp\/v2\/product_brand?post=393147"},{"taxonomy":"product_cat","embeddable":true,"href":"https:\/\/ab-marineservice.com\/de\/wp-json\/wp\/v2\/product_cat?post=393147"},{"taxonomy":"product_tag","embeddable":true,"href":"https:\/\/ab-marineservice.com\/de\/wp-json\/wp\/v2\/product_tag?post=393147"}],"curies":[{"name":"wp","href":"https:\/\/api.w.org\/{rel}","templated":true}]}}