{"id":393155,"date":"2025-09-16T12:39:43","date_gmt":"2025-09-16T10:39:43","guid":{"rendered":"https:\/\/ab-marineservice.com\/product\/volvo-penta-seewasserpumpe-3583115\/"},"modified":"2026-04-08T19:34:32","modified_gmt":"2026-04-08T17:34:32","slug":"volvo-penta-impellerpumpe-3583115","status":"publish","type":"product","link":"https:\/\/ab-marineservice.com\/de\/produkt\/volvo-penta-impellerpumpe-3583115\/","title":{"rendered":"Volvo Penta Impellerpumpe &#8211; 3583115"},"content":{"rendered":"<p><strong>Geeignet f\u00fcr:<\/strong><br \/>\nVolvo Penta AD31<br \/>\nVolvo Penta AD41<br \/>\nVolvo Penta KAD32<br \/>\nVolvo Penta KAD42<br \/>\nVolvo Penta KAD43<br \/>\nVolvo Penta KAD44<br \/>\nVolvo Penta KAMD42<br \/>\nVolvo Penta KAMD43<br \/>\nVolvo Penta KAMD44<br \/>\nVolvo Penta MD31<br \/>\nVolvo Penta TAMD31<br \/>\nVolvo Penta TAMD41<br \/>\nVolvo Penta TAMD42<br \/>\nVolvo Penta TMD31<br \/>\nVolvo Penta TMD41<br \/>\nVolvo Penta MS25<\/p>\n","protected":false},"excerpt":{"rendered":"<p>Volvo Penta Impellerpumpe 3583115 ist eine originale Seewasserpumpe, die f\u00fcr das K\u00fchlsystem verschiedener Volvo Penta Dieselmotoren unerl\u00e4sslich ist. Diese Pumpe saugt Seewasser an und pumpt es durch den W\u00e4rmetauscher, um den Motor auf einer optimalen Betriebstemperatur zu halten und \u00dcberhitzung zu verhindern. Wenn die Impellerpumpe nicht richtig funktioniert, kann die Wasserzirkulation verringert werden, was zu h\u00f6heren Motortemperaturen und m\u00f6glichen Motorsch\u00e4den f\u00fchren kann.<\/p>\n<h4>Hauptmerkmale und Vorteile:<\/h4>\n<p><strong>Zuverl\u00e4ssige Wasserzirkulation:<\/strong> Sorgt daf\u00fcr, dass ausreichend Seewasser durch das K\u00fchlsystem flie\u00dft.<br \/>\n<strong>Original Volvo Penta Teil:<\/strong> OEM-Qualit\u00e4t f\u00fcr perfekte Passform und langanhaltende Leistung.<br \/>\n<strong>Wesentliches Teil:<\/strong> Unverzichtbar f\u00fcr ein gut funktionierendes K\u00fchlsystem und Motorschutz.<br \/>\n<strong>Verhindert \u00dcberhitzung:<\/strong> Tr\u00e4gt zu stabilen Betriebstemperaturen unter verschiedenen Lasten bei.<\/p>\n","protected":false},"featured_media":413280,"comment_status":"open","ping_status":"closed","template":"","meta":[],"location":[],"product_brand":[25895],"product_cat":[1222,22116,25254],"product_tag":[],"class_list":{"0":"post-393155","1":"product","2":"type-product","3":"status-publish","4":"has-post-thumbnail","6":"product_brand-volvo-penta","7":"product_cat-motorteile","8":"product_cat-teile-nach-marke","9":"product_cat-weitere-volvo-penta-teile","10":"product_shipping_class-paket-0-10-kg","12":"first","13":"instock","14":"sale","15":"taxable","16":"shipping-taxable","17":"purchasable","18":"product-type-simple"},"group_of_quantity":0,"min_quantity":0,"max_quantity":"","exclude_order_quantity_value_rules":"no","exclude_category_quantity_rules":"no","combine_variations":"no","locations":[],"_links":{"self":[{"href":"https:\/\/ab-marineservice.com\/de\/wp-json\/wp\/v2\/product\/393155","targetHints":{"allow":["GET"]}}],"collection":[{"href":"https:\/\/ab-marineservice.com\/de\/wp-json\/wp\/v2\/product"}],"about":[{"href":"https:\/\/ab-marineservice.com\/de\/wp-json\/wp\/v2\/types\/product"}],"replies":[{"embeddable":true,"href":"https:\/\/ab-marineservice.com\/de\/wp-json\/wp\/v2\/comments?post=393155"}],"wp:featuredmedia":[{"embeddable":true,"href":"https:\/\/ab-marineservice.com\/de\/wp-json\/wp\/v2\/media\/413280"}],"wp:attachment":[{"href":"https:\/\/ab-marineservice.com\/de\/wp-json\/wp\/v2\/media?parent=393155"}],"wp:term":[{"taxonomy":"location","embeddable":true,"href":"https:\/\/ab-marineservice.com\/de\/wp-json\/wp\/v2\/location?post=393155"},{"taxonomy":"product_brand","embeddable":true,"href":"https:\/\/ab-marineservice.com\/de\/wp-json\/wp\/v2\/product_brand?post=393155"},{"taxonomy":"product_cat","embeddable":true,"href":"https:\/\/ab-marineservice.com\/de\/wp-json\/wp\/v2\/product_cat?post=393155"},{"taxonomy":"product_tag","embeddable":true,"href":"https:\/\/ab-marineservice.com\/de\/wp-json\/wp\/v2\/product_tag?post=393155"}],"curies":[{"name":"wp","href":"https:\/\/api.w.org\/{rel}","templated":true}]}}