{"id":393156,"date":"2025-09-16T12:39:43","date_gmt":"2025-09-16T10:39:43","guid":{"rendered":"https:\/\/ab-marineservice.com\/product\/volvo-penta-seewasserpumpe-3593654\/"},"modified":"2026-05-06T17:51:36","modified_gmt":"2026-05-06T15:51:36","slug":"volvo-penta-impellerpumpe-3593654","status":"publish","type":"product","link":"https:\/\/ab-marineservice.com\/de\/produkt\/volvo-penta-impellerpumpe-3593654\/","title":{"rendered":"Volvo Penta Impellerpumpe &#8211; 3593654"},"content":{"rendered":"<p><strong>Geeignet f\u00fcr:<\/strong><br \/>\nVolvo Penta D1-13<br \/>\nVolvo Penta D1-13B<br \/>\nVolvo Penta D1-13F<br \/>\nVolvo Penta D1-20<br \/>\nVolvo Penta D1-20B<br \/>\nVolvo Penta D1-20F<br \/>\nVolvo Penta MD2010<br \/>\nVolvo Penta MD2010-C<br \/>\nVolvo Penta MD2010-D<br \/>\nVolvo Penta MD2010B<br \/>\nVolvo Penta MD2020<br \/>\nVolvo Penta MD2020-C<br \/>\nVolvo Penta MD2020-D<br \/>\nVolvo Penta MD2020B<br \/>\nVolvo Penta MD2030-C<br \/>\nVolvo Penta MD2030-D<br \/>\nVolvo Penta MD2040-C<br \/>\nVolvo Penta MD2040-D<\/p>\n","protected":false},"excerpt":{"rendered":"<p>Volvo Penta Impellerpumpe 3593654 ist eine originale Seewasserpumpe (auch als Au\u00dfenwasserpumpe oder K\u00fchlwasserpumpe bekannt), die f\u00fcr das K\u00fchlsystem verschiedener kleinerer Volvo Penta Dieselmotoren unerl\u00e4sslich ist. Diese Pumpe saugt Seewasser an und leitet es durch das K\u00fchlsystem, wodurch der Motor auf der richtigen Betriebstemperatur bleibt und \u00dcberhitzung verhindert wird. Ohne eine ordnungsgem\u00e4\u00df funktionierende Impellerpumpe kann die Wasserzirkulation verringert werden, was zu h\u00f6heren Motortemperaturen und m\u00f6glichen Motorsch\u00e4den f\u00fchren kann.<\/p>\n<h4>Hauptmerkmale und Vorteile:<\/h4>\n<p><strong>Zuverl\u00e4ssige Wasserzirkulation:<\/strong> Sorgt daf\u00fcr, dass Seewasser kontinuierlich durch das K\u00fchlsystem flie\u00dft f\u00fcr eine effiziente K\u00fchlung.<br \/>\n<strong>Original Volvo Penta Teil:<\/strong> OEM-Qualit\u00e4t f\u00fcr perfekte Passform und langanhaltende Leistung.<br \/>\n<strong>Wesentliches Teil:<\/strong> Unverzichtbar f\u00fcr ein gut funktionierendes K\u00fchlsystem und Motorschutz.<br \/>\n<strong>Verhindert \u00dcberhitzung:<\/strong> H\u00e4lt den Motor unter verschiedenen Betriebsbedingungen auf der optimalen Temperatur.<\/p>\n","protected":false},"featured_media":413347,"comment_status":"open","ping_status":"closed","template":"","meta":[],"location":[28168],"product_brand":[25895],"product_cat":[1222,22116,25254],"product_tag":[],"class_list":{"0":"post-393156","1":"product","2":"type-product","3":"status-publish","4":"has-post-thumbnail","6":"location-middelzee-motoren","7":"product_brand-volvo-penta","8":"product_cat-motorteile","9":"product_cat-teile-nach-marke","10":"product_cat-weitere-volvo-penta-teile","11":"product_shipping_class-paket-0-10-kg","13":"first","14":"instock","15":"sale","16":"taxable","17":"shipping-taxable","18":"purchasable","19":"product-type-simple"},"group_of_quantity":0,"min_quantity":0,"max_quantity":"","exclude_order_quantity_value_rules":"no","exclude_category_quantity_rules":"no","combine_variations":"no","locations":[{"id":28168,"name":"Middelzee motoren","slug":"middelzee-motoren","quantity":""}],"_links":{"self":[{"href":"https:\/\/ab-marineservice.com\/de\/wp-json\/wp\/v2\/product\/393156","targetHints":{"allow":["GET"]}}],"collection":[{"href":"https:\/\/ab-marineservice.com\/de\/wp-json\/wp\/v2\/product"}],"about":[{"href":"https:\/\/ab-marineservice.com\/de\/wp-json\/wp\/v2\/types\/product"}],"replies":[{"embeddable":true,"href":"https:\/\/ab-marineservice.com\/de\/wp-json\/wp\/v2\/comments?post=393156"}],"wp:featuredmedia":[{"embeddable":true,"href":"https:\/\/ab-marineservice.com\/de\/wp-json\/wp\/v2\/media\/413347"}],"wp:attachment":[{"href":"https:\/\/ab-marineservice.com\/de\/wp-json\/wp\/v2\/media?parent=393156"}],"wp:term":[{"taxonomy":"location","embeddable":true,"href":"https:\/\/ab-marineservice.com\/de\/wp-json\/wp\/v2\/location?post=393156"},{"taxonomy":"product_brand","embeddable":true,"href":"https:\/\/ab-marineservice.com\/de\/wp-json\/wp\/v2\/product_brand?post=393156"},{"taxonomy":"product_cat","embeddable":true,"href":"https:\/\/ab-marineservice.com\/de\/wp-json\/wp\/v2\/product_cat?post=393156"},{"taxonomy":"product_tag","embeddable":true,"href":"https:\/\/ab-marineservice.com\/de\/wp-json\/wp\/v2\/product_tag?post=393156"}],"curies":[{"name":"wp","href":"https:\/\/api.w.org\/{rel}","templated":true}]}}