{"id":393164,"date":"2025-09-16T12:40:06","date_gmt":"2025-09-16T10:40:06","guid":{"rendered":"https:\/\/ab-marineservice.com\/product\/volvo-penta-sensor-23713682\/"},"modified":"2026-04-08T19:34:40","modified_gmt":"2026-04-08T17:34:40","slug":"volvo-penta-sensor-23713682","status":"publish","type":"product","link":"https:\/\/ab-marineservice.com\/de\/produkt\/volvo-penta-sensor-23713682\/","title":{"rendered":"Volvo Penta Sensor &#8211; 23713682"},"content":{"rendered":"<p><strong>Geeignet f\u00fcr:<\/strong><br \/>\nVolvo Penta D11A<br \/>\nVolvo Penta D11B<br \/>\nVolvo Penta D11C<br \/>\nVolvo Penta D12C<br \/>\nVolvo Penta D12D<br \/>\nVolvo Penta D13B<br \/>\nVolvo Penta D13C<br \/>\nVolvo Penta D16C<br \/>\nVolvo Penta D8A<br \/>\nVolvo Penta D9A<br \/>\nVolvo Penta D12D MG<br \/>\nVolvo Penta DPI<br \/>\nVolvo Penta IPS<br \/>\nVolvo Penta IPS10<br \/>\nVolvo Penta IPS15<br \/>\nVolvo Penta IPS2<br \/>\nVolvo Penta IPS20<br \/>\nVolvo Penta IPS3<\/p>\n","protected":false},"excerpt":{"rendered":"<p>&#x1f539; Kurze Produktbeschreibung<br \/>\nVolvo Penta Sensor 23713682 ist ein kombinierter \u00d6lpressen- und Temperatursensor f\u00fcr verschiedene Volvo Penta Dieselmotoren und IPS (Inboard Performance System) Antriebe. Dieser Sensor misst kontinuierlich den \u00d6ldruck und die -temperatur und sendet diese Signale an die elektronische Steuereinheit (ECU). Durch pr\u00e4zise Messung hilft er, das Motorenmanagement optimal zu steuern und verhindert, dass der Motor unn\u00f6tig in den &#8220;Limp Mode&#8221; (Notlaufmodus) geht, aufgrund falscher oder fehlender Sensordaten.<\/p>\n<h4>Hauptmerkmale und Vorteile:<\/h4>\n<p><strong>Kombinierte Funktion:<\/strong> Misst sowohl den \u00d6ldruck als auch die -temperatur mit einem Sensor, was Platz und Installationskosten spart.<br \/>\n<strong>Genaues Signal:<\/strong> Sendet zuverl\u00e4ssige Daten an die ECU f\u00fcr eine optimale Motorsteuerung.<br \/>\n<strong>Verhindert den Notlauf:<\/strong> Hilft, unn\u00f6tigen &#8220;Limp Mode&#8221; zu vermeiden, indem korrekte \u00d6ldaten geliefert werden.<br \/>\n<strong>Wichtiges Bauteil:<\/strong> Wichtig f\u00fcr den zuverl\u00e4ssigen Betrieb und die lange Lebensdauer von Dieselmotoren und IPS-Systemen.<\/p>\n","protected":false},"featured_media":413457,"comment_status":"open","ping_status":"closed","template":"","meta":[],"location":[28168],"product_brand":[25895],"product_cat":[1222,22116,25254],"product_tag":[],"class_list":{"0":"post-393164","1":"product","2":"type-product","3":"status-publish","4":"has-post-thumbnail","6":"location-middelzee-motoren","7":"product_brand-volvo-penta","8":"product_cat-motorteile","9":"product_cat-teile-nach-marke","10":"product_cat-weitere-volvo-penta-teile","11":"product_shipping_class-paket-0-10-kg","13":"first","14":"instock","15":"sale","16":"taxable","17":"shipping-taxable","18":"purchasable","19":"product-type-simple"},"group_of_quantity":0,"min_quantity":0,"max_quantity":"","exclude_order_quantity_value_rules":"no","exclude_category_quantity_rules":"no","combine_variations":"no","locations":[{"id":28168,"name":"Middelzee motoren","slug":"middelzee-motoren","quantity":""}],"_links":{"self":[{"href":"https:\/\/ab-marineservice.com\/de\/wp-json\/wp\/v2\/product\/393164","targetHints":{"allow":["GET"]}}],"collection":[{"href":"https:\/\/ab-marineservice.com\/de\/wp-json\/wp\/v2\/product"}],"about":[{"href":"https:\/\/ab-marineservice.com\/de\/wp-json\/wp\/v2\/types\/product"}],"replies":[{"embeddable":true,"href":"https:\/\/ab-marineservice.com\/de\/wp-json\/wp\/v2\/comments?post=393164"}],"wp:featuredmedia":[{"embeddable":true,"href":"https:\/\/ab-marineservice.com\/de\/wp-json\/wp\/v2\/media\/413457"}],"wp:attachment":[{"href":"https:\/\/ab-marineservice.com\/de\/wp-json\/wp\/v2\/media?parent=393164"}],"wp:term":[{"taxonomy":"location","embeddable":true,"href":"https:\/\/ab-marineservice.com\/de\/wp-json\/wp\/v2\/location?post=393164"},{"taxonomy":"product_brand","embeddable":true,"href":"https:\/\/ab-marineservice.com\/de\/wp-json\/wp\/v2\/product_brand?post=393164"},{"taxonomy":"product_cat","embeddable":true,"href":"https:\/\/ab-marineservice.com\/de\/wp-json\/wp\/v2\/product_cat?post=393164"},{"taxonomy":"product_tag","embeddable":true,"href":"https:\/\/ab-marineservice.com\/de\/wp-json\/wp\/v2\/product_tag?post=393164"}],"curies":[{"name":"wp","href":"https:\/\/api.w.org\/{rel}","templated":true}]}}