{"id":393165,"date":"2025-09-16T12:40:29","date_gmt":"2025-09-16T10:40:29","guid":{"rendered":"https:\/\/ab-marineservice.com\/product\/volvo-penta-sensor-3808616\/"},"modified":"2026-05-06T17:51:21","modified_gmt":"2026-05-06T15:51:21","slug":"volvo-penta-d3-d4-d6-sensor-3808616","status":"publish","type":"product","link":"https:\/\/ab-marineservice.com\/de\/produkt\/volvo-penta-d3-d4-d6-sensor-3808616\/","title":{"rendered":"Volvo Penta D3 D4 D6 WIF Sensor Kraftstofffilter &#8211; 3808616"},"content":{"rendered":"<p><strong>Geeignet f\u00fcr:<\/strong><br \/>\nVolvo Penta D3-110<br \/>\nVolvo Penta D3-140<br \/>\nVolvo Penta D3-150<br \/>\nVolvo Penta D3-170<br \/>\nVolvo Penta D3-200<br \/>\nVolvo Penta D3-220<br \/>\nVolvo Penta D4-180<br \/>\nVolvo Penta D4-210<br \/>\nVolvo Penta D4-225<br \/>\nVolvo Penta D4-260<br \/>\nVolvo Penta D4-300<br \/>\nVolvo Penta D6-280<br \/>\nVolvo Penta D6-300<br \/>\nVolvo Penta D6-310<br \/>\nVolvo Penta D6-330<br \/>\nVolvo Penta D6-350<br \/>\nVolvo Penta D6-370<br \/>\nVolvo Penta D6-400<br \/>\nVolvo Penta D6-435<\/p>\n","protected":false},"excerpt":{"rendered":"<p>Volvo Penta D3, D4, D6 Sensor 3808616 ist ein Water In Fuel (WIF) Sensor, der Wasser im Kraftstoff bei Volvo Penta Dieselmotoren erkennt. Der Sensor wird unter dem Kraftstofffilter montiert und gibt eine Warnung aus, wenn eine Wasserverunreinigung festgestellt wird. Dadurch werden Sch\u00e4den an Einspritzd\u00fcsen und dem Kraftstoffsystem vermieden und ein zuverl\u00e4ssiger Motorbetrieb gew\u00e4hrleistet.<\/p>\n<h4>Wichtige Merkmale und Vorteile:<\/h4>\n<p><strong>Erkennt Wasser im Kraftstoff:<\/strong> Meldet sofort Wasserverunreinigung im Kraftstofffilter.<br \/>\n<strong>Sch\u00fctzt Motor und Einspritzd\u00fcsen:<\/strong> Verhindert Sch\u00e4den durch verunreinigten Kraftstoff.<br \/>\n<strong>Geeignet f\u00fcr D3, D4 und D6:<\/strong> Entwickelt f\u00fcr moderne Volvo Penta Dieselmotoren.<br \/>\n<strong>Einfache Montage:<\/strong> Wird direkt unter dem Kraftstofffilter eingeschraubt.<\/p>\n","protected":false},"featured_media":412780,"comment_status":"open","ping_status":"closed","template":"","meta":[],"location":[],"product_brand":[],"product_cat":[1222,22116,25254],"product_tag":[],"class_list":{"0":"post-393165","1":"product","2":"type-product","3":"status-publish","4":"has-post-thumbnail","6":"product_cat-motorteile","7":"product_cat-teile-nach-marke","8":"product_cat-weitere-volvo-penta-teile","9":"product_shipping_class-paket-0-10-kg","11":"first","12":"instock","13":"sale","14":"taxable","15":"shipping-taxable","16":"purchasable","17":"product-type-simple"},"group_of_quantity":0,"min_quantity":0,"max_quantity":"","exclude_order_quantity_value_rules":"no","exclude_category_quantity_rules":"no","combine_variations":"no","locations":[{"id":28168,"name":"Middelzee motoren","slug":"middelzee-motoren","quantity":""}],"_links":{"self":[{"href":"https:\/\/ab-marineservice.com\/de\/wp-json\/wp\/v2\/product\/393165","targetHints":{"allow":["GET"]}}],"collection":[{"href":"https:\/\/ab-marineservice.com\/de\/wp-json\/wp\/v2\/product"}],"about":[{"href":"https:\/\/ab-marineservice.com\/de\/wp-json\/wp\/v2\/types\/product"}],"replies":[{"embeddable":true,"href":"https:\/\/ab-marineservice.com\/de\/wp-json\/wp\/v2\/comments?post=393165"}],"wp:featuredmedia":[{"embeddable":true,"href":"https:\/\/ab-marineservice.com\/de\/wp-json\/wp\/v2\/media\/412780"}],"wp:attachment":[{"href":"https:\/\/ab-marineservice.com\/de\/wp-json\/wp\/v2\/media?parent=393165"}],"wp:term":[{"taxonomy":"location","embeddable":true,"href":"https:\/\/ab-marineservice.com\/de\/wp-json\/wp\/v2\/location?post=393165"},{"taxonomy":"product_brand","embeddable":true,"href":"https:\/\/ab-marineservice.com\/de\/wp-json\/wp\/v2\/product_brand?post=393165"},{"taxonomy":"product_cat","embeddable":true,"href":"https:\/\/ab-marineservice.com\/de\/wp-json\/wp\/v2\/product_cat?post=393165"},{"taxonomy":"product_tag","embeddable":true,"href":"https:\/\/ab-marineservice.com\/de\/wp-json\/wp\/v2\/product_tag?post=393165"}],"curies":[{"name":"wp","href":"https:\/\/api.w.org\/{rel}","templated":true}]}}