{"id":393169,"date":"2025-09-16T12:40:29","date_gmt":"2025-09-16T10:40:29","guid":{"rendered":"https:\/\/ab-marineservice.com\/product\/volvo-penta-servicekit-3883435\/"},"modified":"2026-05-06T17:51:19","modified_gmt":"2026-05-06T15:51:19","slug":"service-kit-volvo-penta-3883435","status":"publish","type":"product","link":"https:\/\/ab-marineservice.com\/de\/produkt\/service-kit-volvo-penta-3883435\/","title":{"rendered":"Service-Kit Volvo Penta &#8211; 3883435"},"content":{"rendered":"","protected":false},"excerpt":{"rendered":"<p>Volvo Penta Servicekit 3883435 ist ein offizielles Wartungsset f\u00fcr die regelm\u00e4\u00dfige Wartung spezifischer Volvo Penta Schiffsmotoren. Dieses Set enth\u00e4lt mehrere Servicekomponenten, die zusammen eine effiziente und vollst\u00e4ndige Wartung erm\u00f6glichen, wodurch der Motor optimal l\u00e4uft und m\u00f6gliche Abnutzungsprobleme fr\u00fchzeitig angegangen werden.<\/p>\n<h4>Wichtigste Merkmale und Vorteile:<\/h4>\n<p><strong>Komplettes Wartungspaket:<\/strong> Enth\u00e4lt mehrere Teile, die f\u00fcr regelm\u00e4\u00dfige Wartungsintervalle ben\u00f6tigt werden.<br \/>\n<strong>Erh\u00f6ht die Motorzuverl\u00e4ssigkeit:<\/strong> Durch rechtzeitige Wartung bleiben die Motorfunktionen stabil und zuverl\u00e4ssig.<br \/>\n<strong>OEM-Qualit\u00e4t:<\/strong> Original Volvo Penta Teile f\u00fcr perfekte Passform und Leistung.<br \/>\n<strong>Einfache Wartung:<\/strong> Erleichtert die periodische Wartung gem\u00e4\u00df den Herstellerrichtlinien.<\/p>\n","protected":false},"featured_media":0,"comment_status":"open","ping_status":"closed","template":"","meta":[],"location":[],"product_brand":[],"product_cat":[1222,22116,2161,25442],"product_tag":[],"class_list":{"0":"post-393169","1":"product","2":"type-product","3":"status-publish","5":"product_cat-motorteile","6":"product_cat-teile-nach-marke","7":"product_cat-motorenteile-volvo-penta","8":"product_cat-volvo-penta-wartungskits","9":"product_shipping_class-paket-0-10-kg","11":"first","12":"instock","13":"sale","14":"taxable","15":"shipping-taxable","16":"purchasable","17":"product-type-simple"},"group_of_quantity":0,"min_quantity":0,"max_quantity":"","exclude_order_quantity_value_rules":"no","exclude_category_quantity_rules":"no","combine_variations":"no","locations":[{"id":28168,"name":"Middelzee motoren","slug":"middelzee-motoren","quantity":""}],"_links":{"self":[{"href":"https:\/\/ab-marineservice.com\/de\/wp-json\/wp\/v2\/product\/393169","targetHints":{"allow":["GET"]}}],"collection":[{"href":"https:\/\/ab-marineservice.com\/de\/wp-json\/wp\/v2\/product"}],"about":[{"href":"https:\/\/ab-marineservice.com\/de\/wp-json\/wp\/v2\/types\/product"}],"replies":[{"embeddable":true,"href":"https:\/\/ab-marineservice.com\/de\/wp-json\/wp\/v2\/comments?post=393169"}],"wp:attachment":[{"href":"https:\/\/ab-marineservice.com\/de\/wp-json\/wp\/v2\/media?parent=393169"}],"wp:term":[{"taxonomy":"location","embeddable":true,"href":"https:\/\/ab-marineservice.com\/de\/wp-json\/wp\/v2\/location?post=393169"},{"taxonomy":"product_brand","embeddable":true,"href":"https:\/\/ab-marineservice.com\/de\/wp-json\/wp\/v2\/product_brand?post=393169"},{"taxonomy":"product_cat","embeddable":true,"href":"https:\/\/ab-marineservice.com\/de\/wp-json\/wp\/v2\/product_cat?post=393169"},{"taxonomy":"product_tag","embeddable":true,"href":"https:\/\/ab-marineservice.com\/de\/wp-json\/wp\/v2\/product_tag?post=393169"}],"curies":[{"name":"wp","href":"https:\/\/api.w.org\/{rel}","templated":true}]}}