{"id":393181,"date":"2025-09-16T12:41:40","date_gmt":"2025-09-16T10:41:40","guid":{"rendered":"https:\/\/ab-marineservice.com\/product\/volvo-penta-wellensatz-21951414\/"},"modified":"2026-05-06T17:50:43","modified_gmt":"2026-05-06T15:50:43","slug":"volvo-penta-wellensatz-21951414","status":"publish","type":"product","link":"https:\/\/ab-marineservice.com\/de\/produkt\/volvo-penta-wellensatz-21951414\/","title":{"rendered":"Volvo Penta Wellenkit f\u00fcr Seewasserpumpe &#8211; 21951414"},"content":{"rendered":"<p><strong>Geeignet f\u00fcr:<\/strong><br \/>\nVolvo Penta 2001<br \/>\nVolvo Penta 2001AG<br \/>\nVolvo Penta 2001B<br \/>\nVolvo Penta 2001BG<br \/>\nVolvo Penta 2001D<br \/>\nVolvo Penta 2001R<br \/>\nVolvo Penta 2002<br \/>\nVolvo Penta 2002AG<br \/>\nVolvo Penta 2002B<br \/>\nVolvo Penta 2002BG<br \/>\nVolvo Penta 2002D<br \/>\nVolvo Penta 2003<br \/>\nVolvo Penta 2003B<br \/>\nVolvo Penta 2003D<br \/>\nVolvo Penta 2003R<\/p>\n","protected":false},"excerpt":{"rendered":"<p>Volvo Penta Wellenkit f\u00fcr Seewasserpumpe &#8211; 21951414, entwickelt f\u00fcr den Austausch und die Reparatur der Welle in Volvo Penta Seewasserpumpen. Dieses Kit sorgt f\u00fcr einen zuverl\u00e4ssigen Betrieb der Pumpe und tr\u00e4gt zur Langlebigkeit des K\u00fchlsystems im Motor bei.<\/p>\n","protected":false},"featured_media":0,"comment_status":"open","ping_status":"closed","template":"","meta":[],"location":[28168],"product_brand":[],"product_cat":[1222,22116,25254],"product_tag":[],"class_list":{"0":"post-393181","1":"product","2":"type-product","3":"status-publish","5":"location-middelzee-motoren","6":"product_cat-motorteile","7":"product_cat-teile-nach-marke","8":"product_cat-weitere-volvo-penta-teile","9":"product_shipping_class-paket-0-10-kg","11":"first","12":"instock","13":"sale","14":"taxable","15":"shipping-taxable","16":"purchasable","17":"product-type-simple"},"group_of_quantity":0,"min_quantity":0,"max_quantity":"","exclude_order_quantity_value_rules":"no","exclude_category_quantity_rules":"no","combine_variations":"no","locations":[{"id":28168,"name":"Middelzee motoren","slug":"middelzee-motoren","quantity":""}],"_links":{"self":[{"href":"https:\/\/ab-marineservice.com\/de\/wp-json\/wp\/v2\/product\/393181","targetHints":{"allow":["GET"]}}],"collection":[{"href":"https:\/\/ab-marineservice.com\/de\/wp-json\/wp\/v2\/product"}],"about":[{"href":"https:\/\/ab-marineservice.com\/de\/wp-json\/wp\/v2\/types\/product"}],"replies":[{"embeddable":true,"href":"https:\/\/ab-marineservice.com\/de\/wp-json\/wp\/v2\/comments?post=393181"}],"wp:attachment":[{"href":"https:\/\/ab-marineservice.com\/de\/wp-json\/wp\/v2\/media?parent=393181"}],"wp:term":[{"taxonomy":"location","embeddable":true,"href":"https:\/\/ab-marineservice.com\/de\/wp-json\/wp\/v2\/location?post=393181"},{"taxonomy":"product_brand","embeddable":true,"href":"https:\/\/ab-marineservice.com\/de\/wp-json\/wp\/v2\/product_brand?post=393181"},{"taxonomy":"product_cat","embeddable":true,"href":"https:\/\/ab-marineservice.com\/de\/wp-json\/wp\/v2\/product_cat?post=393181"},{"taxonomy":"product_tag","embeddable":true,"href":"https:\/\/ab-marineservice.com\/de\/wp-json\/wp\/v2\/product_tag?post=393181"}],"curies":[{"name":"wp","href":"https:\/\/api.w.org\/{rel}","templated":true}]}}