{"id":393279,"date":"2025-09-16T12:50:01","date_gmt":"2025-09-16T10:50:01","guid":{"rendered":"https:\/\/ab-marineservice.com\/product\/volvo-penta-schiebemuffe-3807613\/"},"modified":"2026-05-06T17:49:21","modified_gmt":"2026-05-06T15:49:21","slug":"volvo-penta-schiebemuffe-3807613","status":"publish","type":"product","link":"https:\/\/ab-marineservice.com\/de\/produkt\/volvo-penta-schiebemuffe-3807613\/","title":{"rendered":"Volvo Penta Gleidh\u00fclse f\u00fcr Welle &#8211; 3807613"},"content":{"rendered":"<p><strong>Geeignet f\u00fcr:<\/strong><br \/>\nVolvo Penta AD30<br \/>\nVolvo Penta AD31<br \/>\nVolvo Penta AD40<br \/>\nVolvo Penta AD41<br \/>\nVolvo Penta AQAD30<br \/>\nVolvo Penta AQAD40<br \/>\nVolvo Penta AQD21<br \/>\nVolvo Penta AQD40<br \/>\nVolvo Penta D41<br \/>\nVolvo Penta KAD42<br \/>\nVolvo Penta KAMD42<br \/>\nVolvo Penta MD21<br \/>\nVolvo Penta MD30<br \/>\nVolvo Penta MD31<br \/>\nVolvo Penta MD40<br \/>\nVolvo Penta TAMD30<br \/>\nVolvo Penta TAMD31<br \/>\nVolvo Penta TAMD40<br \/>\nVolvo Penta TMD30<br \/>\nVolvo Penta TMD31<br \/>\nVolvo Penta TMD40<br \/>\nVolvo Penta 230<br \/>\nVolvo Penta 250<br \/>\nVolvo Penta 251<br \/>\nVolvo Penta 271<br \/>\nVolvo Penta 430<br \/>\nVolvo Penta 431<br \/>\nVolvo Penta 432<br \/>\nVolvo Penta 434<br \/>\nVolvo Penta 500<br \/>\nVolvo Penta 501<br \/>\nVolvo Penta 570<br \/>\nVolvo Penta 572<br \/>\nVolvo Penta 740<br \/>\nVolvo Penta AQ115<br \/>\nVolvo Penta AQ120<br \/>\nVolvo Penta AQ125<br \/>\nVolvo Penta AQ130<br \/>\nVolvo Penta AQ131<br \/>\nVolvo Penta AQ140<br \/>\nVolvo Penta AQ145<br \/>\nVolvo Penta AQ151<br \/>\nVolvo Penta AQ165<br \/>\nVolvo Penta AQ170<br \/>\nVolvo Penta AQ171<br \/>\nVolvo Penta AQ175<br \/>\nVolvo Penta AQ190<br \/>\nVolvo Penta AQ200<br \/>\nVolvo Penta AQ205<br \/>\nVolvo Penta AQ211<br \/>\nVolvo Penta AQ225<br \/>\nVolvo Penta AQ231<br \/>\nVolvo Penta AQ240<br \/>\nVolvo Penta AQ255<br \/>\nVolvo Penta AQ260<br \/>\nVolvo Penta AQ271<br \/>\nVolvo Penta AQ290<br \/>\nVolvo Penta AQ311<br \/>\nVolvo Penta B20<br \/>\nVolvo Penta B230<br \/>\nVolvo Penta BB115<br \/>\nVolvo Penta BB140<br \/>\nVolvo Penta BB145<br \/>\nVolvo Penta BB165<br \/>\nVolvo Penta BB170<br \/>\nVolvo Penta BB225<br \/>\nVolvo Penta BB260<br \/>\nVolvo Penta BB740<br \/>\nVolvo Penta MB20<br \/>\nVolvo Penta 275<br \/>\nVolvo Penta 280<br \/>\nVolvo Penta 285<br \/>\nVolvo Penta 290<br \/>\nVolvo Penta DP<br \/>\nVolvo Penta DPS<br \/>\nVolvo Penta DPX<br \/>\nVolvo Penta FWD<br \/>\nVolvo Penta MS<br \/>\nVolvo Penta SP<br \/>\nVolvo Penta SX<br \/>\nVolvo Penta XDP<\/p>\n","protected":false},"excerpt":{"rendered":"<p>Volvo Penta Schiebemuffe f\u00fcr Welle 3807613 (auch als Schiebemuffe oder Schaltkonus bekannt) ist entscheidend f\u00fcr das reibungslose Schalten der G\u00e4nge in verschiedenen Volvo Penta Sterndrives. Dieses Teil fungiert als konische Kupplung, die axial \u00fcber die Kupplungswelle bewegt wird, um den Vorw\u00e4rts- oder R\u00fcckw\u00e4rtsgang zu aktivieren. Der Austausch einer abgenutzten Schiebemuffe verhindert Schaltprobleme und sorgt f\u00fcr einen vibrationsfreien \u00dcbergang zwischen den G\u00e4ngen.<\/p>\n<h4>Wichtigste Merkmale und Vorteile:<\/h4>\n<p><strong>Verbesserte Schaltleistung:<\/strong> Sorgt f\u00fcr einen direkten und vibrationsfreien \u00dcbergang zwischen den G\u00e4ngen.<br \/>\n<strong>Spezifisch f\u00fcr Sterndrive-Systeme:<\/strong> Geeignet f\u00fcr verschiedene Volvo Penta Sterndrive-Systeme.<br \/>\n<strong>Ersetzt \u00e4ltere Teilenummern:<\/strong> Ersetzt die Teilenummern 3855783, 814601, 854222 und 854297.<br \/>\n<strong>Probleml\u00f6sung:<\/strong> Verhindert Schaltprobleme durch den Austausch der abgenutzten Schiebemuffe.<\/p>\n","protected":false},"featured_media":418790,"comment_status":"open","ping_status":"closed","template":"","meta":[],"location":[],"product_brand":[],"product_cat":[1222,22116,25254],"product_tag":[],"class_list":{"0":"post-393279","1":"product","2":"type-product","3":"status-publish","4":"has-post-thumbnail","6":"product_cat-motorteile","7":"product_cat-teile-nach-marke","8":"product_cat-weitere-volvo-penta-teile","9":"product_shipping_class-paket-0-10-kg","11":"first","12":"instock","13":"sale","14":"taxable","15":"shipping-taxable","16":"purchasable","17":"product-type-simple"},"group_of_quantity":0,"min_quantity":0,"max_quantity":"","exclude_order_quantity_value_rules":"no","exclude_category_quantity_rules":"no","combine_variations":"no","locations":[{"id":28168,"name":"Middelzee motoren","slug":"middelzee-motoren","quantity":""}],"_links":{"self":[{"href":"https:\/\/ab-marineservice.com\/de\/wp-json\/wp\/v2\/product\/393279","targetHints":{"allow":["GET"]}}],"collection":[{"href":"https:\/\/ab-marineservice.com\/de\/wp-json\/wp\/v2\/product"}],"about":[{"href":"https:\/\/ab-marineservice.com\/de\/wp-json\/wp\/v2\/types\/product"}],"replies":[{"embeddable":true,"href":"https:\/\/ab-marineservice.com\/de\/wp-json\/wp\/v2\/comments?post=393279"}],"wp:featuredmedia":[{"embeddable":true,"href":"https:\/\/ab-marineservice.com\/de\/wp-json\/wp\/v2\/media\/418790"}],"wp:attachment":[{"href":"https:\/\/ab-marineservice.com\/de\/wp-json\/wp\/v2\/media?parent=393279"}],"wp:term":[{"taxonomy":"location","embeddable":true,"href":"https:\/\/ab-marineservice.com\/de\/wp-json\/wp\/v2\/location?post=393279"},{"taxonomy":"product_brand","embeddable":true,"href":"https:\/\/ab-marineservice.com\/de\/wp-json\/wp\/v2\/product_brand?post=393279"},{"taxonomy":"product_cat","embeddable":true,"href":"https:\/\/ab-marineservice.com\/de\/wp-json\/wp\/v2\/product_cat?post=393279"},{"taxonomy":"product_tag","embeddable":true,"href":"https:\/\/ab-marineservice.com\/de\/wp-json\/wp\/v2\/product_tag?post=393279"}],"curies":[{"name":"wp","href":"https:\/\/api.w.org\/{rel}","templated":true}]}}