{"id":393281,"date":"2025-09-16T12:50:01","date_gmt":"2025-09-16T10:50:01","guid":{"rendered":"https:\/\/ab-marineservice.com\/product\/volvo-penta-schiebemuffe-3849006\/"},"modified":"2026-01-06T17:00:37","modified_gmt":"2026-01-06T16:00:37","slug":"volvo-penta-schiebemuffe-3849006","status":"publish","type":"product","link":"https:\/\/ab-marineservice.com\/de\/produkt\/volvo-penta-schiebemuffe-3849006\/","title":{"rendered":"Volvo Penta DPH\/DPR Schiebeh\u00fclse f\u00fcr Welle &#8211; 3849006"},"content":{"rendered":"<p><strong>Geeignet f\u00fcr:<\/strong><br \/>\nVolvo Penta DPH-A<br \/>\nVolvo Penta DPH-C<br \/>\nVolvo Penta DPH-D1<br \/>\nVolvo Penta DPH-E<br \/>\nVolvo Penta DPR-A<br \/>\nVolvo Penta DPR-B<br \/>\nVolvo Penta DPR-C<br \/>\nVolvo Penta DPR-D<\/p>\n","protected":false},"excerpt":{"rendered":"<p>Volvo Penta Schiebeh\u00fclse f\u00fcr Welle, geeignet f\u00fcr DPH- und DPR-Antriebe. Originalteil mit der Artikelnummer 3849006, sorgt f\u00fcr eine korrekte F\u00fchrung und einen zuverl\u00e4ssigen Betrieb der Welle im Antriebssystem.<\/p>\n","protected":false},"featured_media":419037,"comment_status":"open","ping_status":"closed","template":"","meta":[],"location":[],"product_brand":[],"product_cat":[1222,22116,25254],"product_tag":[],"class_list":{"0":"post-393281","1":"product","2":"type-product","3":"status-publish","4":"has-post-thumbnail","6":"product_cat-motorteile","7":"product_cat-teile-nach-marke","8":"product_cat-weitere-volvo-penta-teile","9":"product_shipping_class-paket-0-10-kg","11":"first","12":"instock","13":"sale","14":"taxable","15":"shipping-taxable","16":"purchasable","17":"product-type-simple"},"group_of_quantity":0,"min_quantity":0,"max_quantity":"","exclude_order_quantity_value_rules":"no","exclude_category_quantity_rules":"no","combine_variations":"no","locations":[],"_links":{"self":[{"href":"https:\/\/ab-marineservice.com\/de\/wp-json\/wp\/v2\/product\/393281","targetHints":{"allow":["GET"]}}],"collection":[{"href":"https:\/\/ab-marineservice.com\/de\/wp-json\/wp\/v2\/product"}],"about":[{"href":"https:\/\/ab-marineservice.com\/de\/wp-json\/wp\/v2\/types\/product"}],"replies":[{"embeddable":true,"href":"https:\/\/ab-marineservice.com\/de\/wp-json\/wp\/v2\/comments?post=393281"}],"wp:featuredmedia":[{"embeddable":true,"href":"https:\/\/ab-marineservice.com\/de\/wp-json\/wp\/v2\/media\/419037"}],"wp:attachment":[{"href":"https:\/\/ab-marineservice.com\/de\/wp-json\/wp\/v2\/media?parent=393281"}],"wp:term":[{"taxonomy":"location","embeddable":true,"href":"https:\/\/ab-marineservice.com\/de\/wp-json\/wp\/v2\/location?post=393281"},{"taxonomy":"product_brand","embeddable":true,"href":"https:\/\/ab-marineservice.com\/de\/wp-json\/wp\/v2\/product_brand?post=393281"},{"taxonomy":"product_cat","embeddable":true,"href":"https:\/\/ab-marineservice.com\/de\/wp-json\/wp\/v2\/product_cat?post=393281"},{"taxonomy":"product_tag","embeddable":true,"href":"https:\/\/ab-marineservice.com\/de\/wp-json\/wp\/v2\/product_tag?post=393281"}],"curies":[{"name":"wp","href":"https:\/\/api.w.org\/{rel}","templated":true}]}}