{"id":393321,"date":"2025-09-16T12:53:16","date_gmt":"2025-09-16T10:53:16","guid":{"rendered":"https:\/\/ab-marineservice.com\/product\/volvo-penta-keilhuelse-3852268\/"},"modified":"2026-03-06T11:28:06","modified_gmt":"2026-03-06T10:28:06","slug":"volvo-penta-keilhuelse-3852268","status":"publish","type":"product","link":"https:\/\/ab-marineservice.com\/de\/produkt\/volvo-penta-keilhuelse-3852268\/","title":{"rendered":"Volvo Penta Nutmuffe f\u00fcr Hilfswelle &#8211; 3852268"},"content":{"rendered":"<p><strong>Geeignet f\u00fcr:<\/strong><br \/>\nVolvo Penta AD30<br \/>\nVolvo Penta AD31<br \/>\nVolvo Penta AD40<br \/>\nVolvo Penta AD41<br \/>\nVolvo Penta AQAD30<br \/>\nVolvo Penta AQAD40<br \/>\nVolvo Penta AQD40<br \/>\nVolvo Penta D41<br \/>\nVolvo Penta KAD42<br \/>\nVolvo Penta KAMD42<br \/>\nVolvo Penta MD21<br \/>\nVolvo Penta MD30<br \/>\nVolvo Penta MD31<br \/>\nVolvo Penta MD40<br \/>\nVolvo Penta TAMD30<br \/>\nVolvo Penta TAMD31<br \/>\nVolvo Penta TAMD40<br \/>\nVolvo Penta TMD30<br \/>\nVolvo Penta TMD31<br \/>\nVolvo Penta TMD40<br \/>\nVolvo Penta 230<br \/>\nVolvo Penta 250<br \/>\nVolvo Penta 270<br \/>\nVolvo Penta 430<br \/>\nVolvo Penta 500<br \/>\nVolvo Penta 570<br \/>\nVolvo Penta 740<br \/>\nVolvo Penta AQ115<br \/>\nVolvo Penta AQ120<br \/>\nVolvo Penta AQ125<br \/>\nVolvo Penta AQ130<br \/>\nVolvo Penta AQ131<br \/>\nVolvo Penta AQ140<br \/>\nVolvo Penta AQ145<br \/>\nVolvo Penta AQ151<br \/>\nVolvo Penta AQ165<br \/>\nVolvo Penta AQ170<br \/>\nVolvo Penta AQ171<br \/>\nVolvo Penta AQ175<br \/>\nVolvo Penta AQ200<br \/>\nVolvo Penta AQ225<br \/>\nVolvo Penta AQ255<br \/>\nVolvo Penta AQ260<br \/>\nVolvo Penta AQ290<br \/>\nVolvo Penta AQ311<br \/>\nVolvo Penta B20<br \/>\nVolvo Penta B230<br \/>\nVolvo Penta BB115<br \/>\nVolvo Penta BB140<br \/>\nVolvo Penta BB145<br \/>\nVolvo Penta BB165<br \/>\nVolvo Penta BB170<br \/>\nVolvo Penta BB225<br \/>\nVolvo Penta BB260<br \/>\nVolvo Penta BB740<br \/>\nVolvo Penta MB20<br \/>\nVolvo Penta 275<br \/>\nVolvo Penta 280<br \/>\nVolvo Penta 285<br \/>\nVolvo Penta 290<br \/>\nVolvo Penta DP-A<br \/>\nVolvo Penta DP-B<br \/>\nVolvo Penta DP-C<br \/>\nVolvo Penta DP-D<br \/>\nVolvo Penta DP-E<br \/>\nVolvo Penta DP-S<br \/>\nVolvo Penta DPS-A<br \/>\nVolvo Penta DPS-B<br \/>\nVolvo Penta DPS-D<br \/>\nVolvo Penta DPX-S<br \/>\nVolvo Penta FWD-B<br \/>\nVolvo Penta IPS-A<br \/>\nVolvo Penta MS3<br \/>\nVolvo Penta MS4<br \/>\nVolvo Penta SP-A<br \/>\nVolvo Penta SX-A<br \/>\nVolvo Penta SX-C<br \/>\nVolvo Penta SX-M<br \/>\nVolvo Penta SX-CT<br \/>\nVolvo Penta SX-RT<\/p>\n","protected":false},"excerpt":{"rendered":"<p>Volvo Penta Nutmuffe f\u00fcr Hilfswelle &#8211; 3852268, entwickelt, um die Hilfswelle in Volvo Penta Motoren effektiv zu verbinden und zu st\u00fctzen. Diese Nutmuffe bietet eine robuste und zuverl\u00e4ssige L\u00f6sung f\u00fcr die Kraft\u00fcbertragung und die Verringerung von Verschlei\u00df.<\/p>\n","protected":false},"featured_media":428423,"comment_status":"open","ping_status":"closed","template":"","meta":[],"location":[28168],"product_brand":[25895],"product_cat":[1222,22116,25254],"product_tag":[],"class_list":{"0":"post-393321","1":"product","2":"type-product","3":"status-publish","4":"has-post-thumbnail","6":"location-middelzee-motoren","7":"product_brand-volvo-penta","8":"product_cat-motorteile","9":"product_cat-teile-nach-marke","10":"product_cat-weitere-volvo-penta-teile","11":"product_shipping_class-paket-0-10-kg","13":"first","14":"instock","15":"sale","16":"taxable","17":"shipping-taxable","18":"purchasable","19":"product-type-simple"},"group_of_quantity":0,"min_quantity":0,"max_quantity":"","exclude_order_quantity_value_rules":"no","exclude_category_quantity_rules":"no","combine_variations":"no","locations":[{"id":28168,"name":"Middelzee motoren","slug":"middelzee-motoren","quantity":""}],"_links":{"self":[{"href":"https:\/\/ab-marineservice.com\/de\/wp-json\/wp\/v2\/product\/393321","targetHints":{"allow":["GET"]}}],"collection":[{"href":"https:\/\/ab-marineservice.com\/de\/wp-json\/wp\/v2\/product"}],"about":[{"href":"https:\/\/ab-marineservice.com\/de\/wp-json\/wp\/v2\/types\/product"}],"replies":[{"embeddable":true,"href":"https:\/\/ab-marineservice.com\/de\/wp-json\/wp\/v2\/comments?post=393321"}],"wp:featuredmedia":[{"embeddable":true,"href":"https:\/\/ab-marineservice.com\/de\/wp-json\/wp\/v2\/media\/428423"}],"wp:attachment":[{"href":"https:\/\/ab-marineservice.com\/de\/wp-json\/wp\/v2\/media?parent=393321"}],"wp:term":[{"taxonomy":"location","embeddable":true,"href":"https:\/\/ab-marineservice.com\/de\/wp-json\/wp\/v2\/location?post=393321"},{"taxonomy":"product_brand","embeddable":true,"href":"https:\/\/ab-marineservice.com\/de\/wp-json\/wp\/v2\/product_brand?post=393321"},{"taxonomy":"product_cat","embeddable":true,"href":"https:\/\/ab-marineservice.com\/de\/wp-json\/wp\/v2\/product_cat?post=393321"},{"taxonomy":"product_tag","embeddable":true,"href":"https:\/\/ab-marineservice.com\/de\/wp-json\/wp\/v2\/product_tag?post=393321"}],"curies":[{"name":"wp","href":"https:\/\/api.w.org\/{rel}","templated":true}]}}