{"id":393329,"date":"2025-09-16T12:53:39","date_gmt":"2025-09-16T10:53:39","guid":{"rendered":"https:\/\/ab-marineservice.com\/product\/volvo-penta-splint-3852056\/"},"modified":"2026-05-06T17:48:36","modified_gmt":"2026-05-06T15:48:36","slug":"volvo-penta-splint-3852056","status":"publish","type":"product","link":"https:\/\/ab-marineservice.com\/de\/produkt\/volvo-penta-splint-3852056\/","title":{"rendered":"Volvo Penta Sprengring f\u00fcr Schraube &#8211; 3852056"},"content":{"rendered":"<p><strong>Geeignet f\u00fcr:<\/strong><br \/>\nVolvo Penta DP-S<br \/>\nVolvo Penta DP-S1<br \/>\nVolvo Penta DP-SM<br \/>\nVolvo Penta DP-SMTD<br \/>\nVolvo Penta DP-SMTD1<br \/>\nVolvo Penta DP-SMTD3<br \/>\nVolvo Penta SX-A<br \/>\nVolvo Penta SX-C<br \/>\nVolvo Penta SX-C1<br \/>\nVolvo Penta SX-C1AC<br \/>\nVolvo Penta SX-C2<br \/>\nVolvo Penta SX-CT<br \/>\nVolvo Penta SX-CT1<br \/>\nVolvo Penta SX-CT2<br \/>\nVolvo Penta SX-D<br \/>\nVolvo Penta SX-M<br \/>\nVolvo Penta SX-M1<br \/>\nVolvo Penta SX-MAC<br \/>\nVolvo Penta SX-MTD<br \/>\nVolvo Penta SX-MTD3<br \/>\nVolvo Penta SX-R<br \/>\nVolvo Penta SX-RT1<br \/>\nVolvo Penta SX-RT2<br \/>\nVolvo Penta SX-S<br \/>\nVolvo Penta SX-ST<br \/>\nVolvo Penta TSK SX-C<br \/>\nVolvo Penta TSK SX-C1<br \/>\nVolvo Penta TSK SX-C1AC<br \/>\nVolvo Penta TSK SX-C2AC<br \/>\nVolvo Penta TSK SX-CLT<br \/>\nVolvo Penta TSK SX-CLT M10<br \/>\nVolvo Penta TSK SX-CLT1<br \/>\nVolvo Penta TSK SX-M<br \/>\nVolvo Penta TSK SX-MAC<br \/>\nVolvo Penta TSK SX-MACLT<br \/>\nVolvo Penta TSK SX-MBAC<br \/>\nVolvo Penta TSK SX-MDA<br \/>\nVolvo Penta TSK SX-MDB<br \/>\nVolvo Penta TSK SX-MDC<br \/>\nVolvo Penta TSK SX-MHP<br \/>\nVolvo Penta TSK SX-MLT<br \/>\nVolvo Penta TSK SX-R<br \/>\nVolvo Penta TSK SX-R1<br \/>\nVolvo Penta TSK SX-R2<\/p>\n","protected":false},"excerpt":{"rendered":"<p>Volvo Penta Sprengring f\u00fcr Schraube. Originalteil mit der Artikelnummer 3852056, sorgt f\u00fcr eine zuverl\u00e4ssige Sicherung und sichere Befestigung von Schraubverbindungen in Motor- und Antriebssystemen.<\/p>\n","protected":false},"featured_media":401543,"comment_status":"open","ping_status":"closed","template":"","meta":[],"location":[28168],"product_brand":[25895],"product_cat":[1222,22116,25254],"product_tag":[],"class_list":{"0":"post-393329","1":"product","2":"type-product","3":"status-publish","4":"has-post-thumbnail","6":"location-middelzee-motoren","7":"product_brand-volvo-penta","8":"product_cat-motorteile","9":"product_cat-teile-nach-marke","10":"product_cat-weitere-volvo-penta-teile","11":"product_shipping_class-paket-0-10-kg","13":"first","14":"instock","15":"sale","16":"taxable","17":"shipping-taxable","18":"purchasable","19":"product-type-simple"},"group_of_quantity":0,"min_quantity":0,"max_quantity":"","exclude_order_quantity_value_rules":"no","exclude_category_quantity_rules":"no","combine_variations":"no","locations":[{"id":28168,"name":"Middelzee motoren","slug":"middelzee-motoren","quantity":""}],"_links":{"self":[{"href":"https:\/\/ab-marineservice.com\/de\/wp-json\/wp\/v2\/product\/393329","targetHints":{"allow":["GET"]}}],"collection":[{"href":"https:\/\/ab-marineservice.com\/de\/wp-json\/wp\/v2\/product"}],"about":[{"href":"https:\/\/ab-marineservice.com\/de\/wp-json\/wp\/v2\/types\/product"}],"replies":[{"embeddable":true,"href":"https:\/\/ab-marineservice.com\/de\/wp-json\/wp\/v2\/comments?post=393329"}],"wp:featuredmedia":[{"embeddable":true,"href":"https:\/\/ab-marineservice.com\/de\/wp-json\/wp\/v2\/media\/401543"}],"wp:attachment":[{"href":"https:\/\/ab-marineservice.com\/de\/wp-json\/wp\/v2\/media?parent=393329"}],"wp:term":[{"taxonomy":"location","embeddable":true,"href":"https:\/\/ab-marineservice.com\/de\/wp-json\/wp\/v2\/location?post=393329"},{"taxonomy":"product_brand","embeddable":true,"href":"https:\/\/ab-marineservice.com\/de\/wp-json\/wp\/v2\/product_brand?post=393329"},{"taxonomy":"product_cat","embeddable":true,"href":"https:\/\/ab-marineservice.com\/de\/wp-json\/wp\/v2\/product_cat?post=393329"},{"taxonomy":"product_tag","embeddable":true,"href":"https:\/\/ab-marineservice.com\/de\/wp-json\/wp\/v2\/product_tag?post=393329"}],"curies":[{"name":"wp","href":"https:\/\/api.w.org\/{rel}","templated":true}]}}