{"id":393370,"date":"2025-09-16T12:56:46","date_gmt":"2025-09-16T10:56:46","guid":{"rendered":"https:\/\/ab-marineservice.com\/product\/volvo-penta-anlasser-21302969\/"},"modified":"2026-05-02T11:42:34","modified_gmt":"2026-05-02T09:42:34","slug":"volvo-penta-anlasser-21302969","status":"publish","type":"product","link":"https:\/\/ab-marineservice.com\/de\/produkt\/volvo-penta-anlasser-21302969\/","title":{"rendered":"Volvo Penta Anlasser 12V 1,2 kW 9T &#8211; 21302969"},"content":{"rendered":"<p><strong>Geeignet f\u00fcr:<\/strong><br \/>\nVolvo Penta D1-30<br \/>\nVolvo Penta D1-30B<br \/>\nVolvo Penta D1-30F<br \/>\nVolvo Penta D2-40<br \/>\nVolvo Penta D2-40B<br \/>\nVolvo Penta D2-40F<br \/>\nVolvo Penta MD2030<br \/>\nVolvo Penta MD2030-C<br \/>\nVolvo Penta MD2030-D<br \/>\nVolvo Penta MD2030B<br \/>\nVolvo Penta MD2040<\/p>\n","protected":false},"excerpt":{"rendered":"<p>Volvo Penta Anlasser 21302969 ist ein 12V Anlasser mit 1,2 kW Leistung und 9 Z\u00e4hnen, der f\u00fcr kompakte Dieselmotoren in Freizeitbooten entwickelt wurde. Dieser Anlasser liefert die notwendige Leistung, um den Motor zuverl\u00e4ssig zu starten, selbst unter kalten oder schwierigen Bedingungen. Er verhindert Startprobleme und sorgt f\u00fcr einen schnellen und gleichm\u00e4\u00dfigen Motorstart, sodass du ohne Verz\u00f6gerung auf das Wasser fahren kannst.<\/p>\n<h4>Hauptmerkmale und Vorteile:<\/h4>\n<p><strong>1,2 kW Leistung:<\/strong> Bietet ausreichend Startkraft f\u00fcr kompakte Dieselmotoren.<br \/>\n<strong>9 Z\u00e4hne:<\/strong> Sorgt f\u00fcr eine pr\u00e4zise Passform und sanftes Einkuppeln mit dem Schwungrad.<br \/>\n<strong>Zuverl\u00e4ssiger Start:<\/strong> Reduziert die Wahrscheinlichkeit von Startproblemen unter verschiedenen Bootsbedingungen.<\/p>\n","protected":false},"featured_media":413432,"comment_status":"open","ping_status":"closed","template":"","meta":[],"location":[],"product_brand":[25895],"product_cat":[1222,22116,25254],"product_tag":[],"class_list":{"0":"post-393370","1":"product","2":"type-product","3":"status-publish","4":"has-post-thumbnail","6":"product_brand-volvo-penta","7":"product_cat-motorteile","8":"product_cat-teile-nach-marke","9":"product_cat-weitere-volvo-penta-teile","10":"product_shipping_class-paket-0-10-kg","12":"first","13":"instock","14":"sale","15":"taxable","16":"shipping-taxable","17":"purchasable","18":"product-type-simple"},"group_of_quantity":0,"min_quantity":0,"max_quantity":"","exclude_order_quantity_value_rules":"no","exclude_category_quantity_rules":"no","combine_variations":"no","locations":[],"_links":{"self":[{"href":"https:\/\/ab-marineservice.com\/de\/wp-json\/wp\/v2\/product\/393370","targetHints":{"allow":["GET"]}}],"collection":[{"href":"https:\/\/ab-marineservice.com\/de\/wp-json\/wp\/v2\/product"}],"about":[{"href":"https:\/\/ab-marineservice.com\/de\/wp-json\/wp\/v2\/types\/product"}],"replies":[{"embeddable":true,"href":"https:\/\/ab-marineservice.com\/de\/wp-json\/wp\/v2\/comments?post=393370"}],"wp:featuredmedia":[{"embeddable":true,"href":"https:\/\/ab-marineservice.com\/de\/wp-json\/wp\/v2\/media\/413432"}],"wp:attachment":[{"href":"https:\/\/ab-marineservice.com\/de\/wp-json\/wp\/v2\/media?parent=393370"}],"wp:term":[{"taxonomy":"location","embeddable":true,"href":"https:\/\/ab-marineservice.com\/de\/wp-json\/wp\/v2\/location?post=393370"},{"taxonomy":"product_brand","embeddable":true,"href":"https:\/\/ab-marineservice.com\/de\/wp-json\/wp\/v2\/product_brand?post=393370"},{"taxonomy":"product_cat","embeddable":true,"href":"https:\/\/ab-marineservice.com\/de\/wp-json\/wp\/v2\/product_cat?post=393370"},{"taxonomy":"product_tag","embeddable":true,"href":"https:\/\/ab-marineservice.com\/de\/wp-json\/wp\/v2\/product_tag?post=393370"}],"curies":[{"name":"wp","href":"https:\/\/api.w.org\/{rel}","templated":true}]}}