{"id":393372,"date":"2025-09-16T12:56:46","date_gmt":"2025-09-16T10:56:46","guid":{"rendered":"https:\/\/ab-marineservice.com\/product\/volvo-penta-anlassschalter-3587072\/"},"modified":"2026-01-06T17:05:30","modified_gmt":"2026-01-06T16:05:30","slug":"volvo-penta-anlassschalter-3587072","status":"publish","type":"product","link":"https:\/\/ab-marineservice.com\/de\/produkt\/volvo-penta-anlassschalter-3587072\/","title":{"rendered":"Volvo Penta Anlassschalter &#8211; 3587072"},"content":{"rendered":"<p><strong>Geeignet f\u00fcr:<\/strong><br \/>\nVolvo Penta 2001<br \/>\nVolvo Penta 2002<br \/>\nVolvo Penta 2003<br \/>\nVolvo Penta AD30<br \/>\nVolvo Penta AD31<br \/>\nVolvo Penta AD40<br \/>\nVolvo Penta AD41<br \/>\nVolvo Penta AQAD30<br \/>\nVolvo Penta AQAD40<br \/>\nVolvo Penta AQD40<br \/>\nVolvo Penta AQD70<br \/>\nVolvo Penta D1<br \/>\nVolvo Penta D2<br \/>\nVolvo Penta D5A<br \/>\nVolvo Penta D7A<br \/>\nVolvo Penta D7C<br \/>\nVolvo Penta D12<br \/>\nVolvo Penta D41<br \/>\nVolvo Penta KAD300<br \/>\nVolvo Penta KAD32<br \/>\nVolvo Penta KAD42<br \/>\nVolvo Penta KAD43<br \/>\nVolvo Penta KAD44<br \/>\nVolvo Penta KAMD300<br \/>\nVolvo Penta KAMD42<br \/>\nVolvo Penta KAMD43<br \/>\nVolvo Penta KAMD44<br \/>\nVolvo Penta MD2010<br \/>\nVolvo Penta MD2020<br \/>\nVolvo Penta MD2030<br \/>\nVolvo Penta MD2040<br \/>\nVolvo Penta MD22<br \/>\nVolvo Penta MD30<br \/>\nVolvo Penta MD31<br \/>\nVolvo Penta MD40<br \/>\nVolvo Penta TAMD102<br \/>\nVolvo Penta TAMD103<br \/>\nVolvo Penta TAMD121<br \/>\nVolvo Penta TAMD122<br \/>\nVolvo Penta TAMD162<br \/>\nVolvo Penta TAMD163<br \/>\nVolvo Penta TAMD165<br \/>\nVolvo Penta TAMD22<br \/>\nVolvo Penta TAMD30<br \/>\nVolvo Penta TAMD31<br \/>\nVolvo Penta TAMD40<br \/>\nVolvo Penta TAMD41<br \/>\nVolvo Penta TAMD42<br \/>\nVolvo Penta TAMD60<br \/>\nVolvo Penta TAMD61<br \/>\nVolvo Penta TAMD62<br \/>\nVolvo Penta TAMD63<br \/>\nVolvo Penta TAMD70<br \/>\nVolvo Penta TAMD71<br \/>\nVolvo Penta TAMD72<br \/>\nVolvo Penta TAMD73<br \/>\nVolvo Penta TAMD74<br \/>\nVolvo Penta TAMD75<br \/>\nVolvo Penta TMD100<br \/>\nVolvo Penta TMD120<br \/>\nVolvo Penta TMD121<br \/>\nVolvo Penta TMD122<br \/>\nVolvo Penta TMD22<br \/>\nVolvo Penta TMD30<br \/>\nVolvo Penta TMD31<br \/>\nVolvo Penta TMD40<br \/>\nVolvo Penta TMD41<br \/>\nVolvo Penta MS5<br \/>\nVolvo Penta TAD730<br \/>\nVolvo Penta TAD740<br \/>\nVolvo Penta TAD741<br \/>\nVolvo Penta TAD1030<br \/>\nVolvo Penta TAD1031<br \/>\nVolvo Penta TAD1032<br \/>\nVolvo Penta TAD1230<br \/>\nVolvo Penta TAD1231<br \/>\nVolvo Penta TAD1232<br \/>\nVolvo Penta TAD1630<br \/>\nVolvo Penta TAD1631<br \/>\nVolvo Penta TD60<br \/>\nVolvo Penta TD61<br \/>\nVolvo Penta TD70<br \/>\nVolvo Penta TD71<br \/>\nVolvo Penta TD73<br \/>\nVolvo Penta TD100<br \/>\nVolvo Penta TD1010<br \/>\nVolvo Penta TD1030<br \/>\nVolvo Penta TD120<br \/>\nVolvo Penta TD1210<br \/>\nVolvo Penta TD610<br \/>\nVolvo Penta TD630<br \/>\nVolvo Penta TD640<br \/>\nVolvo Penta TD710<br \/>\nVolvo Penta TD730<br \/>\nVolvo Penta TID60<br \/>\nVolvo Penta TID61<br \/>\nVolvo Penta TID70<br \/>\nVolvo Penta TID71<br \/>\nVolvo Penta TID100<br \/>\nVolvo Penta TID120<br \/>\nVolvo Penta TID121<br \/>\nVolvo Penta TID162<br \/>\nVolvo Penta TWD1010<br \/>\nVolvo Penta TWD1030<br \/>\nVolvo Penta TWD1210<br \/>\nVolvo Penta TWD1211<br \/>\nVolvo Penta TWD1230<br \/>\nVolvo Penta TWD1231<br \/>\nVolvo Penta TWD1620<br \/>\nVolvo Penta TWD1630<br \/>\nVolvo Penta TWD610<br \/>\nVolvo Penta TWD630<br \/>\nVolvo Penta TWD710<br \/>\nVolvo Penta TWD730<br \/>\nVolvo Penta TWD740<\/p>\n","protected":false},"excerpt":{"rendered":"<p>Volvo Penta Z\u00fcndschalter. Originalteil mit der OEM-Nummer 3587072 f\u00fcr eine zuverl\u00e4ssige Bedienung des elektrischen Systems an Bord.<\/p>\n","protected":false},"featured_media":419052,"comment_status":"open","ping_status":"closed","template":"","meta":[],"location":[28168],"product_brand":[25895],"product_cat":[1222,22116,25254],"product_tag":[],"class_list":{"0":"post-393372","1":"product","2":"type-product","3":"status-publish","4":"has-post-thumbnail","6":"location-middelzee-motoren","7":"product_brand-volvo-penta","8":"product_cat-motorteile","9":"product_cat-teile-nach-marke","10":"product_cat-weitere-volvo-penta-teile","11":"product_shipping_class-paket-0-10-kg","13":"first","14":"instock","15":"sale","16":"taxable","17":"shipping-taxable","18":"purchasable","19":"product-type-simple"},"group_of_quantity":0,"min_quantity":0,"max_quantity":"","exclude_order_quantity_value_rules":"no","exclude_category_quantity_rules":"no","combine_variations":"no","locations":[{"id":28168,"name":"Middelzee motoren","slug":"middelzee-motoren","quantity":""}],"_links":{"self":[{"href":"https:\/\/ab-marineservice.com\/de\/wp-json\/wp\/v2\/product\/393372","targetHints":{"allow":["GET"]}}],"collection":[{"href":"https:\/\/ab-marineservice.com\/de\/wp-json\/wp\/v2\/product"}],"about":[{"href":"https:\/\/ab-marineservice.com\/de\/wp-json\/wp\/v2\/types\/product"}],"replies":[{"embeddable":true,"href":"https:\/\/ab-marineservice.com\/de\/wp-json\/wp\/v2\/comments?post=393372"}],"wp:featuredmedia":[{"embeddable":true,"href":"https:\/\/ab-marineservice.com\/de\/wp-json\/wp\/v2\/media\/419052"}],"wp:attachment":[{"href":"https:\/\/ab-marineservice.com\/de\/wp-json\/wp\/v2\/media?parent=393372"}],"wp:term":[{"taxonomy":"location","embeddable":true,"href":"https:\/\/ab-marineservice.com\/de\/wp-json\/wp\/v2\/location?post=393372"},{"taxonomy":"product_brand","embeddable":true,"href":"https:\/\/ab-marineservice.com\/de\/wp-json\/wp\/v2\/product_brand?post=393372"},{"taxonomy":"product_cat","embeddable":true,"href":"https:\/\/ab-marineservice.com\/de\/wp-json\/wp\/v2\/product_cat?post=393372"},{"taxonomy":"product_tag","embeddable":true,"href":"https:\/\/ab-marineservice.com\/de\/wp-json\/wp\/v2\/product_tag?post=393372"}],"curies":[{"name":"wp","href":"https:\/\/api.w.org\/{rel}","templated":true}]}}