{"id":393376,"date":"2025-09-16T12:57:09","date_gmt":"2025-09-16T10:57:09","guid":{"rendered":"https:\/\/ab-marineservice.com\/product\/volvo-penta-anlassschalter-856670\/"},"modified":"2026-05-06T17:47:54","modified_gmt":"2026-05-06T15:47:54","slug":"volvo-penta-anlassschalter-856670","status":"publish","type":"product","link":"https:\/\/ab-marineservice.com\/de\/produkt\/volvo-penta-anlassschalter-856670\/","title":{"rendered":"Volvo Penta Anlassschalter &#8211; 856670"},"content":{"rendered":"<p><strong>Geeignet f\u00fcr:<\/strong><br \/>\nVolvo Penta AQD21<br \/>\nVolvo Penta AQD70<br \/>\nVolvo Penta MD100<br \/>\nVolvo Penta MD11<br \/>\nVolvo Penta MD120<br \/>\nVolvo Penta MD17<br \/>\nVolvo Penta MD21<br \/>\nVolvo Penta MD5<br \/>\nVolvo Penta MD67<br \/>\nVolvo Penta TAMD102<br \/>\nVolvo Penta TAMD120<br \/>\nVolvo Penta TAMD122<br \/>\nVolvo Penta TAMD60<br \/>\nVolvo Penta TAMD70<br \/>\nVolvo Penta TMD100<br \/>\nVolvo Penta TMD120<br \/>\nVolvo Penta 230<br \/>\nVolvo Penta 250<br \/>\nVolvo Penta 271<br \/>\nVolvo Penta AQ115<br \/>\nVolvo Penta AQ120<br \/>\nVolvo Penta AQ125<br \/>\nVolvo Penta AQ130<br \/>\nVolvo Penta AQ131<br \/>\nVolvo Penta AQ140<br \/>\nVolvo Penta AQ145<br \/>\nVolvo Penta AQ151<br \/>\nVolvo Penta AQ165<br \/>\nVolvo Penta AQ170<br \/>\nVolvo Penta AQ171<br \/>\nVolvo Penta AQ175<br \/>\nVolvo Penta AQ200<br \/>\nVolvo Penta AQ225<br \/>\nVolvo Penta AQ255<br \/>\nVolvo Penta AQ260<br \/>\nVolvo Penta AQ290<br \/>\nVolvo Penta AQ311<br \/>\nVolvo Penta B20<br \/>\nVolvo Penta B230<br \/>\nVolvo Penta BB115<br \/>\nVolvo Penta BB140<br \/>\nVolvo Penta BB145<br \/>\nVolvo Penta BB165<br \/>\nVolvo Penta BB170<br \/>\nVolvo Penta BB225<br \/>\nVolvo Penta BB260<br \/>\nVolvo Penta MB20<\/p>\n","protected":false},"excerpt":{"rendered":"<p>Volvo Penta Startschalter &#8211; 856670, entwickelt f\u00fcr zuverl\u00e4ssige Motorsteuerung in Volvo Penta-Systemen. Dieser Startschalter bietet eine sichere M\u00f6glichkeit, den Motor zu starten und ist f\u00fcr den langfristigen Einsatz unter maritimen Bedingungen gebaut.<\/p>\n","protected":false},"featured_media":0,"comment_status":"open","ping_status":"closed","template":"","meta":[],"location":[28168],"product_brand":[25895],"product_cat":[1222,22116,25254],"product_tag":[],"class_list":{"0":"post-393376","1":"product","2":"type-product","3":"status-publish","5":"location-middelzee-motoren","6":"product_brand-volvo-penta","7":"product_cat-motorteile","8":"product_cat-teile-nach-marke","9":"product_cat-weitere-volvo-penta-teile","10":"product_shipping_class-paket-0-10-kg","12":"first","13":"instock","14":"sale","15":"taxable","16":"shipping-taxable","17":"purchasable","18":"product-type-simple"},"group_of_quantity":0,"min_quantity":0,"max_quantity":"","exclude_order_quantity_value_rules":"no","exclude_category_quantity_rules":"no","combine_variations":"no","locations":[{"id":28168,"name":"Middelzee motoren","slug":"middelzee-motoren","quantity":""}],"_links":{"self":[{"href":"https:\/\/ab-marineservice.com\/de\/wp-json\/wp\/v2\/product\/393376","targetHints":{"allow":["GET"]}}],"collection":[{"href":"https:\/\/ab-marineservice.com\/de\/wp-json\/wp\/v2\/product"}],"about":[{"href":"https:\/\/ab-marineservice.com\/de\/wp-json\/wp\/v2\/types\/product"}],"replies":[{"embeddable":true,"href":"https:\/\/ab-marineservice.com\/de\/wp-json\/wp\/v2\/comments?post=393376"}],"wp:attachment":[{"href":"https:\/\/ab-marineservice.com\/de\/wp-json\/wp\/v2\/media?parent=393376"}],"wp:term":[{"taxonomy":"location","embeddable":true,"href":"https:\/\/ab-marineservice.com\/de\/wp-json\/wp\/v2\/location?post=393376"},{"taxonomy":"product_brand","embeddable":true,"href":"https:\/\/ab-marineservice.com\/de\/wp-json\/wp\/v2\/product_brand?post=393376"},{"taxonomy":"product_cat","embeddable":true,"href":"https:\/\/ab-marineservice.com\/de\/wp-json\/wp\/v2\/product_cat?post=393376"},{"taxonomy":"product_tag","embeddable":true,"href":"https:\/\/ab-marineservice.com\/de\/wp-json\/wp\/v2\/product_tag?post=393376"}],"curies":[{"name":"wp","href":"https:\/\/api.w.org\/{rel}","templated":true}]}}