{"id":393377,"date":"2025-09-16T12:57:09","date_gmt":"2025-09-16T10:57:09","guid":{"rendered":"https:\/\/ab-marineservice.com\/product\/volvo-penta-strebe-24382305\/"},"modified":"2026-05-06T17:47:56","modified_gmt":"2026-05-06T15:47:56","slug":"volvo-penta-strebe-24382305","status":"publish","type":"product","link":"https:\/\/ab-marineservice.com\/de\/produkt\/volvo-penta-strebe-24382305\/","title":{"rendered":"Volvo Penta MD2010, MD2020 Strebe &#8211; 24382305"},"content":{"rendered":"<p><strong>Geeignet f\u00fcr:<\/strong><br \/>\nVolvo Penta MD2010<br \/>\nVolvo Penta MD2010-C<br \/>\nVolvo Penta MD2010-D<br \/>\nVolvo Penta MD2010B<br \/>\nVolvo Penta MD2020<br \/>\nVolvo Penta MD2020-C<br \/>\nVolvo Penta MD2020-D<br \/>\nVolvo Penta MD2020B<\/p>\n","protected":false},"excerpt":{"rendered":"<p>Volvo Penta MD2010, MD2020 St\u00fctze, OEM 24382305. Originalteil zur Unterst\u00fctzung des Motors und Gew\u00e4hrleistung des stabilen Betriebs des Antriebssystems.<\/p>\n","protected":false},"featured_media":420878,"comment_status":"open","ping_status":"closed","template":"","meta":[],"location":[28168],"product_brand":[25895],"product_cat":[1222,22116,25254],"product_tag":[],"class_list":{"0":"post-393377","1":"product","2":"type-product","3":"status-publish","4":"has-post-thumbnail","6":"location-middelzee-motoren","7":"product_brand-volvo-penta","8":"product_cat-motorteile","9":"product_cat-teile-nach-marke","10":"product_cat-weitere-volvo-penta-teile","11":"product_shipping_class-paket-0-10-kg","13":"first","14":"instock","15":"sale","16":"taxable","17":"shipping-taxable","18":"purchasable","19":"product-type-simple"},"group_of_quantity":0,"min_quantity":0,"max_quantity":"","exclude_order_quantity_value_rules":"no","exclude_category_quantity_rules":"no","combine_variations":"no","locations":[{"id":28168,"name":"Middelzee motoren","slug":"middelzee-motoren","quantity":""}],"_links":{"self":[{"href":"https:\/\/ab-marineservice.com\/de\/wp-json\/wp\/v2\/product\/393377","targetHints":{"allow":["GET"]}}],"collection":[{"href":"https:\/\/ab-marineservice.com\/de\/wp-json\/wp\/v2\/product"}],"about":[{"href":"https:\/\/ab-marineservice.com\/de\/wp-json\/wp\/v2\/types\/product"}],"replies":[{"embeddable":true,"href":"https:\/\/ab-marineservice.com\/de\/wp-json\/wp\/v2\/comments?post=393377"}],"wp:featuredmedia":[{"embeddable":true,"href":"https:\/\/ab-marineservice.com\/de\/wp-json\/wp\/v2\/media\/420878"}],"wp:attachment":[{"href":"https:\/\/ab-marineservice.com\/de\/wp-json\/wp\/v2\/media?parent=393377"}],"wp:term":[{"taxonomy":"location","embeddable":true,"href":"https:\/\/ab-marineservice.com\/de\/wp-json\/wp\/v2\/location?post=393377"},{"taxonomy":"product_brand","embeddable":true,"href":"https:\/\/ab-marineservice.com\/de\/wp-json\/wp\/v2\/product_brand?post=393377"},{"taxonomy":"product_cat","embeddable":true,"href":"https:\/\/ab-marineservice.com\/de\/wp-json\/wp\/v2\/product_cat?post=393377"},{"taxonomy":"product_tag","embeddable":true,"href":"https:\/\/ab-marineservice.com\/de\/wp-json\/wp\/v2\/product_tag?post=393377"}],"curies":[{"name":"wp","href":"https:\/\/api.w.org\/{rel}","templated":true}]}}