{"id":393412,"date":"2025-09-16T12:59:27","date_gmt":"2025-09-16T10:59:27","guid":{"rendered":"https:\/\/ab-marineservice.com\/product\/volvo-penta-schalter-21469024\/"},"modified":"2026-05-06T17:47:13","modified_gmt":"2026-05-06T15:47:13","slug":"volvo-penta-schalter-21469024","status":"publish","type":"product","link":"https:\/\/ab-marineservice.com\/de\/produkt\/volvo-penta-schalter-21469024\/","title":{"rendered":"Volvo Penta Montageset 12&#8243; &#8211; 23988974"},"content":{"rendered":"<p><strong>Geeignet f\u00fcr:<\/strong><br \/>\nVolvo Penta D11<br \/>\nVolvo Penta D13<br \/>\nVolvo Penta D16<br \/>\nVolvo Penta D3<br \/>\nVolvo Penta D4<br \/>\nVolvo Penta D6<br \/>\nVolvo Penta D8<\/p>\n","protected":false},"excerpt":{"rendered":"<p>Volvo Penta Not-Aus-Schalter-Kit EVC-D, E, EVC2 21469024 ist eine wichtige Sicherheitsvorrichtung f\u00fcr schnelle Boote mit EVC-Steuerung. Das Kit enth\u00e4lt ein zweiteiliges Not-Aus-Schalter-System mit einem Seil, das mit dem Fahrer verbunden wird. Wenn der Fahrer unerwartet \u00fcber Bord f\u00e4llt oder st\u00fcrzt, unterbricht der Schalter sofort die Stromversorgung zum Motor, sodass dieser sofort stoppt. Dies verringert das Risiko einer Kollision, unkontrolliertes Abdriften oder Sch\u00e4den an Boot und anderen.<\/p>\n<h4>Wichtigste Merkmale und Vorteile:<\/h4>\n<p><strong>Direkter Motorstopp im Notfall:<\/strong> Unterbricht die Stromversorgung, wenn der Fahrer \u00fcber Bord geht, f\u00fcr mehr Sicherheit.<br \/>\n<strong>Einfache Bedienung:<\/strong> Zweiteiliger Schalter mit Seil f\u00fcr schnelle Verbindung zum Fahrer.<br \/>\n<strong>Wichtige Sicherheitsausstattung:<\/strong> Erh\u00f6ht die Sicherheit bei schneller Fahrt und in Notf\u00e4llen.<br \/>\n<strong>Kompatibel mit EVC-Systemen:<\/strong> Entwickelt f\u00fcr die Verwendung mit Volvo Penta EVC-D, E und EVC2 Steuerungssystemen.<\/p>\n","protected":false},"featured_media":415908,"comment_status":"open","ping_status":"closed","template":"","meta":[],"location":[],"product_brand":[25895],"product_cat":[1222,22116,2161,25753],"product_tag":[],"class_list":{"0":"post-393412","1":"product","2":"type-product","3":"status-publish","4":"has-post-thumbnail","6":"product_brand-volvo-penta","7":"product_cat-motorteile","8":"product_cat-teile-nach-marke","9":"product_cat-motorenteile-volvo-penta","10":"product_cat-volvo-penta-bedienelemente","11":"product_shipping_class-paket-0-10-kg","13":"first","14":"instock","15":"sale","16":"taxable","17":"shipping-taxable","18":"purchasable","19":"product-type-simple"},"group_of_quantity":0,"min_quantity":0,"max_quantity":"","exclude_order_quantity_value_rules":"no","exclude_category_quantity_rules":"no","combine_variations":"no","locations":[{"id":28168,"name":"Middelzee motoren","slug":"middelzee-motoren","quantity":""}],"_links":{"self":[{"href":"https:\/\/ab-marineservice.com\/de\/wp-json\/wp\/v2\/product\/393412","targetHints":{"allow":["GET"]}}],"collection":[{"href":"https:\/\/ab-marineservice.com\/de\/wp-json\/wp\/v2\/product"}],"about":[{"href":"https:\/\/ab-marineservice.com\/de\/wp-json\/wp\/v2\/types\/product"}],"replies":[{"embeddable":true,"href":"https:\/\/ab-marineservice.com\/de\/wp-json\/wp\/v2\/comments?post=393412"}],"wp:featuredmedia":[{"embeddable":true,"href":"https:\/\/ab-marineservice.com\/de\/wp-json\/wp\/v2\/media\/415908"}],"wp:attachment":[{"href":"https:\/\/ab-marineservice.com\/de\/wp-json\/wp\/v2\/media?parent=393412"}],"wp:term":[{"taxonomy":"location","embeddable":true,"href":"https:\/\/ab-marineservice.com\/de\/wp-json\/wp\/v2\/location?post=393412"},{"taxonomy":"product_brand","embeddable":true,"href":"https:\/\/ab-marineservice.com\/de\/wp-json\/wp\/v2\/product_brand?post=393412"},{"taxonomy":"product_cat","embeddable":true,"href":"https:\/\/ab-marineservice.com\/de\/wp-json\/wp\/v2\/product_cat?post=393412"},{"taxonomy":"product_tag","embeddable":true,"href":"https:\/\/ab-marineservice.com\/de\/wp-json\/wp\/v2\/product_tag?post=393412"}],"curies":[{"name":"wp","href":"https:\/\/api.w.org\/{rel}","templated":true}]}}