{"id":393428,"date":"2025-09-16T13:00:42","date_gmt":"2025-09-16T11:00:42","guid":{"rendered":"https:\/\/ab-marineservice.com\/product\/volvo-penta-temperatursensor-837044\/"},"modified":"2026-05-06T17:46:42","modified_gmt":"2026-05-06T15:46:42","slug":"volvo-penta-temperatursensor-837044","status":"publish","type":"product","link":"https:\/\/ab-marineservice.com\/de\/produkt\/volvo-penta-temperatursensor-837044\/","title":{"rendered":"Volvo Penta Temperatursensor f\u00fcr K\u00fchlwasser &#8211; 837044"},"content":{"rendered":"<p><strong>Geeignet f\u00fcr:<\/strong><br \/>\nVolvo Penta AQD70<br \/>\nVolvo Penta MD120<br \/>\nVolvo Penta MD70<br \/>\nVolvo Penta TAMD102<br \/>\nVolvo Penta TAMD103<br \/>\nVolvo Penta TAMD120<br \/>\nVolvo Penta TAMD121<br \/>\nVolvo Penta TAMD122<br \/>\nVolvo Penta TAMD60<br \/>\nVolvo Penta TMD100<br \/>\nVolvo Penta TMD102<br \/>\nVolvo Penta TMD120<br \/>\nVolvo Penta TMD121<br \/>\nVolvo Penta TMD70<\/p>\n","protected":false},"excerpt":{"rendered":"<p>Geeignet f\u00fcr: Volvo Penta AQD70 Volvo Penta MD120 Volvo Penta MD70 Volvo Penta TAMD102 Volvo Penta TAMD103 Volvo Penta TAMD120 Volvo Penta TAMD121 Volvo Penta TAMD122 Volvo Penta TAMD60 Volvo [&hellip;]<\/p>\n","protected":false},"featured_media":420560,"comment_status":"open","ping_status":"closed","template":"","meta":[],"location":[28168],"product_brand":[25895],"product_cat":[1222,22116,25254],"product_tag":[],"class_list":{"0":"post-393428","1":"product","2":"type-product","3":"status-publish","4":"has-post-thumbnail","6":"location-middelzee-motoren","7":"product_brand-volvo-penta","8":"product_cat-motorteile","9":"product_cat-teile-nach-marke","10":"product_cat-weitere-volvo-penta-teile","11":"product_shipping_class-paket-0-10-kg","13":"first","14":"instock","15":"sale","16":"taxable","17":"shipping-taxable","18":"purchasable","19":"product-type-simple"},"group_of_quantity":0,"min_quantity":0,"max_quantity":"","exclude_order_quantity_value_rules":"no","exclude_category_quantity_rules":"no","combine_variations":"no","locations":[{"id":28168,"name":"Middelzee motoren","slug":"middelzee-motoren","quantity":""}],"_links":{"self":[{"href":"https:\/\/ab-marineservice.com\/de\/wp-json\/wp\/v2\/product\/393428","targetHints":{"allow":["GET"]}}],"collection":[{"href":"https:\/\/ab-marineservice.com\/de\/wp-json\/wp\/v2\/product"}],"about":[{"href":"https:\/\/ab-marineservice.com\/de\/wp-json\/wp\/v2\/types\/product"}],"replies":[{"embeddable":true,"href":"https:\/\/ab-marineservice.com\/de\/wp-json\/wp\/v2\/comments?post=393428"}],"wp:featuredmedia":[{"embeddable":true,"href":"https:\/\/ab-marineservice.com\/de\/wp-json\/wp\/v2\/media\/420560"}],"wp:attachment":[{"href":"https:\/\/ab-marineservice.com\/de\/wp-json\/wp\/v2\/media?parent=393428"}],"wp:term":[{"taxonomy":"location","embeddable":true,"href":"https:\/\/ab-marineservice.com\/de\/wp-json\/wp\/v2\/location?post=393428"},{"taxonomy":"product_brand","embeddable":true,"href":"https:\/\/ab-marineservice.com\/de\/wp-json\/wp\/v2\/product_brand?post=393428"},{"taxonomy":"product_cat","embeddable":true,"href":"https:\/\/ab-marineservice.com\/de\/wp-json\/wp\/v2\/product_cat?post=393428"},{"taxonomy":"product_tag","embeddable":true,"href":"https:\/\/ab-marineservice.com\/de\/wp-json\/wp\/v2\/product_tag?post=393428"}],"curies":[{"name":"wp","href":"https:\/\/api.w.org\/{rel}","templated":true}]}}