{"id":393429,"date":"2025-09-16T13:00:42","date_gmt":"2025-09-16T11:00:42","guid":{"rendered":"https:\/\/ab-marineservice.com\/product\/volvo-penta-temperatursensor-840074\/"},"modified":"2026-03-20T14:31:19","modified_gmt":"2026-03-20T13:31:19","slug":"volvo-penta-temperatursensor-840074","status":"publish","type":"product","link":"https:\/\/ab-marineservice.com\/de\/produkt\/volvo-penta-temperatursensor-840074\/","title":{"rendered":"Volvo Penta Temperatursensor &#8211; 840074"},"content":{"rendered":"<p><strong>Geeignet f\u00fcr:<\/strong><br \/>\nVolvo Penta AD31<br \/>\nVolvo Penta AD41<br \/>\nVolvo Penta AQD2B<br \/>\nVolvo Penta D41B<br \/>\nVolvo Penta KAD32P<br \/>\nVolvo Penta KAD42A<br \/>\nVolvo Penta KAD42B<br \/>\nVolvo Penta KAD42P-A<br \/>\nVolvo Penta KAD43P-A<br \/>\nVolvo Penta KAMD42A<br \/>\nVolvo Penta KAMD42B<br \/>\nVolvo Penta KAMD42P-A<br \/>\nVolvo Penta KAMD43P<br \/>\nVolvo Penta KAMD43P-A<br \/>\nVolvo Penta KAMD43P-B<br \/>\nVolvo Penta MD11C<br \/>\nVolvo Penta MD17C<br \/>\nVolvo Penta MD31A<br \/>\nVolvo Penta MD3B<br \/>\nVolvo Penta MD6A<br \/>\nVolvo Penta MD7A<br \/>\nVolvo Penta TAMD31A<br \/>\nVolvo Penta TAMD31B<br \/>\nVolvo Penta TAMD31D<br \/>\nVolvo Penta TAMD31L-A<br \/>\nVolvo Penta TAMD31M-A<br \/>\nVolvo Penta TAMD31P-A<br \/>\nVolvo Penta TAMD31S<br \/>\nVolvo Penta TAMD41A<br \/>\nVolvo Penta TAMD41B<br \/>\nVolvo Penta TAMD41D<br \/>\nVolvo Penta TAMD41H-A<br \/>\nVolvo Penta TAMD41H-B<br \/>\nVolvo Penta TAMD41P<br \/>\nVolvo Penta TAMD41P-A<br \/>\nVolvo Penta TAMD42B<br \/>\nVolvo Penta TAMD42WJ-A<br \/>\nVolvo Penta TMD31A<br \/>\nVolvo Penta TMD31B<br \/>\nVolvo Penta TMD31D<br \/>\nVolvo Penta TMD31L-A<br \/>\nVolvo Penta TMD41A<br \/>\nVolvo Penta TMD41B<br \/>\nVolvo Penta TMD41D<br \/>\nVolvo Penta TMD41L-A<br \/>\nVolvo Penta MS5B<\/p>\n","protected":false},"excerpt":{"rendered":"<p>Volvo Penta Temperatursensor 840074 misst die K\u00fchlwassertemperatur deines Volvo Penta Motors und \u00fcbertr\u00e4gt diese Information an das Temperaturmessger\u00e4t oder das Alarmsystem im Armaturenbrett. Der Sensor arbeitet innerhalb eines Temperaturbereichs von etwa 40\u2013120\u00b0C, sodass du den Motorzustand gut \u00fcberwachen und \u00dcberhitzung verhindern kannst. Geeignet f\u00fcr viele Volvo Penta Dieselmotoren wie MD-Serie und AQ-Serie.<\/p>\n","protected":false},"featured_media":431158,"comment_status":"open","ping_status":"closed","template":"","meta":[],"location":[28168],"product_brand":[25895],"product_cat":[1222,22116,25254],"product_tag":[],"class_list":{"0":"post-393429","1":"product","2":"type-product","3":"status-publish","4":"has-post-thumbnail","6":"location-middelzee-motoren","7":"product_brand-volvo-penta","8":"product_cat-motorteile","9":"product_cat-teile-nach-marke","10":"product_cat-weitere-volvo-penta-teile","11":"product_shipping_class-paket-0-10-kg","13":"first","14":"instock","15":"sale","16":"taxable","17":"shipping-taxable","18":"purchasable","19":"product-type-simple"},"group_of_quantity":0,"min_quantity":0,"max_quantity":"","exclude_order_quantity_value_rules":"no","exclude_category_quantity_rules":"no","combine_variations":"no","locations":[{"id":28168,"name":"Middelzee motoren","slug":"middelzee-motoren","quantity":""}],"_links":{"self":[{"href":"https:\/\/ab-marineservice.com\/de\/wp-json\/wp\/v2\/product\/393429","targetHints":{"allow":["GET"]}}],"collection":[{"href":"https:\/\/ab-marineservice.com\/de\/wp-json\/wp\/v2\/product"}],"about":[{"href":"https:\/\/ab-marineservice.com\/de\/wp-json\/wp\/v2\/types\/product"}],"replies":[{"embeddable":true,"href":"https:\/\/ab-marineservice.com\/de\/wp-json\/wp\/v2\/comments?post=393429"}],"wp:featuredmedia":[{"embeddable":true,"href":"https:\/\/ab-marineservice.com\/de\/wp-json\/wp\/v2\/media\/431158"}],"wp:attachment":[{"href":"https:\/\/ab-marineservice.com\/de\/wp-json\/wp\/v2\/media?parent=393429"}],"wp:term":[{"taxonomy":"location","embeddable":true,"href":"https:\/\/ab-marineservice.com\/de\/wp-json\/wp\/v2\/location?post=393429"},{"taxonomy":"product_brand","embeddable":true,"href":"https:\/\/ab-marineservice.com\/de\/wp-json\/wp\/v2\/product_brand?post=393429"},{"taxonomy":"product_cat","embeddable":true,"href":"https:\/\/ab-marineservice.com\/de\/wp-json\/wp\/v2\/product_cat?post=393429"},{"taxonomy":"product_tag","embeddable":true,"href":"https:\/\/ab-marineservice.com\/de\/wp-json\/wp\/v2\/product_tag?post=393429"}],"curies":[{"name":"wp","href":"https:\/\/api.w.org\/{rel}","templated":true}]}}