{"id":393431,"date":"2025-09-16T13:01:06","date_gmt":"2025-09-16T11:01:06","guid":{"rendered":"https:\/\/ab-marineservice.com\/product\/volvo-penta-spannrolle-3582324\/"},"modified":"2026-01-19T11:32:29","modified_gmt":"2026-01-19T10:32:29","slug":"volvo-penta-spannrolle-3582324","status":"publish","type":"product","link":"https:\/\/ab-marineservice.com\/de\/produkt\/volvo-penta-spannrolle-3582324\/","title":{"rendered":"Volvo Penta Spannrolle f\u00fcr Wasserpumpe &#8211; 3582324."},"content":{"rendered":"<p><strong>Geeignet f\u00fcr:<\/strong><br \/>\nVolvo Penta KAD300-A<br \/>\nVolvo Penta KAD32P<br \/>\nVolvo Penta KAD43P-A<br \/>\nVolvo Penta KAD43P-B<br \/>\nVolvo Penta KAD44P<br \/>\nVolvo Penta KAD44P-B<br \/>\nVolvo Penta KAD44P-C<br \/>\nVolvo Penta KAMD300-A<br \/>\nVolvo Penta KAMD43P<br \/>\nVolvo Penta KAMD43P-A<br \/>\nVolvo Penta KAMD43P-B<br \/>\nVolvo Penta KAMD44P-A<br \/>\nVolvo Penta KAMD44P-B<br \/>\nVolvo Penta KAMD44P-C<br \/>\nVolvo Penta TAMD42WJ-A<br \/>\nVolvo Penta MS25A<br \/>\nVolvo Penta MS25A-A<br \/>\nVolvo Penta MS25L<\/p>\n","protected":false},"excerpt":{"rendered":"<p>Volvo Penta Spannrolle f\u00fcr Wasserpumpe, OEM 3582324. Originalteil zum richtigen Spannen des Keilriemens und zur Gew\u00e4hrleistung der ordnungsgem\u00e4\u00dfen Funktion der Wasserpumpe.<\/p>\n","protected":false},"featured_media":421157,"comment_status":"open","ping_status":"closed","template":"","meta":[],"location":[],"product_brand":[25895],"product_cat":[1222,22116,25254],"product_tag":[],"class_list":{"0":"post-393431","1":"product","2":"type-product","3":"status-publish","4":"has-post-thumbnail","6":"product_brand-volvo-penta","7":"product_cat-motorteile","8":"product_cat-teile-nach-marke","9":"product_cat-weitere-volvo-penta-teile","10":"product_shipping_class-paket-0-10-kg","12":"first","13":"instock","14":"sale","15":"taxable","16":"shipping-taxable","17":"purchasable","18":"product-type-simple"},"group_of_quantity":0,"min_quantity":0,"max_quantity":"","exclude_order_quantity_value_rules":"no","exclude_category_quantity_rules":"no","combine_variations":"no","locations":[],"_links":{"self":[{"href":"https:\/\/ab-marineservice.com\/de\/wp-json\/wp\/v2\/product\/393431","targetHints":{"allow":["GET"]}}],"collection":[{"href":"https:\/\/ab-marineservice.com\/de\/wp-json\/wp\/v2\/product"}],"about":[{"href":"https:\/\/ab-marineservice.com\/de\/wp-json\/wp\/v2\/types\/product"}],"replies":[{"embeddable":true,"href":"https:\/\/ab-marineservice.com\/de\/wp-json\/wp\/v2\/comments?post=393431"}],"wp:featuredmedia":[{"embeddable":true,"href":"https:\/\/ab-marineservice.com\/de\/wp-json\/wp\/v2\/media\/421157"}],"wp:attachment":[{"href":"https:\/\/ab-marineservice.com\/de\/wp-json\/wp\/v2\/media?parent=393431"}],"wp:term":[{"taxonomy":"location","embeddable":true,"href":"https:\/\/ab-marineservice.com\/de\/wp-json\/wp\/v2\/location?post=393431"},{"taxonomy":"product_brand","embeddable":true,"href":"https:\/\/ab-marineservice.com\/de\/wp-json\/wp\/v2\/product_brand?post=393431"},{"taxonomy":"product_cat","embeddable":true,"href":"https:\/\/ab-marineservice.com\/de\/wp-json\/wp\/v2\/product_cat?post=393431"},{"taxonomy":"product_tag","embeddable":true,"href":"https:\/\/ab-marineservice.com\/de\/wp-json\/wp\/v2\/product_tag?post=393431"}],"curies":[{"name":"wp","href":"https:\/\/api.w.org\/{rel}","templated":true}]}}