{"id":393442,"date":"2025-09-16T13:01:53","date_gmt":"2025-09-16T11:01:53","guid":{"rendered":"https:\/\/ab-marineservice.com\/product\/volvo-penta-thermoueberwachung-862250\/"},"modified":"2026-01-06T17:10:12","modified_gmt":"2026-01-06T16:10:12","slug":"volvo-penta-thermoueberwachung-862250","status":"publish","type":"product","link":"https:\/\/ab-marineservice.com\/de\/produkt\/volvo-penta-thermoueberwachung-862250\/","title":{"rendered":"Volvo Penta Thermo\u00fcberwachung &#8211; 862250"},"content":{"rendered":"<p><strong>Geeignet f\u00fcr:<\/strong><br \/>\nVolvo Penta AD31<br \/>\nVolvo Penta AD41<br \/>\nVolvo Penta D41<br \/>\nVolvo Penta TAMD31<br \/>\nVolvo Penta TAMD41<br \/>\nVolvo Penta TAMD42<br \/>\nVolvo Penta TAMD63<br \/>\nVolvo Penta TAMD73<br \/>\nVolvo Penta TAMD74<br \/>\nVolvo Penta TAMD75<br \/>\nVolvo Penta TAMD121<br \/>\nVolvo Penta TAMD122<br \/>\nVolvo Penta TAMD162<br \/>\nVolvo Penta TAMD163<br \/>\nVolvo Penta TAMD165<br \/>\nVolvo Penta TMD31<br \/>\nVolvo Penta TMD41<br \/>\nVolvo Penta TMD121<br \/>\nVolvo Penta TMD122<br \/>\nVolvo Penta TAD730<br \/>\nVolvo Penta TAD740<br \/>\nVolvo Penta TAD741<br \/>\nVolvo Penta TAD1030<br \/>\nVolvo Penta TAD1031<br \/>\nVolvo Penta TAD1032<br \/>\nVolvo Penta TAD1230<br \/>\nVolvo Penta TAD1231<br \/>\nVolvo Penta TAD1232<br \/>\nVolvo Penta TAD1630<br \/>\nVolvo Penta TAD1631<br \/>\nVolvo Penta TD61<br \/>\nVolvo Penta TD100<br \/>\nVolvo Penta TD1010<br \/>\nVolvo Penta TD1030<br \/>\nVolvo Penta TD120<br \/>\nVolvo Penta TD1210<br \/>\nVolvo Penta TD610<br \/>\nVolvo Penta TD630<br \/>\nVolvo Penta TD640<br \/>\nVolvo Penta TD710<br \/>\nVolvo Penta TD730<br \/>\nVolvo Penta TID61<br \/>\nVolvo Penta TID71<br \/>\nVolvo Penta TID100<br \/>\nVolvo Penta TID121<br \/>\nVolvo Penta TID162<br \/>\nVolvo Penta TWD1010<br \/>\nVolvo Penta TWD1030<br \/>\nVolvo Penta TWD1210<br \/>\nVolvo Penta TWD1211<br \/>\nVolvo Penta TWD1230<br \/>\nVolvo Penta TWD1231<br \/>\nVolvo Penta TWD1620<br \/>\nVolvo Penta TWD1630<br \/>\nVolvo Penta TWD610<br \/>\nVolvo Penta TWD630<br \/>\nVolvo Penta TWD710<br \/>\nVolvo Penta TWD730<br \/>\nVolvo Penta TWD740<\/p>\n","protected":false},"excerpt":{"rendered":"<p>Volvo Penta Thermoschalter. Originalteil mit der OEM-Nummer 862250 f\u00fcr eine zuverl\u00e4ssige Temperatur\u00fcberwachung des Motors.<\/p>\n","protected":false},"featured_media":419056,"comment_status":"open","ping_status":"closed","template":"","meta":[],"location":[],"product_brand":[25895],"product_cat":[1222,22116,25254],"product_tag":[],"class_list":{"0":"post-393442","1":"product","2":"type-product","3":"status-publish","4":"has-post-thumbnail","6":"product_brand-volvo-penta","7":"product_cat-motorteile","8":"product_cat-teile-nach-marke","9":"product_cat-weitere-volvo-penta-teile","10":"product_shipping_class-paket-0-10-kg","12":"first","13":"instock","14":"sale","15":"taxable","16":"shipping-taxable","17":"purchasable","18":"product-type-simple"},"group_of_quantity":0,"min_quantity":0,"max_quantity":"","exclude_order_quantity_value_rules":"no","exclude_category_quantity_rules":"no","combine_variations":"no","locations":[],"_links":{"self":[{"href":"https:\/\/ab-marineservice.com\/de\/wp-json\/wp\/v2\/product\/393442","targetHints":{"allow":["GET"]}}],"collection":[{"href":"https:\/\/ab-marineservice.com\/de\/wp-json\/wp\/v2\/product"}],"about":[{"href":"https:\/\/ab-marineservice.com\/de\/wp-json\/wp\/v2\/types\/product"}],"replies":[{"embeddable":true,"href":"https:\/\/ab-marineservice.com\/de\/wp-json\/wp\/v2\/comments?post=393442"}],"wp:featuredmedia":[{"embeddable":true,"href":"https:\/\/ab-marineservice.com\/de\/wp-json\/wp\/v2\/media\/419056"}],"wp:attachment":[{"href":"https:\/\/ab-marineservice.com\/de\/wp-json\/wp\/v2\/media?parent=393442"}],"wp:term":[{"taxonomy":"location","embeddable":true,"href":"https:\/\/ab-marineservice.com\/de\/wp-json\/wp\/v2\/location?post=393442"},{"taxonomy":"product_brand","embeddable":true,"href":"https:\/\/ab-marineservice.com\/de\/wp-json\/wp\/v2\/product_brand?post=393442"},{"taxonomy":"product_cat","embeddable":true,"href":"https:\/\/ab-marineservice.com\/de\/wp-json\/wp\/v2\/product_cat?post=393442"},{"taxonomy":"product_tag","embeddable":true,"href":"https:\/\/ab-marineservice.com\/de\/wp-json\/wp\/v2\/product_tag?post=393442"}],"curies":[{"name":"wp","href":"https:\/\/api.w.org\/{rel}","templated":true}]}}