{"id":393446,"date":"2025-09-16T13:02:16","date_gmt":"2025-09-16T11:02:16","guid":{"rendered":"https:\/\/ab-marineservice.com\/product\/volvo-penta-thermostat-888624\/"},"modified":"2026-05-02T11:40:37","modified_gmt":"2026-05-02T09:40:37","slug":"volvo-penta-d2-thermostat-888624","status":"publish","type":"product","link":"https:\/\/ab-marineservice.com\/de\/produkt\/volvo-penta-d2-thermostat-888624\/","title":{"rendered":"Volvo Penta D1, D2 Thermostat &#8211; 888624"},"content":{"rendered":"<p><strong>Geeignet f\u00fcr:<\/strong><\/p>\n<p>Volvo Penta D1-20<br \/>\nVolvo Penta D1-20B<br \/>\nVolvo Penta D1-20F<br \/>\nVolvo Penta D2-50F<br \/>\nVolvo Penta D2-55C<br \/>\nVolvo Penta D2-55D<br \/>\nVolvo Penta D2-55E<br \/>\nVolvo Penta D2-55F<br \/>\nVolvo Penta D2-60F<br \/>\nVolvo Penta D2-75<br \/>\nVolvo Penta D2-75B<br \/>\nVolvo Penta D2-75C<br \/>\nVolvo Penta D2-75F<\/p>\n","protected":false},"excerpt":{"rendered":"<p>Volvo Penta D1, D2 Thermostat 888624 ist ein Thermostat-Kit, das speziell f\u00fcr verschiedene Dieselmotoren der D1- und D2-Serie entwickelt wurde. Dieses Thermostat regelt die K\u00fchlwassertemperatur, sodass der Motor schnell auf Betriebstemperatur kommt und bleibt, was zu einer besseren Kraftstoffeffizienz f\u00fchrt und \u00dcberhitzung verhindert. Ein korrekt funktionierendes Thermostat tr\u00e4gt zu zuverl\u00e4ssigen Motorleistungen und einer l\u00e4ngeren Lebensdauer des K\u00fchlsystems bei.<\/p>\n<h4>Wichtigste Merkmale und Vorteile:<\/h4>\n<p><strong>Geregelte K\u00fchlwasserzirkulation:<\/strong> H\u00e4lt den Motor auf optimaler Temperatur.<br \/>\n<strong>Verbessert die Kraftstoffeffizienz:<\/strong> Schnelles Aufheizen bedeutet weniger unn\u00f6tigen Verbrauch.<br \/>\n<strong>Verhindert \u00dcberhitzung:<\/strong> Sorgt daf\u00fcr, dass K\u00fchlwasser nur flie\u00dft, wenn der Motor warm genug ist.<br \/>\n<strong>Original Volvo Penta Teil:<\/strong> OEM-Qualit\u00e4t f\u00fcr zuverl\u00e4ssigen Betrieb.<\/p>\n","protected":false},"featured_media":396379,"comment_status":"open","ping_status":"closed","template":"","meta":[],"location":[],"product_brand":[25895],"product_cat":[1222,22116,25254],"product_tag":[],"class_list":{"0":"post-393446","1":"product","2":"type-product","3":"status-publish","4":"has-post-thumbnail","6":"product_brand-volvo-penta","7":"product_cat-motorteile","8":"product_cat-teile-nach-marke","9":"product_cat-weitere-volvo-penta-teile","10":"product_shipping_class-paket-0-10-kg","12":"first","13":"instock","14":"sale","15":"taxable","16":"shipping-taxable","17":"purchasable","18":"product-type-simple"},"group_of_quantity":0,"min_quantity":0,"max_quantity":"","exclude_order_quantity_value_rules":"no","exclude_category_quantity_rules":"no","combine_variations":"no","locations":[{"id":28168,"name":"Middelzee motoren","slug":"middelzee-motoren","quantity":""}],"_links":{"self":[{"href":"https:\/\/ab-marineservice.com\/de\/wp-json\/wp\/v2\/product\/393446","targetHints":{"allow":["GET"]}}],"collection":[{"href":"https:\/\/ab-marineservice.com\/de\/wp-json\/wp\/v2\/product"}],"about":[{"href":"https:\/\/ab-marineservice.com\/de\/wp-json\/wp\/v2\/types\/product"}],"replies":[{"embeddable":true,"href":"https:\/\/ab-marineservice.com\/de\/wp-json\/wp\/v2\/comments?post=393446"}],"wp:featuredmedia":[{"embeddable":true,"href":"https:\/\/ab-marineservice.com\/de\/wp-json\/wp\/v2\/media\/396379"}],"wp:attachment":[{"href":"https:\/\/ab-marineservice.com\/de\/wp-json\/wp\/v2\/media?parent=393446"}],"wp:term":[{"taxonomy":"location","embeddable":true,"href":"https:\/\/ab-marineservice.com\/de\/wp-json\/wp\/v2\/location?post=393446"},{"taxonomy":"product_brand","embeddable":true,"href":"https:\/\/ab-marineservice.com\/de\/wp-json\/wp\/v2\/product_brand?post=393446"},{"taxonomy":"product_cat","embeddable":true,"href":"https:\/\/ab-marineservice.com\/de\/wp-json\/wp\/v2\/product_cat?post=393446"},{"taxonomy":"product_tag","embeddable":true,"href":"https:\/\/ab-marineservice.com\/de\/wp-json\/wp\/v2\/product_tag?post=393446"}],"curies":[{"name":"wp","href":"https:\/\/api.w.org\/{rel}","templated":true}]}}