{"id":393453,"date":"2025-09-16T13:02:40","date_gmt":"2025-09-16T11:02:40","guid":{"rendered":"https:\/\/ab-marineservice.com\/product\/volvo-penta-axialscheibensatz-270471\/"},"modified":"2026-05-06T17:45:49","modified_gmt":"2026-05-06T15:45:49","slug":"volvo-penta-axialscheibensatz-270471","status":"publish","type":"product","link":"https:\/\/ab-marineservice.com\/de\/produkt\/volvo-penta-axialscheibensatz-270471\/","title":{"rendered":"Volvo Penta Kurbelwellen-Druckring-Kit &#8211; 270471"},"content":{"rendered":"<p><strong>Geeignet f\u00fcr:<\/strong><br \/>\nVolvo Penta AQ125B<br \/>\nVolvo Penta AQ131A<br \/>\nVolvo Penta AQ131B<br \/>\nVolvo Penta AQ145B<br \/>\nVolvo Penta AQ151A<br \/>\nVolvo Penta AQ151B<br \/>\nVolvo Penta AQ171A<\/p>\n","protected":false},"excerpt":{"rendered":"<p>Volvo Penta Kurbelwellen-Druckring-Kit 270471, entwickelt, um eine zuverl\u00e4ssige Abdichtung rund um die Kurbelwelle zu bieten und den Verschlei\u00df zu verringern. Dieses Set ersetzt abgenutzte Druckringe und tr\u00e4gt dazu bei, die optimalen Motorleistungen zu erhalten.<\/p>\n","protected":false},"featured_media":431147,"comment_status":"open","ping_status":"closed","template":"","meta":[],"location":[28168],"product_brand":[25895],"product_cat":[1222,22116,25254],"product_tag":[],"class_list":{"0":"post-393453","1":"product","2":"type-product","3":"status-publish","4":"has-post-thumbnail","6":"location-middelzee-motoren","7":"product_brand-volvo-penta","8":"product_cat-motorteile","9":"product_cat-teile-nach-marke","10":"product_cat-weitere-volvo-penta-teile","11":"product_shipping_class-paket-0-10-kg","13":"first","14":"instock","15":"sale","16":"taxable","17":"shipping-taxable","18":"purchasable","19":"product-type-simple"},"group_of_quantity":0,"min_quantity":0,"max_quantity":"","exclude_order_quantity_value_rules":"no","exclude_category_quantity_rules":"no","combine_variations":"no","locations":[{"id":28168,"name":"Middelzee motoren","slug":"middelzee-motoren","quantity":""}],"_links":{"self":[{"href":"https:\/\/ab-marineservice.com\/de\/wp-json\/wp\/v2\/product\/393453","targetHints":{"allow":["GET"]}}],"collection":[{"href":"https:\/\/ab-marineservice.com\/de\/wp-json\/wp\/v2\/product"}],"about":[{"href":"https:\/\/ab-marineservice.com\/de\/wp-json\/wp\/v2\/types\/product"}],"replies":[{"embeddable":true,"href":"https:\/\/ab-marineservice.com\/de\/wp-json\/wp\/v2\/comments?post=393453"}],"wp:featuredmedia":[{"embeddable":true,"href":"https:\/\/ab-marineservice.com\/de\/wp-json\/wp\/v2\/media\/431147"}],"wp:attachment":[{"href":"https:\/\/ab-marineservice.com\/de\/wp-json\/wp\/v2\/media?parent=393453"}],"wp:term":[{"taxonomy":"location","embeddable":true,"href":"https:\/\/ab-marineservice.com\/de\/wp-json\/wp\/v2\/location?post=393453"},{"taxonomy":"product_brand","embeddable":true,"href":"https:\/\/ab-marineservice.com\/de\/wp-json\/wp\/v2\/product_brand?post=393453"},{"taxonomy":"product_cat","embeddable":true,"href":"https:\/\/ab-marineservice.com\/de\/wp-json\/wp\/v2\/product_cat?post=393453"},{"taxonomy":"product_tag","embeddable":true,"href":"https:\/\/ab-marineservice.com\/de\/wp-json\/wp\/v2\/product_tag?post=393453"}],"curies":[{"name":"wp","href":"https:\/\/api.w.org\/{rel}","templated":true}]}}