{"id":393477,"date":"2025-09-16T13:04:59","date_gmt":"2025-09-16T11:04:59","guid":{"rendered":"https:\/\/ab-marineservice.com\/product\/volvo-penta-trimmer-872498\/"},"modified":"2026-04-29T19:28:03","modified_gmt":"2026-04-29T17:28:03","slug":"volvo-penta-trimmer-872498","status":"publish","type":"product","link":"https:\/\/ab-marineservice.com\/de\/produkt\/volvo-penta-trimmer-872498\/","title":{"rendered":"Volvo Penta digitales Power Trim Instrumentenset &#8211; 872498"},"content":{"rendered":"<p><strong>Produktinfo:<\/strong><br \/>\nEin komplettes Sortiment an Instrumenten, das nach den h\u00f6chsten maritimen Standards mit einer Antikondensmembran und vollst\u00e4ndiger Hintergrundbeleuchtung gebaut wurde. Mit EVC sind Pr\u00e4zision und Zuverl\u00e4ssigkeit au\u00dfergew\u00f6hnlich \u2013 und die Installation ist dank serieller Verbindungen einfach. Instrumente hinzuzuf\u00fcgen ist dank Plug-and-Play seriellen Verbindungen einfach.<\/p>\n<p>W\u00e4hlen Sie einen chrom- oder schwarzen Frontring (separat bestellbar).<\/p>\n<p><strong>Geeignet f\u00fcr:<\/strong><br \/>\nVolvo Penta AD31<br \/>\nVolvo Penta AD41<br \/>\nVolvo Penta D41<br \/>\nVolvo Penta KAD42<br \/>\nVolvo Penta KAMD42<br \/>\nVolvo Penta MD31<br \/>\nVolvo Penta TAMD31<br \/>\nVolvo Penta TMD31<br \/>\nVolvo Penta 230<br \/>\nVolvo Penta 250<br \/>\nVolvo Penta 430<br \/>\nVolvo Penta 500<br \/>\nVolvo Penta 570<br \/>\nVolvo Penta 740<br \/>\nVolvo Penta B230<br \/>\nVolvo Penta BB740<br \/>\nVolvo Penta DP<br \/>\nVolvo Penta MS<br \/>\nVolvo Penta SP<br \/>\nVolvo Penta TSK DP<\/p>\n","protected":false},"excerpt":{"rendered":"<p>Volvo Penta digitales Power Trim Instrumentenset. Originalteil mit der Artikelnummer 872498, bietet genaue und zuverl\u00e4ssige Messungen des Trimniveaus f\u00fcr optimale Motorleistung.<\/p>\n","protected":false},"featured_media":424590,"comment_status":"open","ping_status":"closed","template":"","meta":[],"location":[],"product_brand":[25895],"product_cat":[1222,22116,25254],"product_tag":[],"class_list":{"0":"post-393477","1":"product","2":"type-product","3":"status-publish","4":"has-post-thumbnail","6":"product_brand-volvo-penta","7":"product_cat-motorteile","8":"product_cat-teile-nach-marke","9":"product_cat-weitere-volvo-penta-teile","10":"product_shipping_class-paket-0-10-kg","12":"first","13":"instock","14":"sale","15":"taxable","16":"shipping-taxable","17":"purchasable","18":"product-type-simple"},"group_of_quantity":0,"min_quantity":0,"max_quantity":"","exclude_order_quantity_value_rules":"no","exclude_category_quantity_rules":"no","combine_variations":"no","locations":[],"_links":{"self":[{"href":"https:\/\/ab-marineservice.com\/de\/wp-json\/wp\/v2\/product\/393477","targetHints":{"allow":["GET"]}}],"collection":[{"href":"https:\/\/ab-marineservice.com\/de\/wp-json\/wp\/v2\/product"}],"about":[{"href":"https:\/\/ab-marineservice.com\/de\/wp-json\/wp\/v2\/types\/product"}],"replies":[{"embeddable":true,"href":"https:\/\/ab-marineservice.com\/de\/wp-json\/wp\/v2\/comments?post=393477"}],"wp:featuredmedia":[{"embeddable":true,"href":"https:\/\/ab-marineservice.com\/de\/wp-json\/wp\/v2\/media\/424590"}],"wp:attachment":[{"href":"https:\/\/ab-marineservice.com\/de\/wp-json\/wp\/v2\/media?parent=393477"}],"wp:term":[{"taxonomy":"location","embeddable":true,"href":"https:\/\/ab-marineservice.com\/de\/wp-json\/wp\/v2\/location?post=393477"},{"taxonomy":"product_brand","embeddable":true,"href":"https:\/\/ab-marineservice.com\/de\/wp-json\/wp\/v2\/product_brand?post=393477"},{"taxonomy":"product_cat","embeddable":true,"href":"https:\/\/ab-marineservice.com\/de\/wp-json\/wp\/v2\/product_cat?post=393477"},{"taxonomy":"product_tag","embeddable":true,"href":"https:\/\/ab-marineservice.com\/de\/wp-json\/wp\/v2\/product_tag?post=393477"}],"curies":[{"name":"wp","href":"https:\/\/api.w.org\/{rel}","templated":true}]}}