{"id":393933,"date":"2025-09-16T13:05:40","date_gmt":"2025-09-16T11:05:40","guid":{"rendered":"https:\/\/ab-marineservice.com\/product\/volvo-penta-rohr-844603\/"},"modified":"2026-01-29T14:47:45","modified_gmt":"2026-01-29T13:47:45","slug":"volvo-penta-rohr-844603","status":"publish","type":"product","link":"https:\/\/ab-marineservice.com\/de\/produkt\/volvo-penta-rohr-844603\/","title":{"rendered":"Volvo Penta Rohr f\u00fcr \u00d6lpeilstab &#8211; 844603"},"content":{"rendered":"<p><strong>Geeignet f\u00fcr:<\/strong><br \/>\nVolvo Penta AD41D<br \/>\nVolvo Penta AD41L-A<br \/>\nVolvo Penta AD41P-A<br \/>\nVolvo Penta D41D<br \/>\nVolvo Penta D41L-A<br \/>\nVolvo Penta TAMD41A<br \/>\nVolvo Penta TAMD41B<br \/>\nVolvo Penta TAMD41D<br \/>\nVolvo Penta TAMD41H-A<br \/>\nVolvo Penta TAMD41H-B<br \/>\nVolvo Penta TAMD41P<br \/>\nVolvo Penta TAMD41P-A<br \/>\nVolvo Penta TMD41L-A<br \/>\nVolvo Penta TD40A<\/p>\n","protected":false},"excerpt":{"rendered":"<p>Volvo Penta Rohr f\u00fcr \u00d6lpeilstab, OEM 844603. Originalteil zur Messung des \u00d6lstands und zur Sicherstellung der Motorleistung.<\/p>\n","protected":false},"featured_media":423134,"comment_status":"open","ping_status":"closed","template":"","meta":[],"location":[28168],"product_brand":[25895],"product_cat":[1222,22116,25254],"product_tag":[],"class_list":{"0":"post-393933","1":"product","2":"type-product","3":"status-publish","4":"has-post-thumbnail","6":"location-middelzee-motoren","7":"product_brand-volvo-penta","8":"product_cat-motorteile","9":"product_cat-teile-nach-marke","10":"product_cat-weitere-volvo-penta-teile","11":"product_shipping_class-paket-0-10-kg","13":"first","14":"instock","15":"sale","16":"taxable","17":"shipping-taxable","18":"purchasable","19":"product-type-simple"},"group_of_quantity":0,"min_quantity":0,"max_quantity":"","exclude_order_quantity_value_rules":"no","exclude_category_quantity_rules":"no","combine_variations":"no","locations":[{"id":28168,"name":"Middelzee motoren","slug":"middelzee-motoren","quantity":""}],"_links":{"self":[{"href":"https:\/\/ab-marineservice.com\/de\/wp-json\/wp\/v2\/product\/393933","targetHints":{"allow":["GET"]}}],"collection":[{"href":"https:\/\/ab-marineservice.com\/de\/wp-json\/wp\/v2\/product"}],"about":[{"href":"https:\/\/ab-marineservice.com\/de\/wp-json\/wp\/v2\/types\/product"}],"replies":[{"embeddable":true,"href":"https:\/\/ab-marineservice.com\/de\/wp-json\/wp\/v2\/comments?post=393933"}],"wp:featuredmedia":[{"embeddable":true,"href":"https:\/\/ab-marineservice.com\/de\/wp-json\/wp\/v2\/media\/423134"}],"wp:attachment":[{"href":"https:\/\/ab-marineservice.com\/de\/wp-json\/wp\/v2\/media?parent=393933"}],"wp:term":[{"taxonomy":"location","embeddable":true,"href":"https:\/\/ab-marineservice.com\/de\/wp-json\/wp\/v2\/location?post=393933"},{"taxonomy":"product_brand","embeddable":true,"href":"https:\/\/ab-marineservice.com\/de\/wp-json\/wp\/v2\/product_brand?post=393933"},{"taxonomy":"product_cat","embeddable":true,"href":"https:\/\/ab-marineservice.com\/de\/wp-json\/wp\/v2\/product_cat?post=393933"},{"taxonomy":"product_tag","embeddable":true,"href":"https:\/\/ab-marineservice.com\/de\/wp-json\/wp\/v2\/product_tag?post=393933"}],"curies":[{"name":"wp","href":"https:\/\/api.w.org\/{rel}","templated":true}]}}