{"id":393935,"date":"2025-09-16T13:06:04","date_gmt":"2025-09-16T11:06:04","guid":{"rendered":"https:\/\/ab-marineservice.com\/product\/volvo-penta-rohr-852832\/"},"modified":"2026-04-29T19:27:47","modified_gmt":"2026-04-29T17:27:47","slug":"volvo-penta-rohr-852832","status":"publish","type":"product","link":"https:\/\/ab-marineservice.com\/de\/produkt\/volvo-penta-rohr-852832\/","title":{"rendered":"Volvo Penta Rohr f\u00fcr Trimmd\u00e4mpfer &#8211; 852832"},"content":{"rendered":"<p><strong>Geeignet f\u00fcr:<\/strong><br \/>\nVolvo Penta AD30<br \/>\nVolvo Penta AD31<br \/>\nVolvo Penta AD40<br \/>\nVolvo Penta AD41<br \/>\nVolvo Penta AQAD30<br \/>\nVolvo Penta AQAD40<br \/>\nVolvo Penta D41<br \/>\nVolvo Penta TAMD41<br \/>\nVolvo Penta TMD41<br \/>\nVolvo Penta 230<br \/>\nVolvo Penta 250<br \/>\nVolvo Penta 251<br \/>\nVolvo Penta 430<br \/>\nVolvo Penta 500<br \/>\nVolvo Penta 570<br \/>\nVolvo Penta AQ131<br \/>\nVolvo Penta AQ145<br \/>\nVolvo Penta AQ151<br \/>\nVolvo Penta AQ171<br \/>\nVolvo Penta AQ175<br \/>\nVolvo Penta AQ200<br \/>\nVolvo Penta AQ205<br \/>\nVolvo Penta AQ211<br \/>\nVolvo Penta AQ225<br \/>\nVolvo Penta AQ231<br \/>\nVolvo Penta AQ260<br \/>\nVolvo Penta AQ271<br \/>\nVolvo Penta AQ290<br \/>\nVolvo Penta AQ311<br \/>\nVolvo Penta B230<br \/>\nVolvo Penta BB740<br \/>\nVolvo Penta DP<br \/>\nVolvo Penta SP<\/p>\n","protected":false},"excerpt":{"rendered":"<p>Volvo Penta Rohr f\u00fcr Trimmd\u00e4mpfer, OEM 852832. Essenziell f\u00fcr das Trimmsystem, sorgt f\u00fcr zuverl\u00e4ssigen Betrieb und optimale Motorleistung.<\/p>\n","protected":false},"featured_media":425881,"comment_status":"open","ping_status":"closed","template":"","meta":[],"location":[],"product_brand":[25895],"product_cat":[1222,22116,25254],"product_tag":[],"class_list":{"0":"post-393935","1":"product","2":"type-product","3":"status-publish","4":"has-post-thumbnail","6":"product_brand-volvo-penta","7":"product_cat-motorteile","8":"product_cat-teile-nach-marke","9":"product_cat-weitere-volvo-penta-teile","10":"product_shipping_class-paket-0-10-kg","12":"first","13":"instock","14":"sale","15":"taxable","16":"shipping-taxable","17":"purchasable","18":"product-type-simple"},"group_of_quantity":0,"min_quantity":0,"max_quantity":"","exclude_order_quantity_value_rules":"no","exclude_category_quantity_rules":"no","combine_variations":"no","locations":[],"_links":{"self":[{"href":"https:\/\/ab-marineservice.com\/de\/wp-json\/wp\/v2\/product\/393935","targetHints":{"allow":["GET"]}}],"collection":[{"href":"https:\/\/ab-marineservice.com\/de\/wp-json\/wp\/v2\/product"}],"about":[{"href":"https:\/\/ab-marineservice.com\/de\/wp-json\/wp\/v2\/types\/product"}],"replies":[{"embeddable":true,"href":"https:\/\/ab-marineservice.com\/de\/wp-json\/wp\/v2\/comments?post=393935"}],"wp:featuredmedia":[{"embeddable":true,"href":"https:\/\/ab-marineservice.com\/de\/wp-json\/wp\/v2\/media\/425881"}],"wp:attachment":[{"href":"https:\/\/ab-marineservice.com\/de\/wp-json\/wp\/v2\/media?parent=393935"}],"wp:term":[{"taxonomy":"location","embeddable":true,"href":"https:\/\/ab-marineservice.com\/de\/wp-json\/wp\/v2\/location?post=393935"},{"taxonomy":"product_brand","embeddable":true,"href":"https:\/\/ab-marineservice.com\/de\/wp-json\/wp\/v2\/product_brand?post=393935"},{"taxonomy":"product_cat","embeddable":true,"href":"https:\/\/ab-marineservice.com\/de\/wp-json\/wp\/v2\/product_cat?post=393935"},{"taxonomy":"product_tag","embeddable":true,"href":"https:\/\/ab-marineservice.com\/de\/wp-json\/wp\/v2\/product_tag?post=393935"}],"curies":[{"name":"wp","href":"https:\/\/api.w.org\/{rel}","templated":true}]}}