{"id":393940,"date":"2025-09-16T13:06:27","date_gmt":"2025-09-16T11:06:27","guid":{"rendered":"https:\/\/ab-marineservice.com\/product\/volvo-penta-ventil-21499476\/"},"modified":"2026-03-27T08:25:38","modified_gmt":"2026-03-27T07:25:38","slug":"volvo-penta-ventil-21499476","status":"publish","type":"product","link":"https:\/\/ab-marineservice.com\/de\/produkt\/volvo-penta-ventil-21499476\/","title":{"rendered":"Volvo Penta D11 Ventil f\u00fcr IPS-Systeme &#8211; 21499476"},"content":{"rendered":"<p><strong>Geeignet f\u00fcr:<\/strong><br \/>\nVolvo Penta D11<\/p>\n","protected":false},"excerpt":{"rendered":"<p>Volvo Penta Ventil 21499476 ist ein originales, hochwertiges Ventil\/Entw\u00e4sserungsstopfen f\u00fcr Volvo Penta Systeme, speziell f\u00fcr IPS-Antriebe wie IPS15, IPS2 und IPS3. Es l\u00f6st Probleme mit verstopften oder nicht richtig ablaufenden Systemen, indem es eine zuverl\u00e4ssige und langlebige L\u00f6sung f\u00fcr die Wartung des Clear Wake Exhaust Systems (CWES) und der Antriebsstrang bietet.<\/p>\n<h4>Wichtige Merkmale und Vorteile:<\/h4>\n<p><strong>Original Volvo Penta Qualit\u00e4t:<\/strong> Langlebiges und zuverl\u00e4ssiges Ventil f\u00fcr eine lange Lebensdauer.<br \/>\n<strong>Speziell f\u00fcr IPS-Systeme:<\/strong> Entwickelt f\u00fcr IPS15, IPS2 und IPS3 Antriebe.<br \/>\n<strong>Wartungsl\u00f6sung:<\/strong> Erleichtert die CWES-Wartung und die Zuverl\u00e4ssigkeit des Antriebsstrangs.<\/p>\n","protected":false},"featured_media":0,"comment_status":"open","ping_status":"closed","template":"","meta":[],"location":[],"product_brand":[25895],"product_cat":[1222,22116,25254],"product_tag":[],"class_list":{"0":"post-393940","1":"product","2":"type-product","3":"status-publish","5":"product_brand-volvo-penta","6":"product_cat-motorteile","7":"product_cat-teile-nach-marke","8":"product_cat-weitere-volvo-penta-teile","9":"product_shipping_class-paket-0-10-kg","11":"first","12":"instock","13":"sale","14":"taxable","15":"shipping-taxable","16":"purchasable","17":"product-type-simple"},"group_of_quantity":0,"min_quantity":0,"max_quantity":"","exclude_order_quantity_value_rules":"no","exclude_category_quantity_rules":"no","combine_variations":"no","locations":[],"_links":{"self":[{"href":"https:\/\/ab-marineservice.com\/de\/wp-json\/wp\/v2\/product\/393940","targetHints":{"allow":["GET"]}}],"collection":[{"href":"https:\/\/ab-marineservice.com\/de\/wp-json\/wp\/v2\/product"}],"about":[{"href":"https:\/\/ab-marineservice.com\/de\/wp-json\/wp\/v2\/types\/product"}],"replies":[{"embeddable":true,"href":"https:\/\/ab-marineservice.com\/de\/wp-json\/wp\/v2\/comments?post=393940"}],"wp:attachment":[{"href":"https:\/\/ab-marineservice.com\/de\/wp-json\/wp\/v2\/media?parent=393940"}],"wp:term":[{"taxonomy":"location","embeddable":true,"href":"https:\/\/ab-marineservice.com\/de\/wp-json\/wp\/v2\/location?post=393940"},{"taxonomy":"product_brand","embeddable":true,"href":"https:\/\/ab-marineservice.com\/de\/wp-json\/wp\/v2\/product_brand?post=393940"},{"taxonomy":"product_cat","embeddable":true,"href":"https:\/\/ab-marineservice.com\/de\/wp-json\/wp\/v2\/product_cat?post=393940"},{"taxonomy":"product_tag","embeddable":true,"href":"https:\/\/ab-marineservice.com\/de\/wp-json\/wp\/v2\/product_tag?post=393940"}],"curies":[{"name":"wp","href":"https:\/\/api.w.org\/{rel}","templated":true}]}}