{"id":393997,"date":"2025-09-16T13:11:02","date_gmt":"2025-09-16T11:11:02","guid":{"rendered":"https:\/\/ab-marineservice.com\/product\/volvo-penta-scheibe-1542158\/"},"modified":"2025-12-26T15:04:03","modified_gmt":"2025-12-26T14:04:03","slug":"volvo-penta-scheibe-1542158","status":"publish","type":"product","link":"https:\/\/ab-marineservice.com\/de\/produkt\/volvo-penta-scheibe-1542158\/","title":{"rendered":"Volvo Penta Scheibe &#8211; 1542158"},"content":{"rendered":"<p><strong>Geeignet f\u00fcr:<\/strong><\/p>\n<p>Volvo Penta AD30<br \/>\nVolvo Penta AD40<br \/>\nVolvo Penta AQAD30<br \/>\nVolvo Penta AQAD40<br \/>\nVolvo Penta AQD40<br \/>\nVolvo Penta MD30<br \/>\nVolvo Penta MD40<br \/>\nVolvo Penta TAMD30<br \/>\nVolvo Penta TAMD40<br \/>\nVolvo Penta TMD30<br \/>\nVolvo Penta TMD40<\/p>\n","protected":false},"excerpt":{"rendered":"<p>Volvo Penta Ring f\u00fcr Injektoren. Originalteil mit der Artikelnummer 1542158, sorgt f\u00fcr eine zuverl\u00e4ssige Abdichtung und verhindert Leckagen an den Einspritzd\u00fcsen.<\/p>\n","protected":false},"featured_media":398531,"comment_status":"open","ping_status":"closed","template":"","meta":[],"location":[28168],"product_brand":[25895],"product_cat":[1222,22116,25254],"product_tag":[],"class_list":{"0":"post-393997","1":"product","2":"type-product","3":"status-publish","4":"has-post-thumbnail","6":"location-middelzee-motoren","7":"product_brand-volvo-penta","8":"product_cat-motorteile","9":"product_cat-teile-nach-marke","10":"product_cat-weitere-volvo-penta-teile","11":"product_shipping_class-paket-0-10-kg","13":"first","14":"instock","15":"sale","16":"taxable","17":"shipping-taxable","18":"purchasable","19":"product-type-simple"},"group_of_quantity":0,"min_quantity":0,"max_quantity":"","exclude_order_quantity_value_rules":"no","exclude_category_quantity_rules":"no","combine_variations":"no","locations":[{"id":28168,"name":"Middelzee motoren","slug":"middelzee-motoren","quantity":""}],"_links":{"self":[{"href":"https:\/\/ab-marineservice.com\/de\/wp-json\/wp\/v2\/product\/393997","targetHints":{"allow":["GET"]}}],"collection":[{"href":"https:\/\/ab-marineservice.com\/de\/wp-json\/wp\/v2\/product"}],"about":[{"href":"https:\/\/ab-marineservice.com\/de\/wp-json\/wp\/v2\/types\/product"}],"replies":[{"embeddable":true,"href":"https:\/\/ab-marineservice.com\/de\/wp-json\/wp\/v2\/comments?post=393997"}],"wp:featuredmedia":[{"embeddable":true,"href":"https:\/\/ab-marineservice.com\/de\/wp-json\/wp\/v2\/media\/398531"}],"wp:attachment":[{"href":"https:\/\/ab-marineservice.com\/de\/wp-json\/wp\/v2\/media?parent=393997"}],"wp:term":[{"taxonomy":"location","embeddable":true,"href":"https:\/\/ab-marineservice.com\/de\/wp-json\/wp\/v2\/location?post=393997"},{"taxonomy":"product_brand","embeddable":true,"href":"https:\/\/ab-marineservice.com\/de\/wp-json\/wp\/v2\/product_brand?post=393997"},{"taxonomy":"product_cat","embeddable":true,"href":"https:\/\/ab-marineservice.com\/de\/wp-json\/wp\/v2\/product_cat?post=393997"},{"taxonomy":"product_tag","embeddable":true,"href":"https:\/\/ab-marineservice.com\/de\/wp-json\/wp\/v2\/product_tag?post=393997"}],"curies":[{"name":"wp","href":"https:\/\/api.w.org\/{rel}","templated":true}]}}